{"id":9779,"date":"2020-01-15T10:37:56","date_gmt":"2020-01-15T09:37:56","guid":{"rendered":"https:\/\/www.neel-trimarans.com\/actualites-et-revue-de-presse\/news\/"},"modified":"2023-10-27T10:59:49","modified_gmt":"2023-10-27T09:59:49","slug":"actualites","status":"publish","type":"page","link":"https:\/\/www.neel-trimarans.com\/fr\/actualites-et-revue-de-presse\/actualites\/","title":{"rendered":"Actualit\u00e9s"},"content":{"rendered":"\t\t<div data-elementor-type=\"wp-page\" data-elementor-id=\"9779\" class=\"elementor elementor-9779\" data-elementor-post-type=\"page\">\n\t\t\t\t\t\t<section class=\"elementor-section elementor-top-section elementor-element elementor-element-3453455f section_breadcrum_neel elementor-section-boxed elementor-section-height-default elementor-section-height-default\" data-id=\"3453455f\" data-element_type=\"section\" data-e-type=\"section\">\n\t\t\t\t\t\t<div class=\"elementor-container elementor-column-gap-default\">\n\t\t\t\t\t<div class=\"elementor-column elementor-col-100 elementor-top-column elementor-element elementor-element-68419bdf\" data-id=\"68419bdf\" data-element_type=\"column\" data-e-type=\"column\">\n\t\t\t<div class=\"elementor-widget-wrap elementor-element-populated\">\n\t\t\t\t\t\t<div class=\"elementor-element elementor-element-67a6be05 breadcrum_neel elementor-widget elementor-widget-wp-widget-bcn_widget\" data-id=\"67a6be05\" data-element_type=\"widget\" data-e-type=\"widget\" data-widget_type=\"wp-widget-bcn_widget.default\">\n\t\t\t\t<div class=\"elementor-widget-container\">\n\t\t\t\t\t<div class=\"breadcrumbs\" vocab=\"https:\/\/schema.org\/\" typeof=\"BreadcrumbList\"><span property=\"itemListElement\" typeof=\"ListItem\"><a property=\"item\" typeof=\"WebPage\" title=\"Aller \u00e0 NEEL-TRIMARANS.\" href=\"https:\/\/www.neel-trimarans.com\/fr\/\" class=\"home\" aria-current=\"page\"><span property=\"name\">NEEL-TRIMARANS<\/span><\/a><meta property=\"position\" content=\"1\"><\/span><\/div>\t\t\t\t<\/div>\n\t\t\t\t<\/div>\n\t\t\t\t\t<\/div>\n\t\t<\/div>\n\t\t\t\t\t<\/div>\n\t\t<\/section>\n\t\t\t\t<section class=\"elementor-section elementor-top-section elementor-element elementor-element-235678e news_neel elementor-section-boxed elementor-section-height-default elementor-section-height-default\" data-id=\"235678e\" data-element_type=\"section\" data-e-type=\"section\">\n\t\t\t\t\t\t<div class=\"elementor-container elementor-column-gap-default\">\n\t\t\t\t\t<div class=\"elementor-column elementor-col-100 elementor-top-column elementor-element elementor-element-d6f8fc4\" data-id=\"d6f8fc4\" data-element_type=\"column\" data-e-type=\"column\">\n\t\t\t<div class=\"elementor-widget-wrap elementor-element-populated\">\n\t\t\t\t\t\t<div class=\"elementor-element elementor-element-a842d90 elementor-widget elementor-widget-tp-blog-listout\" data-id=\"a842d90\" data-element_type=\"widget\" data-e-type=\"widget\" data-widget_type=\"tp-blog-listout.default\">\n\t\t\t\t<div class=\"elementor-widget-container\">\n\t\t\t\t\t<div id=\"pt-plus-blog-post-list\" class=\"blog-list post69d4f1087fb7a  list-isotope  blog-style-2 hover-image-style-1 layout-style-1 animate-general\"  data-layout-type=\"fitRows\"   data-id=\"post69d4f1087fb7a\" data-style=\"style-2\"  data-animate-type=\"transition.fadeIn\" data-animate-delay=\"50\" data-animate-offset=\"85%\" data-animate-columns=\"stagger\" data-animate-stagger=\"150\"  dir= data-enable-isotope=\"1\" ><div id=\"post69d4f1087fb7a\" class=\"tp-row post-inner-loop post69d4f1087fb7a text-center  \"><div class=\"grid-item metro-item  tp-col-lg-4 tp-col-md-6 tp-col-sm-12 tp-col-12  animated-columns\"><article id=\"post-334110\" class=\"post-334110 post type-post status-publish format-standard has-post-thumbnail hentry category-actualites-fr category-uncategorized-fr tag-boatshow tag-internation-multihull-show tag-neel-43 tag-neel-52\">\r\n\t<div class=\"blog-list-content\">\r\n\t\t\t\t<div class=\"post-content-image\">\r\n\t\t\t<a href=\"https:\/\/www.neel-trimarans.com\/fr\/international-multihull-show-2026-nous-vous-attendons-du-22-au-26-avril\/\">\r\n\t\t\t\t\t<div class=\"blog-featured-image \">\r\n\t<span class=\"thumb-wrap\">\r\n\t\t<img fetchpriority=\"high\" decoding=\"async\" width=\"850\" height=\"672\" src=\"https:\/\/www.neel-trimarans.com\/wp-content\/uploads\/2026\/04\/international-multihull-show-2026-nous-vous-attendons-du-22-au-26-avril-5-850x672.png\" class=\"attachment-news_home size-news_home\" alt=\"International Multihull Show 2026 : nous vous attendons du 22 au 26 avril ! 2\" \/>\t<\/span>\r\n\t<\/div>\r\n\t\t\t<\/a>\r\n\t\t\t\t\t<\/div>\r\n\t\t\t\t<div class=\"post-content-bottom\">\r\n\t\t\t\t\t\t\t<div class=\"post-metro-category-top\">\r\n\t\t\t\t\t<div class=\"post-category-list style-1\">\t\r\n\t<span><a href=\"https:\/\/www.neel-trimarans.com\/fr\/category\/actualites-fr\/\">Actualit\u00e9s<\/a><\/span><\/div>\r\n\r\n\t\t\t\t<\/div>\r\n\t\t\t\t\t\t<div class=\"post-metro-content\">\r\n\t\t\t\t<h2 class=\"post-title\">\r\n\t<a href=\"https:\/\/www.neel-trimarans.com\/fr\/international-multihull-show-2026-nous-vous-attendons-du-22-au-26-avril\/\" class=\"normal\">International Multihull Show 2026 : nous vous attendons du 22 au 26 avril !<\/a>\r\n<\/h2>\r\n\t\t\t\t\t\t\t\t\t\t\t<\/div>\r\n\t\t<\/div>\r\n\t\t\t\t\t<\/div>\r\n<\/article>\r\n<\/div><div class=\"grid-item metro-item  tp-col-lg-4 tp-col-md-6 tp-col-sm-12 tp-col-12  animated-columns\"><article id=\"post-326304\" class=\"post-326304 post type-post status-publish format-standard has-post-thumbnail hentry category-actualites-fr category-uncategorized-fr\">\r\n\t<div class=\"blog-list-content\">\r\n\t\t\t\t<div class=\"post-content-image\">\r\n\t\t\t<a href=\"https:\/\/www.neel-trimarans.com\/fr\/%e2%9c%a8-toute-lequipe-neel-trimarans-vous-adresse-ses-meilleurs-voeux-pour-2026\/\">\r\n\t\t\t\t\t<div class=\"blog-featured-image \">\r\n\t<span class=\"thumb-wrap\">\r\n\t\t<img decoding=\"async\" width=\"850\" height=\"1000\" src=\"https:\/\/www.neel-trimarans.com\/wp-content\/uploads\/2026\/01\/toute-lequipe-neel-trimarans-vous-adresse-ses-meilleurs-voeux-pour-2026-850x1000.png\" class=\"attachment-news_home size-news_home\" alt=\"&#x2728; Toute l\u2019\u00e9quipe NEEL Trimarans vous adresse ses meilleurs v\u0153ux pour 2026 ! 1\" \/>\t<\/span>\r\n\t<\/div>\r\n\t\t\t<\/a>\r\n\t\t\t\t\t<\/div>\r\n\t\t\t\t<div class=\"post-content-bottom\">\r\n\t\t\t\t\t\t\t<div class=\"post-metro-category-top\">\r\n\t\t\t\t\t<div class=\"post-category-list style-1\">\t\r\n\t<span><a href=\"https:\/\/www.neel-trimarans.com\/fr\/category\/actualites-fr\/\">Actualit\u00e9s<\/a><\/span><\/div>\r\n\r\n\t\t\t\t<\/div>\r\n\t\t\t\t\t\t<div class=\"post-metro-content\">\r\n\t\t\t\t<h2 class=\"post-title\">\r\n\t<a href=\"https:\/\/www.neel-trimarans.com\/fr\/%e2%9c%a8-toute-lequipe-neel-trimarans-vous-adresse-ses-meilleurs-voeux-pour-2026\/\" class=\"normal\">&#x2728; Toute l\u2019\u00e9quipe NEEL Trimarans vous adresse ses meilleurs v\u0153ux pour 2026 !<\/a>\r\n<\/h2>\r\n\t\t\t\t\t\t\t\t\t\t\t<\/div>\r\n\t\t<\/div>\r\n\t\t\t\t\t<\/div>\r\n<\/article>\r\n<\/div><div class=\"grid-item metro-item  tp-col-lg-4 tp-col-md-6 tp-col-sm-12 tp-col-12  animated-columns\"><article id=\"post-312499\" class=\"post-312499 post type-post status-publish format-standard has-post-thumbnail hentry category-actualites-fr category-uncategorized-fr\">\r\n\t<div class=\"blog-list-content\">\r\n\t\t\t\t<div class=\"post-content-image\">\r\n\t\t\t<a href=\"https:\/\/www.neel-trimarans.com\/fr\/le-grand-pavois-de-la-rochelle-approche\/\">\r\n\t\t\t\t\t<div class=\"blog-featured-image \">\r\n\t<span class=\"thumb-wrap\">\r\n\t\t<img decoding=\"async\" width=\"710\" height=\"335\" src=\"https:\/\/www.neel-trimarans.com\/wp-content\/uploads\/2025\/07\/boat-shows-26.jpg\" class=\"attachment-news_home size-news_home\" alt=\"Salons nautiques\" srcset=\"https:\/\/www.neel-trimarans.com\/wp-content\/uploads\/2025\/07\/boat-shows-26.jpg 710w, https:\/\/www.neel-trimarans.com\/wp-content\/uploads\/2025\/07\/boat-shows-26-300x142.jpg 300w, https:\/\/www.neel-trimarans.com\/wp-content\/uploads\/2025\/07\/boat-shows-26-150x71.jpg 150w\" sizes=\"(max-width: 710px) 100vw, 710px\" \/>\t<\/span>\r\n\t<\/div>\r\n\t\t\t<\/a>\r\n\t\t\t\t\t<\/div>\r\n\t\t\t\t<div class=\"post-content-bottom\">\r\n\t\t\t\t\t\t\t<div class=\"post-metro-category-top\">\r\n\t\t\t\t\t<div class=\"post-category-list style-1\">\t\r\n\t<span><a href=\"https:\/\/www.neel-trimarans.com\/fr\/category\/actualites-fr\/\">Actualit\u00e9s<\/a><\/span><\/div>\r\n\r\n\t\t\t\t<\/div>\r\n\t\t\t\t\t\t<div class=\"post-metro-content\">\r\n\t\t\t\t<h2 class=\"post-title\">\r\n\t<a href=\"https:\/\/www.neel-trimarans.com\/fr\/le-grand-pavois-de-la-rochelle-approche\/\" class=\"normal\">Le Grand Pavois de La Rochelle approche !<\/a>\r\n<\/h2>\r\n\t\t\t\t\t\t\t\t\t\t\t<\/div>\r\n\t\t<\/div>\r\n\t\t\t\t\t<\/div>\r\n<\/article>\r\n<\/div><div class=\"grid-item metro-item  tp-col-lg-4 tp-col-md-6 tp-col-sm-12 tp-col-12  animated-columns\"><article id=\"post-312088\" class=\"post-312088 post type-post status-publish format-standard has-post-thumbnail hentry category-actualites-fr category-uncategorized-fr\">\r\n\t<div class=\"blog-list-content\">\r\n\t\t\t\t<div class=\"post-content-image\">\r\n\t\t\t<a href=\"https:\/\/www.neel-trimarans.com\/fr\/cannes-yachting-festival-2025-nous-vous-attendons-du-9-au-14-septembre\/\">\r\n\t\t\t\t\t<div class=\"blog-featured-image \">\r\n\t<span class=\"thumb-wrap\">\r\n\t\t<img loading=\"lazy\" decoding=\"async\" width=\"850\" height=\"789\" src=\"https:\/\/www.neel-trimarans.com\/wp-content\/uploads\/2025\/07\/cannes-yachting-festival-2025-nous-vous-attendons-du-9-au-14-septembre-2025-850x789.webp\" class=\"attachment-news_home size-news_home\" alt=\"Cannes Yachting Festival 2025 : nous vous attendons du 9 au 14 septembre 2025 !\" \/>\t<\/span>\r\n\t<\/div>\r\n\t\t\t<\/a>\r\n\t\t\t\t\t<\/div>\r\n\t\t\t\t<div class=\"post-content-bottom\">\r\n\t\t\t\t\t\t\t<div class=\"post-metro-category-top\">\r\n\t\t\t\t\t<div class=\"post-category-list style-1\">\t\r\n\t<span><a href=\"https:\/\/www.neel-trimarans.com\/fr\/category\/actualites-fr\/\">Actualit\u00e9s<\/a><\/span><\/div>\r\n\r\n\t\t\t\t<\/div>\r\n\t\t\t\t\t\t<div class=\"post-metro-content\">\r\n\t\t\t\t<h2 class=\"post-title\">\r\n\t<a href=\"https:\/\/www.neel-trimarans.com\/fr\/cannes-yachting-festival-2025-nous-vous-attendons-du-9-au-14-septembre\/\" class=\"normal\">Cannes Yachting Festival 2025 : nous vous attendons du 9 au 14 septembre !<\/a>\r\n<\/h2>\r\n\t\t\t\t\t\t\t\t\t\t\t<\/div>\r\n\t\t<\/div>\r\n\t\t\t\t\t<\/div>\r\n<\/article>\r\n<\/div><div class=\"grid-item metro-item  tp-col-lg-4 tp-col-md-6 tp-col-sm-12 tp-col-12  animated-columns\"><article id=\"post-311663\" class=\"post-311663 post type-post status-publish format-standard has-post-thumbnail hentry category-actualites-fr\">\r\n\t<div class=\"blog-list-content\">\r\n\t\t\t\t<div class=\"post-content-image\">\r\n\t\t\t<a href=\"https:\/\/www.neel-trimarans.com\/fr\/neel-trimarans-est-fier-dannoncer-le-lancement-du-neel-48-et-de-son-edition-limitee-yannick-bestaven\/\">\r\n\t\t\t\t\t<div class=\"blog-featured-image \">\r\n\t<span class=\"thumb-wrap\">\r\n\t\t<img loading=\"lazy\" decoding=\"async\" width=\"850\" height=\"1000\" src=\"https:\/\/www.neel-trimarans.com\/wp-content\/uploads\/2025\/06\/neel-trimarans-est-fier-dannoncer-le-lancement-du-neel-48-et-de-son-edition-limitee-yannick-bestaven-6-850x1000.png\" class=\"attachment-news_home size-news_home\" alt=\"NEEL Trimarans est fier d&#039;annoncer le lancement du NEEL 48 et de son &quot;Edition limit\u00e9e - Yannick Bestaven&quot; ! 5\" \/>\t<\/span>\r\n\t<\/div>\r\n\t\t\t<\/a>\r\n\t\t\t\t\t<\/div>\r\n\t\t\t\t<div class=\"post-content-bottom\">\r\n\t\t\t\t\t\t\t<div class=\"post-metro-category-top\">\r\n\t\t\t\t\t<div class=\"post-category-list style-1\">\t\r\n\t<span><a href=\"https:\/\/www.neel-trimarans.com\/fr\/category\/actualites-fr\/\">Actualit\u00e9s<\/a><\/span><\/div>\r\n\r\n\t\t\t\t<\/div>\r\n\t\t\t\t\t\t<div class=\"post-metro-content\">\r\n\t\t\t\t<h2 class=\"post-title\">\r\n\t<a href=\"https:\/\/www.neel-trimarans.com\/fr\/neel-trimarans-est-fier-dannoncer-le-lancement-du-neel-48-et-de-son-edition-limitee-yannick-bestaven\/\" class=\"normal\">NEEL Trimarans est fier d&rsquo;annoncer le lancement du NEEL 48 et de son \u00ab\u00a0Edition limit\u00e9e &#8211; Yannick Bestaven\u00a0\u00bb !<\/a>\r\n<\/h2>\r\n\t\t\t\t\t\t\t\t\t\t\t<\/div>\r\n\t\t<\/div>\r\n\t\t\t\t\t<\/div>\r\n<\/article>\r\n<\/div><div class=\"grid-item metro-item  tp-col-lg-4 tp-col-md-6 tp-col-sm-12 tp-col-12  animated-columns\"><article id=\"post-308297\" class=\"post-308297 post type-post status-publish format-standard has-post-thumbnail hentry category-actualites-fr tag-accueil_-actus_fr\">\r\n\t<div class=\"blog-list-content\">\r\n\t\t\t\t<div class=\"post-content-image\">\r\n\t\t\t<a href=\"https:\/\/www.neel-trimarans.com\/fr\/decouvrez-le-nouveau-neel-43-duo\/\">\r\n\t\t\t\t\t<div class=\"blog-featured-image \">\r\n\t<span class=\"thumb-wrap\">\r\n\t\t<img loading=\"lazy\" decoding=\"async\" width=\"850\" height=\"1000\" src=\"https:\/\/www.neel-trimarans.com\/wp-content\/uploads\/2025\/01\/discover-the-new-neel-43-duo-5-850x1000.png\" class=\"attachment-news_home size-news_home\" alt=\"D\u00e9couvrez le nouveau NEEL 43 DUO !\" \/>\t<\/span>\r\n\t<\/div>\r\n\t\t\t<\/a>\r\n\t\t\t\t\t<\/div>\r\n\t\t\t\t<div class=\"post-content-bottom\">\r\n\t\t\t\t\t\t\t<div class=\"post-metro-category-top\">\r\n\t\t\t\t\t<div class=\"post-category-list style-1\">\t\r\n\t<span><a href=\"https:\/\/www.neel-trimarans.com\/fr\/category\/actualites-fr\/\">Actualit\u00e9s<\/a><\/span><\/div>\r\n\r\n\t\t\t\t<\/div>\r\n\t\t\t\t\t\t<div class=\"post-metro-content\">\r\n\t\t\t\t<h2 class=\"post-title\">\r\n\t<a href=\"https:\/\/www.neel-trimarans.com\/fr\/decouvrez-le-nouveau-neel-43-duo\/\" class=\"normal\">D\u00e9couvrez le nouveau NEEL 43 DUO !<\/a>\r\n<\/h2>\r\n\t\t\t\t\t\t\t\t\t\t\t<\/div>\r\n\t\t<\/div>\r\n\t\t\t\t\t<\/div>\r\n<\/article>\r\n<\/div><\/div><div class=\"theplus-pagination\"><span class=\"current\">1<\/span><a href='https:\/\/www.neel-trimarans.com\/fr\/wp-json\/wp\/v2\/pages\/9779\/page\/2\/' class=\"inactive\">2<\/a><a href='https:\/\/www.neel-trimarans.com\/fr\/wp-json\/wp\/v2\/pages\/9779\/page\/3\/' class=\"inactive\">3<\/a><a class='paginate-next' href='https:\/\/www.neel-trimarans.com\/fr\/wp-json\/wp\/v2\/pages\/9779\/page\/2\/'>Next<i class='fas fa-long-arrow-alt-right' aria-hidden='true'><\/i><\/a><\/div>\n<\/div>\t\t\t\t<\/div>\n\t\t\t\t<\/div>\n\t\t\t\t\t<\/div>\n\t\t<\/div>\n\t\t\t\t\t<\/div>\n\t\t<\/section>\n\t\t\t\t<\/div>\n\t\t","protected":false},"excerpt":{"rendered":"<p>Actualit\u00e9s Nouveau podium pour le NEEL 47 Minimole ! Actualit\u00e9s 2 trimarans NEEL prennent le d\u00e9part de l\u2019ARC 2020 Actualit\u00e9s Journ\u00e9es visites priv\u00e9es du 9 au 12 d\u00e9cembre \u00e0 La Rochelle Actualit\u00e9s INVITATIONS PRIV\u00c9ES NEEL-TRIMARANS Actualit\u00e9s Le NEEL 43 : surprenant et innovant Actualit\u00e9s Le NEEL 47, \u00e9lu Multicoque de l\u2019ann\u00e9e 2020 123<\/p>\n","protected":false},"author":3,"featured_media":299883,"parent":8358,"menu_order":0,"comment_status":"closed","ping_status":"closed","template":"page_content_neel.php","meta":{"_acf_changed":false,"inline_featured_image":false,"footnotes":""},"class_list":["post-9779","page","type-page","status-publish","has-post-thumbnail","hentry"],"acf":[],"yoast_head":"<!-- This site is optimized with the Yoast SEO plugin v27.3 - https:\/\/yoast.com\/product\/yoast-seo-wordpress\/ -->\n<title>Actualit\u00e9s | NEEL-TRIMARANS<\/title>\n<meta name=\"robots\" content=\"index, follow, max-snippet:-1, max-image-preview:large, max-video-preview:-1\" \/>\n<link rel=\"canonical\" href=\"https:\/\/www.neel-trimarans.com\/fr\/actualites-et-revue-de-presse\/actualites\/\" \/>\n<meta property=\"og:locale\" content=\"fr_FR\" \/>\n<meta property=\"og:type\" content=\"article\" \/>\n<meta property=\"og:title\" content=\"Actualit\u00e9s | NEEL-TRIMARANS\" \/>\n<meta property=\"og:description\" content=\"Actualit\u00e9s Nouveau podium pour le NEEL 47 Minimole ! Actualit\u00e9s 2 trimarans NEEL prennent le d\u00e9part de l\u2019ARC 2020 Actualit\u00e9s Journ\u00e9es visites priv\u00e9es du 9 au 12 d\u00e9cembre \u00e0 La Rochelle Actualit\u00e9s INVITATIONS PRIV\u00c9ES NEEL-TRIMARANS Actualit\u00e9s Le NEEL 43 : surprenant et innovant Actualit\u00e9s Le NEEL 47, \u00e9lu Multicoque de l\u2019ann\u00e9e 2020 123\" \/>\n<meta property=\"og:url\" content=\"https:\/\/www.neel-trimarans.com\/fr\/actualites-et-revue-de-presse\/actualites\/\" \/>\n<meta property=\"og:site_name\" content=\"NEEL-TRIMARANS\" \/>\n<meta property=\"article:publisher\" content=\"https:\/\/www.facebook.com\/neeltrimarans\/\" \/>\n<meta property=\"article:modified_time\" content=\"2023-10-27T09:59:49+00:00\" \/>\n<meta property=\"og:image\" content=\"https:\/\/www.neel-trimarans.com\/wp-content\/uploads\/2023\/08\/neel-trimarans-12.jpg\" \/>\n\t<meta property=\"og:image:width\" content=\"2000\" \/>\n\t<meta property=\"og:image:height\" content=\"1498\" \/>\n\t<meta property=\"og:image:type\" content=\"image\/jpeg\" \/>\n<meta name=\"twitter:card\" content=\"summary_large_image\" \/>\n<meta name=\"twitter:site\" content=\"@neeltrimarans\" \/>\n<meta name=\"twitter:label1\" content=\"Dur\u00e9e de lecture estim\u00e9e\" \/>\n\t<meta name=\"twitter:data1\" content=\"2 minutes\" \/>\n<script type=\"application\/ld+json\" class=\"yoast-schema-graph\">{\"@context\":\"https:\\\/\\\/schema.org\",\"@graph\":[{\"@type\":\"WebPage\",\"@id\":\"https:\\\/\\\/www.neel-trimarans.com\\\/fr\\\/actualites-et-revue-de-presse\\\/actualites\\\/\",\"url\":\"https:\\\/\\\/www.neel-trimarans.com\\\/fr\\\/actualites-et-revue-de-presse\\\/actualites\\\/\",\"name\":\"Actualit\u00e9s | NEEL-TRIMARANS\",\"isPartOf\":{\"@id\":\"https:\\\/\\\/www.neel-trimarans.com\\\/#website\"},\"primaryImageOfPage\":{\"@id\":\"https:\\\/\\\/www.neel-trimarans.com\\\/fr\\\/actualites-et-revue-de-presse\\\/actualites\\\/#primaryimage\"},\"image\":{\"@id\":\"https:\\\/\\\/www.neel-trimarans.com\\\/fr\\\/actualites-et-revue-de-presse\\\/actualites\\\/#primaryimage\"},\"thumbnailUrl\":\"https:\\\/\\\/www.neel-trimarans.com\\\/wp-content\\\/uploads\\\/2023\\\/08\\\/neel-trimarans-12.jpg\",\"datePublished\":\"2020-01-15T09:37:56+00:00\",\"dateModified\":\"2023-10-27T09:59:49+00:00\",\"breadcrumb\":{\"@id\":\"https:\\\/\\\/www.neel-trimarans.com\\\/fr\\\/actualites-et-revue-de-presse\\\/actualites\\\/#breadcrumb\"},\"inLanguage\":\"fr-FR\",\"potentialAction\":[{\"@type\":\"ReadAction\",\"target\":[\"https:\\\/\\\/www.neel-trimarans.com\\\/fr\\\/actualites-et-revue-de-presse\\\/actualites\\\/\"]}]},{\"@type\":\"ImageObject\",\"inLanguage\":\"fr-FR\",\"@id\":\"https:\\\/\\\/www.neel-trimarans.com\\\/fr\\\/actualites-et-revue-de-presse\\\/actualites\\\/#primaryimage\",\"url\":\"https:\\\/\\\/www.neel-trimarans.com\\\/wp-content\\\/uploads\\\/2023\\\/08\\\/neel-trimarans-12.jpg\",\"contentUrl\":\"https:\\\/\\\/www.neel-trimarans.com\\\/wp-content\\\/uploads\\\/2023\\\/08\\\/neel-trimarans-12.jpg\",\"width\":2000,\"height\":1498,\"caption\":\"NEEL-TRIMARANS 23\"},{\"@type\":\"BreadcrumbList\",\"@id\":\"https:\\\/\\\/www.neel-trimarans.com\\\/fr\\\/actualites-et-revue-de-presse\\\/actualites\\\/#breadcrumb\",\"itemListElement\":[{\"@type\":\"ListItem\",\"position\":1,\"name\":\"Home\",\"item\":\"https:\\\/\\\/www.neel-trimarans.com\\\/fr\\\/\"},{\"@type\":\"ListItem\",\"position\":2,\"name\":\"Actualit\u00e9s et revue de presse\",\"item\":\"https:\\\/\\\/www.neel-trimarans.com\\\/fr\\\/actualites-et-revue-de-presse\\\/\"},{\"@type\":\"ListItem\",\"position\":3,\"name\":\"Actualit\u00e9s\"}]},{\"@type\":\"WebSite\",\"@id\":\"https:\\\/\\\/www.neel-trimarans.com\\\/#website\",\"url\":\"https:\\\/\\\/www.neel-trimarans.com\\\/\",\"name\":\"NEEL-TRIMARANS\",\"description\":\"Just makes sense\",\"publisher\":{\"@id\":\"https:\\\/\\\/www.neel-trimarans.com\\\/#organization\"},\"potentialAction\":[{\"@type\":\"SearchAction\",\"target\":{\"@type\":\"EntryPoint\",\"urlTemplate\":\"https:\\\/\\\/www.neel-trimarans.com\\\/?s={search_term_string}\"},\"query-input\":{\"@type\":\"PropertyValueSpecification\",\"valueRequired\":true,\"valueName\":\"search_term_string\"}}],\"inLanguage\":\"fr-FR\"},{\"@type\":\"Organization\",\"@id\":\"https:\\\/\\\/www.neel-trimarans.com\\\/#organization\",\"name\":\"NEEL-TRIMARANS\",\"url\":\"https:\\\/\\\/www.neel-trimarans.com\\\/\",\"logo\":{\"@type\":\"ImageObject\",\"inLanguage\":\"fr-FR\",\"@id\":\"https:\\\/\\\/www.neel-trimarans.com\\\/#\\\/schema\\\/logo\\\/image\\\/\",\"url\":\"\",\"contentUrl\":\"\",\"caption\":\"NEEL-TRIMARANS\"},\"image\":{\"@id\":\"https:\\\/\\\/www.neel-trimarans.com\\\/#\\\/schema\\\/logo\\\/image\\\/\"},\"sameAs\":[\"https:\\\/\\\/www.facebook.com\\\/neeltrimarans\\\/\",\"https:\\\/\\\/x.com\\\/neeltrimarans\",\"https:\\\/\\\/www.instagram.com\\\/neeltrimarans_official\\\/\",\"https:\\\/\\\/www.youtube.com\\\/channel\\\/UCAFnRZZiNuug-k9TNDH_sEw\"]}]}<\/script>\n<!-- \/ Yoast SEO plugin. -->","yoast_head_json":{"title":"Actualit\u00e9s | NEEL-TRIMARANS","robots":{"index":"index","follow":"follow","max-snippet":"max-snippet:-1","max-image-preview":"max-image-preview:large","max-video-preview":"max-video-preview:-1"},"canonical":"https:\/\/www.neel-trimarans.com\/fr\/actualites-et-revue-de-presse\/actualites\/","og_locale":"fr_FR","og_type":"article","og_title":"Actualit\u00e9s | NEEL-TRIMARANS","og_description":"Actualit\u00e9s Nouveau podium pour le NEEL 47 Minimole ! Actualit\u00e9s 2 trimarans NEEL prennent le d\u00e9part de l\u2019ARC 2020 Actualit\u00e9s Journ\u00e9es visites priv\u00e9es du 9 au 12 d\u00e9cembre \u00e0 La Rochelle Actualit\u00e9s INVITATIONS PRIV\u00c9ES NEEL-TRIMARANS Actualit\u00e9s Le NEEL 43 : surprenant et innovant Actualit\u00e9s Le NEEL 47, \u00e9lu Multicoque de l\u2019ann\u00e9e 2020 123","og_url":"https:\/\/www.neel-trimarans.com\/fr\/actualites-et-revue-de-presse\/actualites\/","og_site_name":"NEEL-TRIMARANS","article_publisher":"https:\/\/www.facebook.com\/neeltrimarans\/","article_modified_time":"2023-10-27T09:59:49+00:00","og_image":[{"width":2000,"height":1498,"url":"https:\/\/www.neel-trimarans.com\/wp-content\/uploads\/2023\/08\/neel-trimarans-12.jpg","type":"image\/jpeg"}],"twitter_card":"summary_large_image","twitter_site":"@neeltrimarans","twitter_misc":{"Dur\u00e9e de lecture estim\u00e9e":"2 minutes"},"schema":{"@context":"https:\/\/schema.org","@graph":[{"@type":"WebPage","@id":"https:\/\/www.neel-trimarans.com\/fr\/actualites-et-revue-de-presse\/actualites\/","url":"https:\/\/www.neel-trimarans.com\/fr\/actualites-et-revue-de-presse\/actualites\/","name":"Actualit\u00e9s | NEEL-TRIMARANS","isPartOf":{"@id":"https:\/\/www.neel-trimarans.com\/#website"},"primaryImageOfPage":{"@id":"https:\/\/www.neel-trimarans.com\/fr\/actualites-et-revue-de-presse\/actualites\/#primaryimage"},"image":{"@id":"https:\/\/www.neel-trimarans.com\/fr\/actualites-et-revue-de-presse\/actualites\/#primaryimage"},"thumbnailUrl":"https:\/\/www.neel-trimarans.com\/wp-content\/uploads\/2023\/08\/neel-trimarans-12.jpg","datePublished":"2020-01-15T09:37:56+00:00","dateModified":"2023-10-27T09:59:49+00:00","breadcrumb":{"@id":"https:\/\/www.neel-trimarans.com\/fr\/actualites-et-revue-de-presse\/actualites\/#breadcrumb"},"inLanguage":"fr-FR","potentialAction":[{"@type":"ReadAction","target":["https:\/\/www.neel-trimarans.com\/fr\/actualites-et-revue-de-presse\/actualites\/"]}]},{"@type":"ImageObject","inLanguage":"fr-FR","@id":"https:\/\/www.neel-trimarans.com\/fr\/actualites-et-revue-de-presse\/actualites\/#primaryimage","url":"https:\/\/www.neel-trimarans.com\/wp-content\/uploads\/2023\/08\/neel-trimarans-12.jpg","contentUrl":"https:\/\/www.neel-trimarans.com\/wp-content\/uploads\/2023\/08\/neel-trimarans-12.jpg","width":2000,"height":1498,"caption":"NEEL-TRIMARANS 23"},{"@type":"BreadcrumbList","@id":"https:\/\/www.neel-trimarans.com\/fr\/actualites-et-revue-de-presse\/actualites\/#breadcrumb","itemListElement":[{"@type":"ListItem","position":1,"name":"Home","item":"https:\/\/www.neel-trimarans.com\/fr\/"},{"@type":"ListItem","position":2,"name":"Actualit\u00e9s et revue de presse","item":"https:\/\/www.neel-trimarans.com\/fr\/actualites-et-revue-de-presse\/"},{"@type":"ListItem","position":3,"name":"Actualit\u00e9s"}]},{"@type":"WebSite","@id":"https:\/\/www.neel-trimarans.com\/#website","url":"https:\/\/www.neel-trimarans.com\/","name":"NEEL-TRIMARANS","description":"Just makes sense","publisher":{"@id":"https:\/\/www.neel-trimarans.com\/#organization"},"potentialAction":[{"@type":"SearchAction","target":{"@type":"EntryPoint","urlTemplate":"https:\/\/www.neel-trimarans.com\/?s={search_term_string}"},"query-input":{"@type":"PropertyValueSpecification","valueRequired":true,"valueName":"search_term_string"}}],"inLanguage":"fr-FR"},{"@type":"Organization","@id":"https:\/\/www.neel-trimarans.com\/#organization","name":"NEEL-TRIMARANS","url":"https:\/\/www.neel-trimarans.com\/","logo":{"@type":"ImageObject","inLanguage":"fr-FR","@id":"https:\/\/www.neel-trimarans.com\/#\/schema\/logo\/image\/","url":"","contentUrl":"","caption":"NEEL-TRIMARANS"},"image":{"@id":"https:\/\/www.neel-trimarans.com\/#\/schema\/logo\/image\/"},"sameAs":["https:\/\/www.facebook.com\/neeltrimarans\/","https:\/\/x.com\/neeltrimarans","https:\/\/www.instagram.com\/neeltrimarans_official\/","https:\/\/www.youtube.com\/channel\/UCAFnRZZiNuug-k9TNDH_sEw"]}]}},"_links":{"self":[{"href":"https:\/\/www.neel-trimarans.com\/fr\/wp-json\/wp\/v2\/pages\/9779","targetHints":{"allow":["GET"]}}],"collection":[{"href":"https:\/\/www.neel-trimarans.com\/fr\/wp-json\/wp\/v2\/pages"}],"about":[{"href":"https:\/\/www.neel-trimarans.com\/fr\/wp-json\/wp\/v2\/types\/page"}],"author":[{"embeddable":true,"href":"https:\/\/www.neel-trimarans.com\/fr\/wp-json\/wp\/v2\/users\/3"}],"replies":[{"embeddable":true,"href":"https:\/\/www.neel-trimarans.com\/fr\/wp-json\/wp\/v2\/comments?post=9779"}],"version-history":[{"count":28,"href":"https:\/\/www.neel-trimarans.com\/fr\/wp-json\/wp\/v2\/pages\/9779\/revisions"}],"predecessor-version":[{"id":300325,"href":"https:\/\/www.neel-trimarans.com\/fr\/wp-json\/wp\/v2\/pages\/9779\/revisions\/300325"}],"up":[{"embeddable":true,"href":"https:\/\/www.neel-trimarans.com\/fr\/wp-json\/wp\/v2\/pages\/8358"}],"wp:featuredmedia":[{"embeddable":true,"href":"https:\/\/www.neel-trimarans.com\/fr\/wp-json\/wp\/v2\/media\/299883"}],"wp:attachment":[{"href":"https:\/\/www.neel-trimarans.com\/fr\/wp-json\/wp\/v2\/media?parent=9779"}],"curies":[{"name":"wp","href":"https:\/\/api.w.org\/{rel}","templated":true}]}}