{"id":9738,"date":"2020-01-15T09:02:31","date_gmt":"2020-01-15T08:02:31","guid":{"rendered":"https:\/\/www.neel-trimarans.com\/mentions-legales\/"},"modified":"2022-01-11T13:50:05","modified_gmt":"2022-01-11T12:50:05","slug":"mentions-legales","status":"publish","type":"page","link":"https:\/\/www.neel-trimarans.com\/fr\/mentions-legales\/","title":{"rendered":"Mentions l\u00e9gales"},"content":{"rendered":"<header>\n<h2>Pr\u00e9sentation du site<\/h2>\n<p>Le pr\u00e9sent site est la propri\u00e9t\u00e9 de NEEL-TRIMARANS dont le si\u00e8ge social est situ\u00e9 \u00e0 l\u2019adresse suivante :<\/p>\n<p>NEEL-TRIMARANS<br \/>\n4, rue Virginie Heriot<br \/>\n17000 La Rochelle cedex France<\/p>\n<ul>\n<li>Soci\u00e9t\u00e9 SAS au capital social de : 3\u00a0000\u00a0000 \u20ac<\/li>\n<li>Immatricul\u00e9e au RCS DE LA ROCHELLE sous le num\u00e9ro : 514 815 844<\/li>\n<li>Num\u00e9ro TVA intracommunautaire\u00a0: FR61\u00a0514\u00a0815 844<\/li>\n<li>IDU : FR029506_18WRFE<\/li>\n<li>Joignable au\u00a0: +33\u00a0 (0)5 46 29 08 71<\/li>\n<li>Directeur de la publication\u00a0: Eric Bruneel<\/li>\n<\/ul>\n<h3>Conseil, conception technique et graphique\u00a0:<\/h3>\n<p><a href=\"https:\/\/beekom.fr\/\">Agence Beekom<\/a><br \/>\n24, rue S\u00e9nac de Meilhan<br \/>\n17000 La Rochelle<\/p>\n<h3>Cr\u00e9dits photographiques\u00a0:<\/h3>\n<p>Billy Black, Olivier Blanchet, Bernard Henry, Vianney Saintenoy<\/p>\n<h3>H\u00e9bergeur O2switch<\/h3>\n<ul>\n<li>SARL au capital de 100\u00a0000\u20ac<\/li>\n<li>Immatricul\u00e9e au RCS sous le num\u00e9ro 510\u00a0909 807<\/li>\n<li>Num\u00e9ro TVA intracommunautaire\u00a0: [Num\u00e9ro]<\/li>\n<li>Si\u00e8ge social : CLERMONT FERRAND<\/li>\n<li>T\u00e9l\u00e9phone +33\u00a0 (0)4 44 44 60 40<\/li>\n<\/ul>\n<h2>Description des services fournis<\/h2>\n<p>L\u2019ensemble des activit\u00e9s de la soci\u00e9t\u00e9 ainsi que ses informations sont pr\u00e9sent\u00e9s sur notre site\u00a0<a href=\"https:\/\/www.neel-trimarans.com\">neel-trimarans.com<\/a><\/p>\n<p>NEEL-TRIMARANS s\u2019efforce de fournir sur le site <a href=\"https:\/\/www.neel-trimarans.com\">neel-trimarans.com<\/a> des informations aussi pr\u00e9cises que possible. Les renseignements figurant sur le site\u00a0<a href=\"https:\/\/www.neel-trimarans.com\">neel-trimarans.com<\/a>\u00a0ne sont pas exhaustifs et les photos non contractuelles. Ils sont donn\u00e9s sous r\u00e9serve de modifications ayant \u00e9t\u00e9 apport\u00e9es depuis leur mise en ligne. Par ailleurs, toutes les informations indiqu\u00e9es sur le site neel-trimarans.com\u00a0sont donn\u00e9es \u00e0 titre indicatif et sont susceptibles de changer ou d\u2019\u00e9voluer sans pr\u00e9avis, il convient donc \u00e0 l\u2019utilisateur de s\u2019y r\u00e9f\u00e9rer de mani\u00e8re r\u00e9guli\u00e8re.<\/p>\n<h3>Conditions d\u2019utilisation<\/h3>\n<p>Cookies\u00a0: Le site\u00a0<a href=\"https:\/\/www.neel-trimarans.com\">neel-trimarans.com<\/a>\u00a0peut-\u00eatre amen\u00e9 \u00e0 vous demander l\u2019acceptation des cookies pour des besoins de statistiques et d\u2019affichage. Un cookie est un fichier de petite taille qui contient plusieurs donn\u00e9es qui sont stock\u00e9es sur votre ordinateur.<\/p>\n<p>Certaines parties de ce site ne peuvent \u00eatre fonctionnelles sans l\u2019acceptation de cookies. Vous pouvez configurer votre logiciel de navigation pour refuser l\u2019installation des cookies. Pour cela consultez le centre d\u2019aide de votre navigateur.<\/p>\n<h3>Limitations contractuelles sur les donn\u00e9es techniques<\/h3>\n<p>Les informations contenues sur ce site sont aussi pr\u00e9cises que possible et le site remis \u00e0 jour \u00e0 diff\u00e9rentes p\u00e9riodes de l\u2019ann\u00e9e, mais peut toutefois contenir des inexactitudes ou des omissions. Si vous constatez une lacune, erreur ou ce qui parait \u00eatre un dysfonctionnement, merci de bien vouloir le signaler par email, \u00e0 l\u2019adresse : sales@neel-trimarans.com\u00a0en d\u00e9crivant le probl\u00e8me de la mani\u00e8re la plus pr\u00e9cise possible (page posant probl\u00e8me, type d\u2019ordinateur et de navigateur utilis\u00e9, \u2026).<\/p>\n<p>Tout contenu t\u00e9l\u00e9charg\u00e9 se fait aux risques et p\u00e9rils de l\u2019utilisateur et sous sa seule responsabilit\u00e9. En cons\u00e9quence, NEEL-TRIMARANS ne saurait \u00eatre tenu responsable d\u2019un quelconque dommage subi par l\u2019ordinateur de l\u2019utilisateur ou d\u2019une quelconque perte de donn\u00e9es cons\u00e9cutives au t\u00e9l\u00e9chargement.\u00a0De plus, l\u2019utilisateur du site s\u2019engage \u00e0 acc\u00e9der au site en utilisant un mat\u00e9riel r\u00e9cent, ne contenant pas de virus et avec un navigateur de derni\u00e8re g\u00e9n\u00e9ration mis-\u00e0-jour.<\/p>\n<p>Les liens hypertextes mis en place dans le cadre du pr\u00e9sent site internet en direction d\u2019autres ressources pr\u00e9sentes sur le r\u00e9seau Internet ne sauraient engager la responsabilit\u00e9 de NEEL-TRIMARANS.<\/p>\n<h3>Propri\u00e9t\u00e9 intellectuelle<\/h3>\n<p>La structure g\u00e9n\u00e9rale, ainsi que les logiciels, textes, images anim\u00e9es ou non son savoir-faire, et tous autres \u00e9l\u00e9ments composants le site sont la propri\u00e9t\u00e9 exclusive de NEEL-TRIMARANS.<br \/>\nToute repr\u00e9sentation totale ou partielle de ce site par quelque proc\u00e9d\u00e9 que ce soit, sans l\u2019autorisation expresse et \u00e9crite de NEEL-TRIMARANS est interdite et constituerait une contrefa\u00e7on sanctionn\u00e9e par les articles L.335-2 et suivants du Code de la propri\u00e9t\u00e9 intellectuelle.<br \/>\nIl en est de m\u00eame des bases de donn\u00e9es figurant sur le site web, qui sont prot\u00e9g\u00e9es par les dispositions du Code de la propri\u00e9t\u00e9 intellectuelle portant transposition de la directive europ\u00e9enne du 11 mars 1996 relative \u00e0 la protection juridique des bases de donn\u00e9es, et dont NEEL-TRIMARANS est producteur.<\/p>\n<h3>Collecte des donn\u00e9es personnelles<\/h3>\n<p>De mani\u00e8re g\u00e9n\u00e9rale, vous n\u2019\u00eates pas tenu de nous communiquer vos donn\u00e9es personnelles lorsque vous visitez notre site Internet\u00a0<a href=\"https:\/\/www.neel-trimarans.com\">neel-trimarans.com<\/a>.<\/p>\n<p>Cependant, ce principe comporte certaines exceptions. En effet, pour certains services propos\u00e9s par notre site, vous pouvez \u00eatre amen\u00e9s \u00e0 nous communiquer certaines donn\u00e9es telles que : votre nom, votre pr\u00e9nom, votre ville, votre adresse \u00e9lectronique, et votre num\u00e9ro de t\u00e9l\u00e9phone. Tel est le cas lorsque vous remplissez le formulaire qui vous est propos\u00e9 en ligne, dans la rubrique \u00ab\u00a0<a href=\"http:\/\/neel-trimarans.com\/fr\/contacts\/\">contact<\/a>\u00a0\u00bb.<\/p>\n<p>Dans tous les cas, vous pouvez refuser de fournir vos donn\u00e9es personnelles. Dans ce cas, vous ne pourrez pas utiliser les services du site, notamment celui de solliciter des renseignements sur notre soci\u00e9t\u00e9, ou de recevoir les lettres d\u2019information.<\/p>\n<p>Enfin, nous pouvons collecter de mani\u00e8re automatique certaines informations vous concernant lors d\u2019une simple navigation sur notre site Internet, notamment : des informations concernant l\u2019utilisation de notre site, comme les zones que vous visitez et les services auxquels vous acc\u00e9dez, votre adresse IP, le type de votre navigateur, vos temps d\u2019acc\u00e8s.<\/p>\n<p>De telles informations sont utilis\u00e9es exclusivement \u00e0 des fins de statistiques internes, de fa\u00e7on \u00e0 am\u00e9liorer la qualit\u00e9 des services qui vous sont propos\u00e9s. Les bases de donn\u00e9es sont prot\u00e9g\u00e9es par les dispositions de la loi du 1er juillet 1998 transposant la directive 96\/9 du 11 mars 1996 relative \u00e0 la protection juridique des bases de donn\u00e9es.<\/p>\n<p>Aucune information personnelle de l\u2019utilisateur du site internet <a href=\"https:\/\/www.neel-trimarans.com\">neel-trimarans.com<\/a>\u00a0 n\u2019est publi\u00e9e \u00e0 l\u2019insu de l\u2019utilisateur, \u00e9chang\u00e9e, transf\u00e9r\u00e9e, c\u00e9d\u00e9e ou vendue sur un support quelconque \u00e0 des tiers.<\/p>\n<p>Sans aucune sollicitation de votre part, nous nous engageons \u00e0 conserver vos donn\u00e9es pour une dur\u00e9e maximum de 3 ans.<\/p>\n<p>Nous nous engageons \u00e0 vous offrir un droit d\u2019opposition, de modification ou de retrait de vos donn\u00e9es personnelles. Le droit d\u2019opposition s\u2019entend comme \u00e9tant la possibilit\u00e9 offerte aux internautes de refuser que leurs renseignements personnels soient utilis\u00e9s \u00e0 certaines fins mentionn\u00e9es lors de la collecte.<\/p>\n<p>Le droit de retrait s\u2019entend comme \u00e9tant la possibilit\u00e9 offerte aux internautes de demander \u00e0 ce que leurs renseignements personnels ne figurent plus, par exemple, dans une liste de diffusion.<\/p>\n<p>Afin d\u2019exercer ces droits, vous pouvez nous \u00e9crire \u00e0 cette adresse e-mail : sales@neel-trimarans.com ou par courrier postal :\u00a0<a href=\"https:\/\/maps.google.com\/?q=4+rue+Virginie+H%C3%A9riot&amp;entry=gmail&amp;source=g\">4 rue Virginie H\u00e9riot<\/a>\u00a0\u2013 Plateau nautique BP 23085 \u2013 17032 La Rochelle Cedex \u2013 France<\/p>\n<\/header>\n","protected":false},"excerpt":{"rendered":"<p>Pr\u00e9sentation du site Le pr\u00e9sent site est la propri\u00e9t\u00e9 de NEEL-TRIMARANS dont le si\u00e8ge social est situ\u00e9 \u00e0 l\u2019adresse suivante : NEEL-TRIMARANS 4, rue Virginie Heriot 17000 La Rochelle cedex France Soci\u00e9t\u00e9 SAS au capital social de : 3\u00a0000\u00a0000 \u20ac Immatricul\u00e9e au RCS DE LA ROCHELLE sous le num\u00e9ro : 514 815 844 Num\u00e9ro TVA [&hellip;]<\/p>\n","protected":false},"author":1,"featured_media":0,"parent":0,"menu_order":9,"comment_status":"closed","ping_status":"closed","template":"","meta":{"_acf_changed":false,"inline_featured_image":false,"footnotes":""},"class_list":["post-9738","page","type-page","status-publish","hentry"],"acf":[],"yoast_head":"<!-- This site is optimized with the Yoast SEO plugin v27.3 - https:\/\/yoast.com\/product\/yoast-seo-wordpress\/ -->\n<title>Mentions l\u00e9gales | NEEL-TRIMARANS<\/title>\n<meta name=\"robots\" content=\"index, follow, max-snippet:-1, max-image-preview:large, max-video-preview:-1\" \/>\n<link rel=\"canonical\" href=\"https:\/\/www.neel-trimarans.com\/fr\/mentions-legales\/\" \/>\n<meta property=\"og:locale\" content=\"fr_FR\" \/>\n<meta property=\"og:type\" content=\"article\" \/>\n<meta property=\"og:title\" content=\"Mentions l\u00e9gales | NEEL-TRIMARANS\" \/>\n<meta property=\"og:description\" content=\"Pr\u00e9sentation du site Le pr\u00e9sent site est la propri\u00e9t\u00e9 de NEEL-TRIMARANS dont le si\u00e8ge social est situ\u00e9 \u00e0 l\u2019adresse suivante : NEEL-TRIMARANS 4, rue Virginie Heriot 17000 La Rochelle cedex France Soci\u00e9t\u00e9 SAS au capital social de : 3\u00a0000\u00a0000 \u20ac Immatricul\u00e9e au RCS DE LA ROCHELLE sous le num\u00e9ro : 514 815 844 Num\u00e9ro TVA [&hellip;]\" \/>\n<meta property=\"og:url\" content=\"https:\/\/www.neel-trimarans.com\/fr\/mentions-legales\/\" \/>\n<meta property=\"og:site_name\" content=\"NEEL-TRIMARANS\" \/>\n<meta property=\"article:publisher\" content=\"https:\/\/www.facebook.com\/neeltrimarans\/\" \/>\n<meta property=\"article:modified_time\" content=\"2022-01-11T12:50:05+00:00\" \/>\n<meta name=\"twitter:card\" content=\"summary_large_image\" \/>\n<meta name=\"twitter:site\" content=\"@neeltrimarans\" \/>\n<meta name=\"twitter:label1\" content=\"Dur\u00e9e de lecture estim\u00e9e\" \/>\n\t<meta name=\"twitter:data1\" content=\"5 minutes\" \/>\n<script type=\"application\/ld+json\" class=\"yoast-schema-graph\">{\"@context\":\"https:\\\/\\\/schema.org\",\"@graph\":[{\"@type\":\"WebPage\",\"@id\":\"https:\\\/\\\/www.neel-trimarans.com\\\/fr\\\/mentions-legales\\\/\",\"url\":\"https:\\\/\\\/www.neel-trimarans.com\\\/fr\\\/mentions-legales\\\/\",\"name\":\"Mentions l\u00e9gales | NEEL-TRIMARANS\",\"isPartOf\":{\"@id\":\"https:\\\/\\\/www.neel-trimarans.com\\\/#website\"},\"datePublished\":\"2020-01-15T08:02:31+00:00\",\"dateModified\":\"2022-01-11T12:50:05+00:00\",\"breadcrumb\":{\"@id\":\"https:\\\/\\\/www.neel-trimarans.com\\\/fr\\\/mentions-legales\\\/#breadcrumb\"},\"inLanguage\":\"fr-FR\",\"potentialAction\":[{\"@type\":\"ReadAction\",\"target\":[\"https:\\\/\\\/www.neel-trimarans.com\\\/fr\\\/mentions-legales\\\/\"]}]},{\"@type\":\"BreadcrumbList\",\"@id\":\"https:\\\/\\\/www.neel-trimarans.com\\\/fr\\\/mentions-legales\\\/#breadcrumb\",\"itemListElement\":[{\"@type\":\"ListItem\",\"position\":1,\"name\":\"Home\",\"item\":\"https:\\\/\\\/www.neel-trimarans.com\\\/fr\\\/\"},{\"@type\":\"ListItem\",\"position\":2,\"name\":\"Mentions l\u00e9gales\"}]},{\"@type\":\"WebSite\",\"@id\":\"https:\\\/\\\/www.neel-trimarans.com\\\/#website\",\"url\":\"https:\\\/\\\/www.neel-trimarans.com\\\/\",\"name\":\"NEEL-TRIMARANS\",\"description\":\"Just makes sense\",\"publisher\":{\"@id\":\"https:\\\/\\\/www.neel-trimarans.com\\\/#organization\"},\"potentialAction\":[{\"@type\":\"SearchAction\",\"target\":{\"@type\":\"EntryPoint\",\"urlTemplate\":\"https:\\\/\\\/www.neel-trimarans.com\\\/?s={search_term_string}\"},\"query-input\":{\"@type\":\"PropertyValueSpecification\",\"valueRequired\":true,\"valueName\":\"search_term_string\"}}],\"inLanguage\":\"fr-FR\"},{\"@type\":\"Organization\",\"@id\":\"https:\\\/\\\/www.neel-trimarans.com\\\/#organization\",\"name\":\"NEEL-TRIMARANS\",\"url\":\"https:\\\/\\\/www.neel-trimarans.com\\\/\",\"logo\":{\"@type\":\"ImageObject\",\"inLanguage\":\"fr-FR\",\"@id\":\"https:\\\/\\\/www.neel-trimarans.com\\\/#\\\/schema\\\/logo\\\/image\\\/\",\"url\":\"\",\"contentUrl\":\"\",\"caption\":\"NEEL-TRIMARANS\"},\"image\":{\"@id\":\"https:\\\/\\\/www.neel-trimarans.com\\\/#\\\/schema\\\/logo\\\/image\\\/\"},\"sameAs\":[\"https:\\\/\\\/www.facebook.com\\\/neeltrimarans\\\/\",\"https:\\\/\\\/x.com\\\/neeltrimarans\",\"https:\\\/\\\/www.instagram.com\\\/neeltrimarans_official\\\/\",\"https:\\\/\\\/www.youtube.com\\\/channel\\\/UCAFnRZZiNuug-k9TNDH_sEw\"]}]}<\/script>\n<!-- \/ Yoast SEO plugin. -->","yoast_head_json":{"title":"Mentions l\u00e9gales | NEEL-TRIMARANS","robots":{"index":"index","follow":"follow","max-snippet":"max-snippet:-1","max-image-preview":"max-image-preview:large","max-video-preview":"max-video-preview:-1"},"canonical":"https:\/\/www.neel-trimarans.com\/fr\/mentions-legales\/","og_locale":"fr_FR","og_type":"article","og_title":"Mentions l\u00e9gales | NEEL-TRIMARANS","og_description":"Pr\u00e9sentation du site Le pr\u00e9sent site est la propri\u00e9t\u00e9 de NEEL-TRIMARANS dont le si\u00e8ge social est situ\u00e9 \u00e0 l\u2019adresse suivante : NEEL-TRIMARANS 4, rue Virginie Heriot 17000 La Rochelle cedex France Soci\u00e9t\u00e9 SAS au capital social de : 3\u00a0000\u00a0000 \u20ac Immatricul\u00e9e au RCS DE LA ROCHELLE sous le num\u00e9ro : 514 815 844 Num\u00e9ro TVA [&hellip;]","og_url":"https:\/\/www.neel-trimarans.com\/fr\/mentions-legales\/","og_site_name":"NEEL-TRIMARANS","article_publisher":"https:\/\/www.facebook.com\/neeltrimarans\/","article_modified_time":"2022-01-11T12:50:05+00:00","twitter_card":"summary_large_image","twitter_site":"@neeltrimarans","twitter_misc":{"Dur\u00e9e de lecture estim\u00e9e":"5 minutes"},"schema":{"@context":"https:\/\/schema.org","@graph":[{"@type":"WebPage","@id":"https:\/\/www.neel-trimarans.com\/fr\/mentions-legales\/","url":"https:\/\/www.neel-trimarans.com\/fr\/mentions-legales\/","name":"Mentions l\u00e9gales | NEEL-TRIMARANS","isPartOf":{"@id":"https:\/\/www.neel-trimarans.com\/#website"},"datePublished":"2020-01-15T08:02:31+00:00","dateModified":"2022-01-11T12:50:05+00:00","breadcrumb":{"@id":"https:\/\/www.neel-trimarans.com\/fr\/mentions-legales\/#breadcrumb"},"inLanguage":"fr-FR","potentialAction":[{"@type":"ReadAction","target":["https:\/\/www.neel-trimarans.com\/fr\/mentions-legales\/"]}]},{"@type":"BreadcrumbList","@id":"https:\/\/www.neel-trimarans.com\/fr\/mentions-legales\/#breadcrumb","itemListElement":[{"@type":"ListItem","position":1,"name":"Home","item":"https:\/\/www.neel-trimarans.com\/fr\/"},{"@type":"ListItem","position":2,"name":"Mentions l\u00e9gales"}]},{"@type":"WebSite","@id":"https:\/\/www.neel-trimarans.com\/#website","url":"https:\/\/www.neel-trimarans.com\/","name":"NEEL-TRIMARANS","description":"Just makes sense","publisher":{"@id":"https:\/\/www.neel-trimarans.com\/#organization"},"potentialAction":[{"@type":"SearchAction","target":{"@type":"EntryPoint","urlTemplate":"https:\/\/www.neel-trimarans.com\/?s={search_term_string}"},"query-input":{"@type":"PropertyValueSpecification","valueRequired":true,"valueName":"search_term_string"}}],"inLanguage":"fr-FR"},{"@type":"Organization","@id":"https:\/\/www.neel-trimarans.com\/#organization","name":"NEEL-TRIMARANS","url":"https:\/\/www.neel-trimarans.com\/","logo":{"@type":"ImageObject","inLanguage":"fr-FR","@id":"https:\/\/www.neel-trimarans.com\/#\/schema\/logo\/image\/","url":"","contentUrl":"","caption":"NEEL-TRIMARANS"},"image":{"@id":"https:\/\/www.neel-trimarans.com\/#\/schema\/logo\/image\/"},"sameAs":["https:\/\/www.facebook.com\/neeltrimarans\/","https:\/\/x.com\/neeltrimarans","https:\/\/www.instagram.com\/neeltrimarans_official\/","https:\/\/www.youtube.com\/channel\/UCAFnRZZiNuug-k9TNDH_sEw"]}]}},"_links":{"self":[{"href":"https:\/\/www.neel-trimarans.com\/fr\/wp-json\/wp\/v2\/pages\/9738","targetHints":{"allow":["GET"]}}],"collection":[{"href":"https:\/\/www.neel-trimarans.com\/fr\/wp-json\/wp\/v2\/pages"}],"about":[{"href":"https:\/\/www.neel-trimarans.com\/fr\/wp-json\/wp\/v2\/types\/page"}],"author":[{"embeddable":true,"href":"https:\/\/www.neel-trimarans.com\/fr\/wp-json\/wp\/v2\/users\/1"}],"replies":[{"embeddable":true,"href":"https:\/\/www.neel-trimarans.com\/fr\/wp-json\/wp\/v2\/comments?post=9738"}],"version-history":[{"count":3,"href":"https:\/\/www.neel-trimarans.com\/fr\/wp-json\/wp\/v2\/pages\/9738\/revisions"}],"predecessor-version":[{"id":273382,"href":"https:\/\/www.neel-trimarans.com\/fr\/wp-json\/wp\/v2\/pages\/9738\/revisions\/273382"}],"wp:attachment":[{"href":"https:\/\/www.neel-trimarans.com\/fr\/wp-json\/wp\/v2\/media?parent=9738"}],"curies":[{"name":"wp","href":"https:\/\/api.w.org\/{rel}","templated":true}]}}