{"id":8799,"date":"2019-12-09T12:19:14","date_gmt":"2019-12-09T11:19:24","guid":{"rendered":"https:\/\/www.neel-trimarans.com\/boat-shows\/"},"modified":"2026-04-01T14:26:37","modified_gmt":"2026-04-01T13:26:37","slug":"salons-nautiques","status":"publish","type":"page","link":"https:\/\/www.neel-trimarans.com\/fr\/salons-nautiques\/","title":{"rendered":"Salons nautiques"},"content":{"rendered":"\t\t<div data-elementor-type=\"wp-page\" data-elementor-id=\"8799\" class=\"elementor elementor-8799\" data-elementor-post-type=\"page\">\n\t\t\t\t\t\t<section class=\"elementor-section elementor-top-section elementor-element elementor-element-6427fbcf section_breadcrum_neel elementor-section-boxed elementor-section-height-default elementor-section-height-default\" data-id=\"6427fbcf\" data-element_type=\"section\" data-e-type=\"section\">\n\t\t\t\t\t\t<div class=\"elementor-container elementor-column-gap-default\">\n\t\t\t\t\t<div class=\"elementor-column elementor-col-100 elementor-top-column elementor-element elementor-element-3a9bb4ea\" data-id=\"3a9bb4ea\" data-element_type=\"column\" data-e-type=\"column\">\n\t\t\t<div class=\"elementor-widget-wrap elementor-element-populated\">\n\t\t\t\t\t\t<div class=\"elementor-element elementor-element-29ef373b breadcrum_neel elementor-widget elementor-widget-wp-widget-bcn_widget\" data-id=\"29ef373b\" data-element_type=\"widget\" data-e-type=\"widget\" data-widget_type=\"wp-widget-bcn_widget.default\">\n\t\t\t\t<div class=\"elementor-widget-container\">\n\t\t\t\t\t<div class=\"breadcrumbs\" vocab=\"https:\/\/schema.org\/\" typeof=\"BreadcrumbList\"><span property=\"itemListElement\" typeof=\"ListItem\"><a property=\"item\" typeof=\"WebPage\" title=\"Aller \u00e0 NEEL-TRIMARANS.\" href=\"https:\/\/www.neel-trimarans.com\/fr\/\" class=\"home\" aria-current=\"page\"><span property=\"name\">NEEL-TRIMARANS<\/span><\/a><meta property=\"position\" content=\"1\"><\/span><\/div>\t\t\t\t<\/div>\n\t\t\t\t<\/div>\n\t\t\t\t\t<\/div>\n\t\t<\/div>\n\t\t\t\t\t<\/div>\n\t\t<\/section>\n\t\t\t\t<section class=\"elementor-section elementor-top-section elementor-element elementor-element-f024442 elementor-section-boxed elementor-section-height-default elementor-section-height-default\" data-id=\"f024442\" data-element_type=\"section\" data-e-type=\"section\">\n\t\t\t\t\t\t<div class=\"elementor-container elementor-column-gap-default\">\n\t\t\t\t\t<div class=\"elementor-column elementor-col-100 elementor-top-column elementor-element elementor-element-d9cf712\" data-id=\"d9cf712\" data-element_type=\"column\" data-e-type=\"column\">\n\t\t\t<div class=\"elementor-widget-wrap elementor-element-populated\">\n\t\t\t\t\t\t<div class=\"elementor-element elementor-element-150dd7c elementor-widget elementor-widget-tp-timeline\" data-id=\"150dd7c\" data-element_type=\"widget\" data-e-type=\"widget\" data-widget_type=\"tp-timeline.default\">\n\t\t\t\t<div class=\"elementor-widget-container\">\n\t\t\t\t\t<div id=\"pt_plus_timeline\" class=\"pt-plus-timeline-list  layout-both   timeline-center-align timeline69e254e7a2ab4 timeline-style-1 \" data-id=\"timeline69e254e7a2ab4\" data-masonry-type=\"no\"><div class=\"post-inner-loop \"><div class=\"timeline-track  \"><\/div><div class=\"timeline-track timeline-track-draw  \"><\/div><div class=\"timeline--icon\"><div class=\"timeline-beginning-icon\"><i class=\" fa fa-circle-o\" ><\/i><\/div><\/div><div class=\"grid-item timeline-item-wrap elementor-repeater-item-62ad014 timeline-left-content  text-pin-position-right\"  >\r\n\t\t\t\t\t\t<div class=\"timeline-inner-block timeline-transition\">\r\n\t\t\t\t\t\t\t<div class=\"timeline-item text-left animate-general\"  data-animate-type=\"transition.fadeIn\" data-animate-delay=\"400\" data-animate-offset=\"85%\">\r\n\t\t\t\t\t\t\t\t<div class=\"timeline-item-content timeline-transition text-left \"><div class=\"timeline-tl-before timeline-transition\"><\/div><a class=\"timeline-item-heading timeline-transition\" href=\"https:\/\/www.neel-trimarans.com\/fr\/contacts\/#informations\"  >International Multihull Show<\/a><div class=\"timeline-content-image\"><img fetchpriority=\"high\" decoding=\"async\" width=\"1536\" height=\"672\" src=\"https:\/\/www.neel-trimarans.com\/wp-content\/uploads\/2026\/04\/international-multihull-show-2026-nous-vous-attendons-du-22-au-26-avril-5.png\" class=\"hover__img\" alt=\"International Multihull Show 2026 : nous vous attendons du 22 au 26 avril ! 2\" srcset=\"https:\/\/www.neel-trimarans.com\/wp-content\/uploads\/2026\/04\/international-multihull-show-2026-nous-vous-attendons-du-22-au-26-avril-5.png 1536w, https:\/\/www.neel-trimarans.com\/wp-content\/uploads\/2026\/04\/international-multihull-show-2026-nous-vous-attendons-du-22-au-26-avril-5-300x131.png 300w, https:\/\/www.neel-trimarans.com\/wp-content\/uploads\/2026\/04\/international-multihull-show-2026-nous-vous-attendons-du-22-au-26-avril-5-1024x448.png 1024w, https:\/\/www.neel-trimarans.com\/wp-content\/uploads\/2026\/04\/international-multihull-show-2026-nous-vous-attendons-du-22-au-26-avril-5-150x66.png 150w\" sizes=\"(max-width: 1536px) 100vw, 1536px\" \/><\/div><div class=\"timeline-item-description timeline-transition\"><p>Bateau expos\u00e9 :<\/p><ul><li>NEEL 52<\/li><\/ul><\/div><div class=\"pt_plus_button btn69e254e7a3003 button-style-8 \"><a href=\"https:\/\/www.neel-trimarans.com\/fr\/contacts\/#informations\" class=\"button-link-wrap \" role=\"button\">PRENDRE RDV<\/a><\/div><\/div><\/div><div class=\"point-icon style-1\"> <div class=\"timeline-tooltip-wrap\"><div class=\"timeline-point-icon\"> <div class=\"timeline-pin-icon\"><i aria-hidden=\"true\" class=\"fas fa-water\"><\/i><\/div><\/div><\/div> <div class=\"timeline-text-tooltip position-right timeline-transition\" style=\"opacity: 1;\">du 22 au 26 avril 2026<div class=\"tooltip-arrow timeline-transition\"><\/div><\/div> <\/div> <\/div> <\/div><div class=\"grid-item timeline-item-wrap elementor-repeater-item-7461538 timeline-left-content  text-pin-position-right\"  >\r\n\t\t\t\t\t\t<div class=\"timeline-inner-block timeline-transition\">\r\n\t\t\t\t\t\t\t<div class=\"timeline-item text-left animate-general\"  data-animate-type=\"transition.fadeIn\" data-animate-delay=\"400\" data-animate-offset=\"85%\">\r\n\t\t\t\t\t\t\t\t<div class=\"timeline-item-content timeline-transition text-left \"><div class=\"timeline-tl-before timeline-transition\"><\/div><a class=\"timeline-item-heading timeline-transition\" href=\"https:\/\/www.neel-trimarans.com\/fr\/contacts\/#informations\"  > Grand Pavois <\/a><div class=\"timeline-content-image\"><img decoding=\"async\" width=\"710\" height=\"335\" src=\"https:\/\/www.neel-trimarans.com\/wp-content\/uploads\/2025\/07\/boat-shows-26.jpg\" class=\"hover__img\" alt=\"Boat shows 37\" srcset=\"https:\/\/www.neel-trimarans.com\/wp-content\/uploads\/2025\/07\/boat-shows-26.jpg 710w, https:\/\/www.neel-trimarans.com\/wp-content\/uploads\/2025\/07\/boat-shows-26-300x142.jpg 300w, https:\/\/www.neel-trimarans.com\/wp-content\/uploads\/2025\/07\/boat-shows-26-150x71.jpg 150w\" sizes=\"(max-width: 710px) 100vw, 710px\" \/><\/div><div class=\"timeline-item-description timeline-transition\"><p>Bateaux expos\u00e9s :<\/p><ul><li>NEEL 47<\/li><\/ul><\/div><div class=\"pt_plus_button btn69e254e7a33d3 button-style-8 \"><a href=\"https:\/\/www.neel-trimarans.com\/fr\/contacts\/#informations\" class=\"button-link-wrap \" role=\"button\">PRENDRE RDV<\/a><\/div><\/div><\/div><div class=\"point-icon style-1\"> <div class=\"timeline-tooltip-wrap\"><div class=\"timeline-point-icon\"> <div class=\"timeline-pin-icon\"><i aria-hidden=\"true\" class=\"fas fa-water\"><\/i><\/div><\/div><\/div> <div class=\"timeline-text-tooltip position-right timeline-transition\" style=\"opacity: 1;\">du 23 au 25 septembre 2025<div class=\"tooltip-arrow timeline-transition\"><\/div><\/div> <\/div> <\/div> <\/div><div class=\"grid-item timeline-item-wrap elementor-repeater-item-83c0a0c timeline-right-content  text-pin-position-left\"  >\r\n\t\t\t\t\t\t<div class=\"timeline-inner-block timeline-transition\">\r\n\t\t\t\t\t\t\t<div class=\"timeline-item text-left animate-general\"  data-animate-type=\"transition.fadeIn\" data-animate-delay=\"400\" data-animate-offset=\"85%\">\r\n\t\t\t\t\t\t\t\t<div class=\"timeline-item-content timeline-transition text-left \"><div class=\"timeline-tl-before timeline-transition\"><\/div><a class=\"timeline-item-heading timeline-transition\" href=\"https:\/\/www.neel-trimarans.com\/fr\/contacts\/#informations\"  >Cannes Yachting Festival <\/a><div class=\"timeline-content-image\"><img decoding=\"async\" width=\"1200\" height=\"789\" src=\"https:\/\/www.neel-trimarans.com\/wp-content\/uploads\/2025\/07\/boat-shows-25.webp\" class=\"hover__img\" alt=\"Boat shows 36\" srcset=\"https:\/\/www.neel-trimarans.com\/wp-content\/uploads\/2025\/07\/boat-shows-25.webp 1200w, https:\/\/www.neel-trimarans.com\/wp-content\/uploads\/2025\/07\/boat-shows-25-300x197.webp 300w, https:\/\/www.neel-trimarans.com\/wp-content\/uploads\/2025\/07\/boat-shows-25-1024x673.webp 1024w, https:\/\/www.neel-trimarans.com\/wp-content\/uploads\/2025\/07\/boat-shows-25-150x99.webp 150w\" sizes=\"(max-width: 1200px) 100vw, 1200px\" \/><\/div><div class=\"timeline-item-description timeline-transition\"><p>Bateaux expos\u00e9s :<\/p><ul><li>NEEL 43 (duo version)<\/li><li>NEEL 52<\/li><\/ul><\/div><div class=\"pt_plus_button btn69e254e7a3763 button-style-8 \"><a href=\"https:\/\/www.neel-trimarans.com\/fr\/contacts\/#informations\" class=\"button-link-wrap \" role=\"button\">PRENDRE RDV<\/a><\/div><\/div><\/div><div class=\"point-icon style-1\"> <div class=\"timeline-tooltip-wrap\"><div class=\"timeline-point-icon\"> <div class=\"timeline-pin-icon\"><i aria-hidden=\"true\" class=\"fas fa-water\"><\/i><\/div><\/div><\/div> <div class=\"timeline-text-tooltip position-left timeline-transition\" style=\"opacity: 1;\">du 09 au 14 septembre <div class=\"tooltip-arrow timeline-transition\"><\/div><\/div> <\/div> <\/div> <\/div><div class=\"timeline--icon\"><div class=\"timeline-end-icon\"><i class=\" fa fa-angle-double-down\" ><\/i><\/div><\/div><\/div><\/div><style>@media (min-width:731px){.timeline69e254e7a2ab4.timeline-style-1 .timeline-item-wrap .timeline-item .timeline-tl-before{width:120px}.timeline69e254e7a2ab4.timeline-style-1.timeline-center-align .timeline-left-content{padding-right:120px}.timeline69e254e7a2ab4.timeline-style-1.timeline-center-align .timeline-right-content{padding-left:120px}.timeline69e254e7a2ab4.timeline-style-1.timeline-left-align .timeline-item-wrap{padding-right:120px !important;}.timeline69e254e7a2ab4.timeline-style-1.timeline-right-align .timeline-item-wrap.timeline-left-content,.timeline69e254e7a2ab4.timeline-style-1.timeline-right-align .timeline-item-wrap.timeline-right-content{padding-left:120px !important;}}<\/style>\t\t\t\t<\/div>\n\t\t\t\t<\/div>\n\t\t\t\t\t<\/div>\n\t\t<\/div>\n\t\t\t\t\t<\/div>\n\t\t<\/section>\n\t\t\t\t<\/div>\n\t\t","protected":false},"excerpt":{"rendered":"<p>International Multihull Show Bateau expos\u00e9 : NEEL 52 PRENDRE RDV du 22 au 26 avril 2026 Grand Pavois Bateaux expos\u00e9s : NEEL 47 PRENDRE RDV du 23 au 25 septembre 2025 Cannes Yachting Festival Bateaux expos\u00e9s : NEEL 43 (duo version) NEEL 52 PRENDRE RDV du 09 au 14 septembre<\/p>\n","protected":false},"author":1,"featured_media":11795,"parent":0,"menu_order":7,"comment_status":"closed","ping_status":"closed","template":"page_content_neel.php","meta":{"_acf_changed":false,"inline_featured_image":false,"footnotes":""},"class_list":["post-8799","page","type-page","status-publish","has-post-thumbnail","hentry"],"acf":[],"yoast_head":"<!-- This site is optimized with the Yoast SEO plugin v27.4 - https:\/\/yoast.com\/product\/yoast-seo-wordpress\/ -->\n<title>Salons nautiques | NEEL-TRIMARANS<\/title>\n<meta name=\"description\" content=\"Tout au long de l&#039;ann\u00e9e et dans le monde entier, rencontrez nos \u00e9quipes pour d\u00e9couvrir les trimarans NEEL sur les salons nautique.\" \/>\n<meta name=\"robots\" content=\"index, follow, max-snippet:-1, max-image-preview:large, max-video-preview:-1\" \/>\n<link rel=\"canonical\" href=\"https:\/\/www.neel-trimarans.com\/fr\/salons-nautiques\/\" \/>\n<meta property=\"og:locale\" content=\"fr_FR\" \/>\n<meta property=\"og:type\" content=\"article\" \/>\n<meta property=\"og:title\" content=\"Salons nautiques | NEEL-TRIMARANS\" \/>\n<meta property=\"og:description\" content=\"Tout au long de l&#039;ann\u00e9e et dans le monde entier, rencontrez nos \u00e9quipes pour d\u00e9couvrir les trimarans NEEL sur les salons nautique.\" \/>\n<meta property=\"og:url\" content=\"https:\/\/www.neel-trimarans.com\/fr\/salons-nautiques\/\" \/>\n<meta property=\"og:site_name\" content=\"NEEL-TRIMARANS\" \/>\n<meta property=\"article:publisher\" content=\"https:\/\/www.facebook.com\/neeltrimarans\/\" \/>\n<meta property=\"article:modified_time\" content=\"2026-04-01T13:26:37+00:00\" \/>\n<meta property=\"og:image\" content=\"https:\/\/www.neel-trimarans.com\/wp-content\/uploads\/2020\/02\/salons-nautiques-5.jpg\" \/>\n\t<meta property=\"og:image:width\" content=\"1200\" \/>\n\t<meta property=\"og:image:height\" content=\"675\" \/>\n\t<meta property=\"og:image:type\" content=\"image\/jpeg\" \/>\n<meta name=\"twitter:card\" content=\"summary_large_image\" \/>\n<meta name=\"twitter:site\" content=\"@neeltrimarans\" \/>\n<meta name=\"twitter:label1\" content=\"Dur\u00e9e de lecture estim\u00e9e\" \/>\n\t<meta name=\"twitter:data1\" content=\"1 minute\" \/>\n<script type=\"application\/ld+json\" class=\"yoast-schema-graph\">{\"@context\":\"https:\\\/\\\/schema.org\",\"@graph\":[{\"@type\":\"WebPage\",\"@id\":\"https:\\\/\\\/www.neel-trimarans.com\\\/fr\\\/salons-nautiques\\\/\",\"url\":\"https:\\\/\\\/www.neel-trimarans.com\\\/fr\\\/salons-nautiques\\\/\",\"name\":\"Salons nautiques | NEEL-TRIMARANS\",\"isPartOf\":{\"@id\":\"https:\\\/\\\/www.neel-trimarans.com\\\/#website\"},\"primaryImageOfPage\":{\"@id\":\"https:\\\/\\\/www.neel-trimarans.com\\\/fr\\\/salons-nautiques\\\/#primaryimage\"},\"image\":{\"@id\":\"https:\\\/\\\/www.neel-trimarans.com\\\/fr\\\/salons-nautiques\\\/#primaryimage\"},\"thumbnailUrl\":\"https:\\\/\\\/www.neel-trimarans.com\\\/wp-content\\\/uploads\\\/2020\\\/02\\\/salons-nautiques-5.jpg\",\"datePublished\":\"2019-12-09T11:19:24+00:00\",\"dateModified\":\"2026-04-01T13:26:37+00:00\",\"description\":\"Tout au long de l'ann\u00e9e et dans le monde entier, rencontrez nos \u00e9quipes pour d\u00e9couvrir les trimarans NEEL sur les salons nautique.\",\"breadcrumb\":{\"@id\":\"https:\\\/\\\/www.neel-trimarans.com\\\/fr\\\/salons-nautiques\\\/#breadcrumb\"},\"inLanguage\":\"fr-FR\",\"potentialAction\":[{\"@type\":\"ReadAction\",\"target\":[\"https:\\\/\\\/www.neel-trimarans.com\\\/fr\\\/salons-nautiques\\\/\"]}]},{\"@type\":\"ImageObject\",\"inLanguage\":\"fr-FR\",\"@id\":\"https:\\\/\\\/www.neel-trimarans.com\\\/fr\\\/salons-nautiques\\\/#primaryimage\",\"url\":\"https:\\\/\\\/www.neel-trimarans.com\\\/wp-content\\\/uploads\\\/2020\\\/02\\\/salons-nautiques-5.jpg\",\"contentUrl\":\"https:\\\/\\\/www.neel-trimarans.com\\\/wp-content\\\/uploads\\\/2020\\\/02\\\/salons-nautiques-5.jpg\",\"width\":1200,\"height\":675,\"caption\":\"Salons nautiques NEEL-TRIMARANS\"},{\"@type\":\"BreadcrumbList\",\"@id\":\"https:\\\/\\\/www.neel-trimarans.com\\\/fr\\\/salons-nautiques\\\/#breadcrumb\",\"itemListElement\":[{\"@type\":\"ListItem\",\"position\":1,\"name\":\"Home\",\"item\":\"https:\\\/\\\/www.neel-trimarans.com\\\/fr\\\/\"},{\"@type\":\"ListItem\",\"position\":2,\"name\":\"Salons nautiques\"}]},{\"@type\":\"WebSite\",\"@id\":\"https:\\\/\\\/www.neel-trimarans.com\\\/#website\",\"url\":\"https:\\\/\\\/www.neel-trimarans.com\\\/\",\"name\":\"NEEL-TRIMARANS\",\"description\":\"Just makes sense\",\"publisher\":{\"@id\":\"https:\\\/\\\/www.neel-trimarans.com\\\/#organization\"},\"potentialAction\":[{\"@type\":\"SearchAction\",\"target\":{\"@type\":\"EntryPoint\",\"urlTemplate\":\"https:\\\/\\\/www.neel-trimarans.com\\\/?s={search_term_string}\"},\"query-input\":{\"@type\":\"PropertyValueSpecification\",\"valueRequired\":true,\"valueName\":\"search_term_string\"}}],\"inLanguage\":\"fr-FR\"},{\"@type\":\"Organization\",\"@id\":\"https:\\\/\\\/www.neel-trimarans.com\\\/#organization\",\"name\":\"NEEL-TRIMARANS\",\"url\":\"https:\\\/\\\/www.neel-trimarans.com\\\/\",\"logo\":{\"@type\":\"ImageObject\",\"inLanguage\":\"fr-FR\",\"@id\":\"https:\\\/\\\/www.neel-trimarans.com\\\/#\\\/schema\\\/logo\\\/image\\\/\",\"url\":\"\",\"contentUrl\":\"\",\"caption\":\"NEEL-TRIMARANS\"},\"image\":{\"@id\":\"https:\\\/\\\/www.neel-trimarans.com\\\/#\\\/schema\\\/logo\\\/image\\\/\"},\"sameAs\":[\"https:\\\/\\\/www.facebook.com\\\/neeltrimarans\\\/\",\"https:\\\/\\\/x.com\\\/neeltrimarans\",\"https:\\\/\\\/www.instagram.com\\\/neeltrimarans_official\\\/\",\"https:\\\/\\\/www.youtube.com\\\/channel\\\/UCAFnRZZiNuug-k9TNDH_sEw\"]}]}<\/script>\n<!-- \/ Yoast SEO plugin. -->","yoast_head_json":{"title":"Salons nautiques | NEEL-TRIMARANS","description":"Tout au long de l'ann\u00e9e et dans le monde entier, rencontrez nos \u00e9quipes pour d\u00e9couvrir les trimarans NEEL sur les salons nautique.","robots":{"index":"index","follow":"follow","max-snippet":"max-snippet:-1","max-image-preview":"max-image-preview:large","max-video-preview":"max-video-preview:-1"},"canonical":"https:\/\/www.neel-trimarans.com\/fr\/salons-nautiques\/","og_locale":"fr_FR","og_type":"article","og_title":"Salons nautiques | NEEL-TRIMARANS","og_description":"Tout au long de l'ann\u00e9e et dans le monde entier, rencontrez nos \u00e9quipes pour d\u00e9couvrir les trimarans NEEL sur les salons nautique.","og_url":"https:\/\/www.neel-trimarans.com\/fr\/salons-nautiques\/","og_site_name":"NEEL-TRIMARANS","article_publisher":"https:\/\/www.facebook.com\/neeltrimarans\/","article_modified_time":"2026-04-01T13:26:37+00:00","og_image":[{"width":1200,"height":675,"url":"https:\/\/www.neel-trimarans.com\/wp-content\/uploads\/2020\/02\/salons-nautiques-5.jpg","type":"image\/jpeg"}],"twitter_card":"summary_large_image","twitter_site":"@neeltrimarans","twitter_misc":{"Dur\u00e9e de lecture estim\u00e9e":"1 minute"},"schema":{"@context":"https:\/\/schema.org","@graph":[{"@type":"WebPage","@id":"https:\/\/www.neel-trimarans.com\/fr\/salons-nautiques\/","url":"https:\/\/www.neel-trimarans.com\/fr\/salons-nautiques\/","name":"Salons nautiques | NEEL-TRIMARANS","isPartOf":{"@id":"https:\/\/www.neel-trimarans.com\/#website"},"primaryImageOfPage":{"@id":"https:\/\/www.neel-trimarans.com\/fr\/salons-nautiques\/#primaryimage"},"image":{"@id":"https:\/\/www.neel-trimarans.com\/fr\/salons-nautiques\/#primaryimage"},"thumbnailUrl":"https:\/\/www.neel-trimarans.com\/wp-content\/uploads\/2020\/02\/salons-nautiques-5.jpg","datePublished":"2019-12-09T11:19:24+00:00","dateModified":"2026-04-01T13:26:37+00:00","description":"Tout au long de l'ann\u00e9e et dans le monde entier, rencontrez nos \u00e9quipes pour d\u00e9couvrir les trimarans NEEL sur les salons nautique.","breadcrumb":{"@id":"https:\/\/www.neel-trimarans.com\/fr\/salons-nautiques\/#breadcrumb"},"inLanguage":"fr-FR","potentialAction":[{"@type":"ReadAction","target":["https:\/\/www.neel-trimarans.com\/fr\/salons-nautiques\/"]}]},{"@type":"ImageObject","inLanguage":"fr-FR","@id":"https:\/\/www.neel-trimarans.com\/fr\/salons-nautiques\/#primaryimage","url":"https:\/\/www.neel-trimarans.com\/wp-content\/uploads\/2020\/02\/salons-nautiques-5.jpg","contentUrl":"https:\/\/www.neel-trimarans.com\/wp-content\/uploads\/2020\/02\/salons-nautiques-5.jpg","width":1200,"height":675,"caption":"Salons nautiques NEEL-TRIMARANS"},{"@type":"BreadcrumbList","@id":"https:\/\/www.neel-trimarans.com\/fr\/salons-nautiques\/#breadcrumb","itemListElement":[{"@type":"ListItem","position":1,"name":"Home","item":"https:\/\/www.neel-trimarans.com\/fr\/"},{"@type":"ListItem","position":2,"name":"Salons nautiques"}]},{"@type":"WebSite","@id":"https:\/\/www.neel-trimarans.com\/#website","url":"https:\/\/www.neel-trimarans.com\/","name":"NEEL-TRIMARANS","description":"Just makes sense","publisher":{"@id":"https:\/\/www.neel-trimarans.com\/#organization"},"potentialAction":[{"@type":"SearchAction","target":{"@type":"EntryPoint","urlTemplate":"https:\/\/www.neel-trimarans.com\/?s={search_term_string}"},"query-input":{"@type":"PropertyValueSpecification","valueRequired":true,"valueName":"search_term_string"}}],"inLanguage":"fr-FR"},{"@type":"Organization","@id":"https:\/\/www.neel-trimarans.com\/#organization","name":"NEEL-TRIMARANS","url":"https:\/\/www.neel-trimarans.com\/","logo":{"@type":"ImageObject","inLanguage":"fr-FR","@id":"https:\/\/www.neel-trimarans.com\/#\/schema\/logo\/image\/","url":"","contentUrl":"","caption":"NEEL-TRIMARANS"},"image":{"@id":"https:\/\/www.neel-trimarans.com\/#\/schema\/logo\/image\/"},"sameAs":["https:\/\/www.facebook.com\/neeltrimarans\/","https:\/\/x.com\/neeltrimarans","https:\/\/www.instagram.com\/neeltrimarans_official\/","https:\/\/www.youtube.com\/channel\/UCAFnRZZiNuug-k9TNDH_sEw"]}]}},"_links":{"self":[{"href":"https:\/\/www.neel-trimarans.com\/fr\/wp-json\/wp\/v2\/pages\/8799","targetHints":{"allow":["GET"]}}],"collection":[{"href":"https:\/\/www.neel-trimarans.com\/fr\/wp-json\/wp\/v2\/pages"}],"about":[{"href":"https:\/\/www.neel-trimarans.com\/fr\/wp-json\/wp\/v2\/types\/page"}],"author":[{"embeddable":true,"href":"https:\/\/www.neel-trimarans.com\/fr\/wp-json\/wp\/v2\/users\/1"}],"replies":[{"embeddable":true,"href":"https:\/\/www.neel-trimarans.com\/fr\/wp-json\/wp\/v2\/comments?post=8799"}],"version-history":[{"count":326,"href":"https:\/\/www.neel-trimarans.com\/fr\/wp-json\/wp\/v2\/pages\/8799\/revisions"}],"predecessor-version":[{"id":334178,"href":"https:\/\/www.neel-trimarans.com\/fr\/wp-json\/wp\/v2\/pages\/8799\/revisions\/334178"}],"wp:featuredmedia":[{"embeddable":true,"href":"https:\/\/www.neel-trimarans.com\/fr\/wp-json\/wp\/v2\/media\/11795"}],"wp:attachment":[{"href":"https:\/\/www.neel-trimarans.com\/fr\/wp-json\/wp\/v2\/media?parent=8799"}],"curies":[{"name":"wp","href":"https:\/\/api.w.org\/{rel}","templated":true}]}}