{"id":8255,"date":"2016-01-21T16:37:47","date_gmt":"2016-01-21T15:37:34","guid":{"rendered":"https:\/\/www.neel-trimarans.com\/pourquoi-un-trimaran-neel\/construction\/"},"modified":"2020-02-16T21:50:58","modified_gmt":"2020-02-16T20:50:58","slug":"construction","status":"publish","type":"page","link":"https:\/\/www.neel-trimarans.com\/fr\/pourquoi-un-trimaran-neel\/construction\/","title":{"rendered":"Construction"},"content":{"rendered":"\t\t<div data-elementor-type=\"wp-page\" data-elementor-id=\"8255\" class=\"elementor elementor-8255\" data-elementor-post-type=\"page\">\n\t\t\t\t\t\t<section class=\"elementor-section elementor-top-section elementor-element elementor-element-55da5909 section_breadcrum_neel elementor-section-boxed elementor-section-height-default elementor-section-height-default\" data-id=\"55da5909\" data-element_type=\"section\" data-e-type=\"section\">\n\t\t\t\t\t\t<div class=\"elementor-container elementor-column-gap-default\">\n\t\t\t\t\t<div class=\"elementor-column elementor-col-100 elementor-top-column elementor-element elementor-element-625b5f85\" data-id=\"625b5f85\" data-element_type=\"column\" data-e-type=\"column\">\n\t\t\t<div class=\"elementor-widget-wrap elementor-element-populated\">\n\t\t\t\t\t\t<div class=\"elementor-element elementor-element-1540b319 breadcrum_neel elementor-widget elementor-widget-wp-widget-bcn_widget\" data-id=\"1540b319\" data-element_type=\"widget\" data-e-type=\"widget\" data-widget_type=\"wp-widget-bcn_widget.default\">\n\t\t\t\t<div class=\"elementor-widget-container\">\n\t\t\t\t\t<div class=\"breadcrumbs\" vocab=\"https:\/\/schema.org\/\" typeof=\"BreadcrumbList\"><span property=\"itemListElement\" typeof=\"ListItem\"><a property=\"item\" typeof=\"WebPage\" title=\"Aller \u00e0 NEEL-TRIMARANS.\" href=\"https:\/\/www.neel-trimarans.com\/fr\/\" class=\"home\" aria-current=\"page\"><span property=\"name\">NEEL-TRIMARANS<\/span><\/a><meta property=\"position\" content=\"1\"><\/span><\/div>\t\t\t\t<\/div>\n\t\t\t\t<\/div>\n\t\t\t\t\t<\/div>\n\t\t<\/div>\n\t\t\t\t\t<\/div>\n\t\t<\/section>\n\t\t\t\t<section class=\"elementor-section elementor-top-section elementor-element elementor-element-1b02bf99 elementor-section-boxed elementor-section-height-default elementor-section-height-default\" data-id=\"1b02bf99\" data-element_type=\"section\" data-e-type=\"section\">\n\t\t\t\t\t\t<div class=\"elementor-container elementor-column-gap-default\">\n\t\t\t\t\t<div class=\"elementor-column elementor-col-50 elementor-top-column elementor-element elementor-element-18f485d2\" data-id=\"18f485d2\" data-element_type=\"column\" data-e-type=\"column\">\n\t\t\t<div class=\"elementor-widget-wrap elementor-element-populated\">\n\t\t\t\t\t\t<div class=\"elementor-element elementor-element-a68badc elementor-widget elementor-widget-image\" data-id=\"a68badc\" data-element_type=\"widget\" data-e-type=\"widget\" data-widget_type=\"image.default\">\n\t\t\t\t<div class=\"elementor-widget-container\">\n\t\t\t\t\t\t\t\t\t\t\t\t\t\t\t<img fetchpriority=\"high\" decoding=\"async\" width=\"1060\" height=\"557\" src=\"https:\/\/www.neel-trimarans.com\/wp-content\/uploads\/2020\/01\/construction-3.jpg\" class=\"attachment-full size-full wp-image-8122\" alt=\"Construction 2\" srcset=\"https:\/\/www.neel-trimarans.com\/wp-content\/uploads\/2020\/01\/construction-3.jpg 1060w, https:\/\/www.neel-trimarans.com\/wp-content\/uploads\/2020\/01\/construction-3-300x158.jpg 300w, https:\/\/www.neel-trimarans.com\/wp-content\/uploads\/2020\/01\/construction-3-1024x538.jpg 1024w\" sizes=\"(max-width: 1060px) 100vw, 1060px\" \/>\t\t\t\t\t\t\t\t\t\t\t\t\t\t\t<\/div>\n\t\t\t\t<\/div>\n\t\t\t\t<div class=\"elementor-element elementor-element-cfd9a77 elementor-widget elementor-widget-image\" data-id=\"cfd9a77\" data-element_type=\"widget\" data-e-type=\"widget\" data-widget_type=\"image.default\">\n\t\t\t\t<div class=\"elementor-widget-container\">\n\t\t\t\t\t\t\t\t\t\t\t\t\t\t\t<img decoding=\"async\" width=\"1120\" height=\"778\" src=\"https:\/\/www.neel-trimarans.com\/wp-content\/uploads\/2020\/01\/construction-2.jpg\" class=\"attachment-full size-full wp-image-8120\" alt=\"Construction 1\" srcset=\"https:\/\/www.neel-trimarans.com\/wp-content\/uploads\/2020\/01\/construction-2.jpg 1120w, https:\/\/www.neel-trimarans.com\/wp-content\/uploads\/2020\/01\/construction-2-300x208.jpg 300w, https:\/\/www.neel-trimarans.com\/wp-content\/uploads\/2020\/01\/construction-2-1024x711.jpg 1024w\" sizes=\"(max-width: 1120px) 100vw, 1120px\" \/>\t\t\t\t\t\t\t\t\t\t\t\t\t\t\t<\/div>\n\t\t\t\t<\/div>\n\t\t\t\t\t<\/div>\n\t\t<\/div>\n\t\t\t\t<div class=\"elementor-column elementor-col-50 elementor-top-column elementor-element elementor-element-e6bf4dc\" data-id=\"e6bf4dc\" data-element_type=\"column\" data-e-type=\"column\">\n\t\t\t<div class=\"elementor-widget-wrap elementor-element-populated\">\n\t\t\t\t\t\t<div class=\"elementor-element elementor-element-a263bad elementor-widget elementor-widget-text-editor\" data-id=\"a263bad\" data-element_type=\"widget\" data-e-type=\"widget\" data-widget_type=\"text-editor.default\">\n\t\t\t\t<div class=\"elementor-widget-container\">\n\t\t\t\t\t\t\t\t\t<h2>Une \u00e9tude approfondie.<\/h2><p>Pour optimiser la structure des\u00a0<strong>NEEL-TRIMARANS<\/strong>, nous avons fait appel au cabinet\u00a0<strong>TENSYL<\/strong>\u00a0avec qui nous avions d\u00e9j\u00e0 travaill\u00e9 sur la structure du\u00a0<strong>trimaran de course TRILOGIC<\/strong>.<\/p><p>Tensyl s\u2019est fait une sp\u00e9cialit\u00e9 du calcul des structures de multicoque de course et de croisi\u00e8re en composite. L\u2019<strong>\u00e9chantillonnage<\/strong>\u00a0se d\u00e9termine en prenant les cas de chargement en mer qui sont\u00a0<strong>les plus critiques<\/strong>\u00a0pour la structure :\u00a0<strong>bateau rattrapant une vague \u00e0 haute vitesse<\/strong>\u00a0ou\u00a0<strong>navigation par mer de travers<\/strong>.<\/p><p>Les programmes d\u2019analyses transmettent les informations utiles qui sont compar\u00e9es aux valeurs admissibles du cahier des charges. Les vues en couleur sont particuli\u00e8rement instructives pour d\u00e9terminer l\u2019\u00e9chantillonnage. L\u2019ensemble de la recherche vise \u00e0 d\u00e9finir pour chaque zone, les mat\u00e9riaux de construction et la quantit\u00e9 de mati\u00e8re les plus adapt\u00e9s,\u00a0<strong>dans le but d\u2019\u00e9liminer les poids inutiles<\/strong>\u00a0et d\u2019appliquer des\u00a0<strong>coefficients de s\u00e9curit\u00e9<\/strong>\u00a0adapt\u00e9s aux zones d\u2019effort.<\/p>\t\t\t\t\t\t\t\t<\/div>\n\t\t\t\t<\/div>\n\t\t\t\t\t<\/div>\n\t\t<\/div>\n\t\t\t\t\t<\/div>\n\t\t<\/section>\n\t\t\t\t<section class=\"elementor-section elementor-top-section elementor-element elementor-element-7592170 elementor-section-boxed elementor-section-height-default elementor-section-height-default\" data-id=\"7592170\" data-element_type=\"section\" data-e-type=\"section\">\n\t\t\t\t\t\t<div class=\"elementor-container elementor-column-gap-default\">\n\t\t\t\t\t<div class=\"elementor-column elementor-col-100 elementor-top-column elementor-element elementor-element-06eb7c9\" data-id=\"06eb7c9\" data-element_type=\"column\" data-e-type=\"column\">\n\t\t\t<div class=\"elementor-widget-wrap elementor-element-populated\">\n\t\t\t\t\t\t<div class=\"elementor-element elementor-element-7aa021b elementor-widget elementor-widget-html\" data-id=\"7aa021b\" data-element_type=\"widget\" data-e-type=\"widget\" data-widget_type=\"html.default\">\n\t\t\t\t<div class=\"elementor-widget-container\">\n\t\t\t\t\t<div class=\"section__headline\"><\/div>\t\t\t\t<\/div>\n\t\t\t\t<\/div>\n\t\t\t\t\t<\/div>\n\t\t<\/div>\n\t\t\t\t\t<\/div>\n\t\t<\/section>\n\t\t\t\t<section class=\"elementor-section elementor-top-section elementor-element elementor-element-e6d5a2c section_flex_neel elementor-section-boxed elementor-section-height-default elementor-section-height-default\" data-id=\"e6d5a2c\" data-element_type=\"section\" data-e-type=\"section\">\n\t\t\t\t\t\t<div class=\"elementor-container elementor-column-gap-default\">\n\t\t\t\t\t<div class=\"elementor-column elementor-col-50 elementor-top-column elementor-element elementor-element-445ef1a section_left_flex\" data-id=\"445ef1a\" data-element_type=\"column\" data-e-type=\"column\">\n\t\t\t<div class=\"elementor-widget-wrap elementor-element-populated\">\n\t\t\t\t\t\t<div class=\"elementor-element elementor-element-8054824 elementor-widget elementor-widget-text-editor\" data-id=\"8054824\" data-element_type=\"widget\" data-e-type=\"widget\" data-widget_type=\"text-editor.default\">\n\t\t\t\t<div class=\"elementor-widget-container\">\n\t\t\t\t\t\t\t\t\t<h2>Une construction optimis\u00e9e.<\/h2><p style=\"text-align: left;\">Les bateaux NEEL-TRIMARANS sont fabriqu\u00e9s avec les techniques et les mat\u00e9riaux les plus adapt\u00e9s \u00e0 leur utilisation, alliant\u00a0<strong>solidit\u00e9<\/strong>,\u00a0<strong>rigidit\u00e9<\/strong>\u00a0et\u00a0<strong>gain de poids<\/strong>.<\/p><ul><li>Coque, flotteurs, ponts et roof sont fabriqu\u00e9s en sandwich\u00a0<strong>mousse\/pvc coll\u00e9s sous vide, fibre de verre\/r\u00e9sine polyester isophtalique<\/strong>.<\/li><li>Les planch\u00e9s sont fabriqu\u00e9s en sandwich\u00a0<strong>nid d\u2019abeille pvc coll\u00e9 sous vide fibre de verre\/r\u00e9sine polyester isophtalique<\/strong>.<\/li><li>Les fibres de verre sont stratifi\u00e9es selon un plan d\u2019\u00e9chantillonnage d\u00e9termin\u00e9 par\u00a0<strong>calcul de structure par \u00e9l\u00e9ments finis<\/strong>, s\u2019y ajoute notre exp\u00e9rience dans la construction de bateau de course et de croisi\u00e8re hauturi\u00e8re. Selon leur r\u00f4le dans la structure du trimaran, ces fibres de verre et leur nombre sont de type\u00a0<strong>unidirectionnel, bidirectionnel 0\u00b0\/90\u00b0<\/strong>\u00a0ou\u00a0<strong>bidirectionnel 45\u00b0\/45\u00b0, tafta, roving<\/strong>\u00a0ou\u00a0<strong>serg\u00e9<\/strong>.<\/li><li>L\u2019isolation phonique et thermique ainsi que l\u2019insubmersibilit\u00e9 sont assur\u00e9es par l\u2019\u00e2me du stratifi\u00e9 sandwich en mousse PVC. Cette mousse \u00e0 cellule ferm\u00e9e est\u00a0<strong>parfaitement adapt\u00e9e au milieu marin<\/strong>, car tr\u00e8s peu sensible \u00e0 l\u2019humidit\u00e9.<\/li><li>Gr\u00e9ement et voiles sont r\u00e9alis\u00e9s par des sp\u00e9cialistes du multicoque \u00e0 La Rochelle.<\/li><li>Les rev\u00eatements int\u00e9rieurs (vaigrages, sol, sellerie) ont \u00e9t\u00e9\u00a0<strong>test\u00e9s en haute mer<\/strong>\u00a0avant d\u2019\u00eatre s\u00e9lectionn\u00e9s pour la r\u00e9alisation de\u00a0<strong>votre NEEL-TRIMARANS.<\/strong><\/li><\/ul>\t\t\t\t\t\t\t\t<\/div>\n\t\t\t\t<\/div>\n\t\t\t\t\t<\/div>\n\t\t<\/div>\n\t\t\t\t<div class=\"elementor-column elementor-col-50 elementor-top-column elementor-element elementor-element-ef1d285 section_right_flex\" data-id=\"ef1d285\" data-element_type=\"column\" data-e-type=\"column\">\n\t\t\t<div class=\"elementor-widget-wrap elementor-element-populated\">\n\t\t\t\t\t\t<div class=\"elementor-element elementor-element-4ad8224 elementor-widget elementor-widget-image\" data-id=\"4ad8224\" data-element_type=\"widget\" data-e-type=\"widget\" data-widget_type=\"image.default\">\n\t\t\t\t<div class=\"elementor-widget-container\">\n\t\t\t\t\t\t\t\t\t\t\t\t\t\t\t<img decoding=\"async\" width=\"1400\" height=\"932\" src=\"https:\/\/www.neel-trimarans.com\/wp-content\/uploads\/2020\/01\/construction.jpg\" class=\"attachment-full size-full wp-image-8118\" alt=\"Construction\" srcset=\"https:\/\/www.neel-trimarans.com\/wp-content\/uploads\/2020\/01\/construction.jpg 1400w, https:\/\/www.neel-trimarans.com\/wp-content\/uploads\/2020\/01\/construction-300x200.jpg 300w, https:\/\/www.neel-trimarans.com\/wp-content\/uploads\/2020\/01\/construction-1024x682.jpg 1024w\" sizes=\"(max-width: 1400px) 100vw, 1400px\" \/>\t\t\t\t\t\t\t\t\t\t\t\t\t\t\t<\/div>\n\t\t\t\t<\/div>\n\t\t\t\t\t<\/div>\n\t\t<\/div>\n\t\t\t\t\t<\/div>\n\t\t<\/section>\n\t\t\t\t<\/div>\n\t\t","protected":false},"excerpt":{"rendered":"<p>Une \u00e9tude approfondie. Pour optimiser la structure des\u00a0NEEL-TRIMARANS, nous avons fait appel au cabinet\u00a0TENSYL\u00a0avec qui nous avions d\u00e9j\u00e0 travaill\u00e9 sur la structure du\u00a0trimaran de course TRILOGIC. Tensyl s\u2019est fait une sp\u00e9cialit\u00e9 du calcul des structures de multicoque de course et de croisi\u00e8re en composite. L\u2019\u00e9chantillonnage\u00a0se d\u00e9termine en prenant les cas de chargement en mer qui [&hellip;]<\/p>\n","protected":false},"author":1,"featured_media":11752,"parent":8236,"menu_order":5,"comment_status":"closed","ping_status":"closed","template":"page_content_neel.php","meta":{"_acf_changed":false,"inline_featured_image":false,"footnotes":""},"class_list":["post-8255","page","type-page","status-publish","has-post-thumbnail","hentry"],"acf":[],"yoast_head":"<!-- This site is optimized with the Yoast SEO plugin v27.5 - https:\/\/yoast.com\/product\/yoast-seo-wordpress\/ -->\n<title>Construction | NEEL-TRIMARANS<\/title>\n<meta name=\"description\" content=\"Concepts worked out with high-performance design offices to achieve an efficient and optimised construction.\" \/>\n<meta name=\"robots\" content=\"index, follow, max-snippet:-1, max-image-preview:large, max-video-preview:-1\" \/>\n<link rel=\"canonical\" href=\"https:\/\/www.neel-trimarans.com\/fr\/pourquoi-un-trimaran-neel\/construction\/\" \/>\n<meta property=\"og:locale\" content=\"fr_FR\" \/>\n<meta property=\"og:type\" content=\"article\" \/>\n<meta property=\"og:title\" content=\"Construction | NEEL-TRIMARANS\" \/>\n<meta property=\"og:description\" content=\"Concepts worked out with high-performance design offices to achieve an efficient and optimised construction.\" \/>\n<meta property=\"og:url\" content=\"https:\/\/www.neel-trimarans.com\/fr\/pourquoi-un-trimaran-neel\/construction\/\" \/>\n<meta property=\"og:site_name\" content=\"NEEL-TRIMARANS\" \/>\n<meta property=\"article:publisher\" content=\"https:\/\/www.facebook.com\/neeltrimarans\/\" \/>\n<meta property=\"article:modified_time\" content=\"2020-02-16T20:50:58+00:00\" \/>\n<meta property=\"og:image\" content=\"https:\/\/www.neel-trimarans.com\/wp-content\/uploads\/2020\/02\/construction.jpg\" \/>\n\t<meta property=\"og:image:width\" content=\"1200\" \/>\n\t<meta property=\"og:image:height\" content=\"799\" \/>\n\t<meta property=\"og:image:type\" content=\"image\/jpeg\" \/>\n<meta name=\"twitter:card\" content=\"summary_large_image\" \/>\n<meta name=\"twitter:site\" content=\"@neeltrimarans\" \/>\n<meta name=\"twitter:label1\" content=\"Dur\u00e9e de lecture estim\u00e9e\" \/>\n\t<meta name=\"twitter:data1\" content=\"2 minutes\" \/>\n<script type=\"application\/ld+json\" class=\"yoast-schema-graph\">{\"@context\":\"https:\\\/\\\/schema.org\",\"@graph\":[{\"@type\":\"WebPage\",\"@id\":\"https:\\\/\\\/www.neel-trimarans.com\\\/fr\\\/pourquoi-un-trimaran-neel\\\/construction\\\/\",\"url\":\"https:\\\/\\\/www.neel-trimarans.com\\\/fr\\\/pourquoi-un-trimaran-neel\\\/construction\\\/\",\"name\":\"Construction | NEEL-TRIMARANS\",\"isPartOf\":{\"@id\":\"https:\\\/\\\/www.neel-trimarans.com\\\/#website\"},\"primaryImageOfPage\":{\"@id\":\"https:\\\/\\\/www.neel-trimarans.com\\\/fr\\\/pourquoi-un-trimaran-neel\\\/construction\\\/#primaryimage\"},\"image\":{\"@id\":\"https:\\\/\\\/www.neel-trimarans.com\\\/fr\\\/pourquoi-un-trimaran-neel\\\/construction\\\/#primaryimage\"},\"thumbnailUrl\":\"https:\\\/\\\/www.neel-trimarans.com\\\/wp-content\\\/uploads\\\/2020\\\/02\\\/construction.jpg\",\"datePublished\":\"2016-01-21T15:37:34+00:00\",\"dateModified\":\"2020-02-16T20:50:58+00:00\",\"description\":\"Concepts worked out with high-performance design offices to achieve an efficient and optimised construction.\",\"breadcrumb\":{\"@id\":\"https:\\\/\\\/www.neel-trimarans.com\\\/fr\\\/pourquoi-un-trimaran-neel\\\/construction\\\/#breadcrumb\"},\"inLanguage\":\"fr-FR\",\"potentialAction\":[{\"@type\":\"ReadAction\",\"target\":[\"https:\\\/\\\/www.neel-trimarans.com\\\/fr\\\/pourquoi-un-trimaran-neel\\\/construction\\\/\"]}]},{\"@type\":\"ImageObject\",\"inLanguage\":\"fr-FR\",\"@id\":\"https:\\\/\\\/www.neel-trimarans.com\\\/fr\\\/pourquoi-un-trimaran-neel\\\/construction\\\/#primaryimage\",\"url\":\"https:\\\/\\\/www.neel-trimarans.com\\\/wp-content\\\/uploads\\\/2020\\\/02\\\/construction.jpg\",\"contentUrl\":\"https:\\\/\\\/www.neel-trimarans.com\\\/wp-content\\\/uploads\\\/2020\\\/02\\\/construction.jpg\",\"width\":1200,\"height\":799,\"caption\":\"Construire un trimaran\"},{\"@type\":\"BreadcrumbList\",\"@id\":\"https:\\\/\\\/www.neel-trimarans.com\\\/fr\\\/pourquoi-un-trimaran-neel\\\/construction\\\/#breadcrumb\",\"itemListElement\":[{\"@type\":\"ListItem\",\"position\":1,\"name\":\"Home\",\"item\":\"https:\\\/\\\/www.neel-trimarans.com\\\/fr\\\/\"},{\"@type\":\"ListItem\",\"position\":2,\"name\":\"Pourquoi un trimaran NEEL\",\"item\":\"https:\\\/\\\/www.neel-trimarans.com\\\/fr\\\/pourquoi-un-trimaran-neel\\\/\"},{\"@type\":\"ListItem\",\"position\":3,\"name\":\"Construction\"}]},{\"@type\":\"WebSite\",\"@id\":\"https:\\\/\\\/www.neel-trimarans.com\\\/#website\",\"url\":\"https:\\\/\\\/www.neel-trimarans.com\\\/\",\"name\":\"NEEL-TRIMARANS\",\"description\":\"Just makes sense\",\"publisher\":{\"@id\":\"https:\\\/\\\/www.neel-trimarans.com\\\/#organization\"},\"potentialAction\":[{\"@type\":\"SearchAction\",\"target\":{\"@type\":\"EntryPoint\",\"urlTemplate\":\"https:\\\/\\\/www.neel-trimarans.com\\\/?s={search_term_string}\"},\"query-input\":{\"@type\":\"PropertyValueSpecification\",\"valueRequired\":true,\"valueName\":\"search_term_string\"}}],\"inLanguage\":\"fr-FR\"},{\"@type\":\"Organization\",\"@id\":\"https:\\\/\\\/www.neel-trimarans.com\\\/#organization\",\"name\":\"NEEL-TRIMARANS\",\"url\":\"https:\\\/\\\/www.neel-trimarans.com\\\/\",\"logo\":{\"@type\":\"ImageObject\",\"inLanguage\":\"fr-FR\",\"@id\":\"https:\\\/\\\/www.neel-trimarans.com\\\/#\\\/schema\\\/logo\\\/image\\\/\",\"url\":\"\",\"contentUrl\":\"\",\"caption\":\"NEEL-TRIMARANS\"},\"image\":{\"@id\":\"https:\\\/\\\/www.neel-trimarans.com\\\/#\\\/schema\\\/logo\\\/image\\\/\"},\"sameAs\":[\"https:\\\/\\\/www.facebook.com\\\/neeltrimarans\\\/\",\"https:\\\/\\\/x.com\\\/neeltrimarans\",\"https:\\\/\\\/www.instagram.com\\\/neeltrimarans_official\\\/\",\"https:\\\/\\\/www.youtube.com\\\/channel\\\/UCAFnRZZiNuug-k9TNDH_sEw\"]}]}<\/script>\n<!-- \/ Yoast SEO plugin. -->","yoast_head_json":{"title":"Construction | NEEL-TRIMARANS","description":"Concepts worked out with high-performance design offices to achieve an efficient and optimised construction.","robots":{"index":"index","follow":"follow","max-snippet":"max-snippet:-1","max-image-preview":"max-image-preview:large","max-video-preview":"max-video-preview:-1"},"canonical":"https:\/\/www.neel-trimarans.com\/fr\/pourquoi-un-trimaran-neel\/construction\/","og_locale":"fr_FR","og_type":"article","og_title":"Construction | NEEL-TRIMARANS","og_description":"Concepts worked out with high-performance design offices to achieve an efficient and optimised construction.","og_url":"https:\/\/www.neel-trimarans.com\/fr\/pourquoi-un-trimaran-neel\/construction\/","og_site_name":"NEEL-TRIMARANS","article_publisher":"https:\/\/www.facebook.com\/neeltrimarans\/","article_modified_time":"2020-02-16T20:50:58+00:00","og_image":[{"width":1200,"height":799,"url":"https:\/\/www.neel-trimarans.com\/wp-content\/uploads\/2020\/02\/construction.jpg","type":"image\/jpeg"}],"twitter_card":"summary_large_image","twitter_site":"@neeltrimarans","twitter_misc":{"Dur\u00e9e de lecture estim\u00e9e":"2 minutes"},"schema":{"@context":"https:\/\/schema.org","@graph":[{"@type":"WebPage","@id":"https:\/\/www.neel-trimarans.com\/fr\/pourquoi-un-trimaran-neel\/construction\/","url":"https:\/\/www.neel-trimarans.com\/fr\/pourquoi-un-trimaran-neel\/construction\/","name":"Construction | NEEL-TRIMARANS","isPartOf":{"@id":"https:\/\/www.neel-trimarans.com\/#website"},"primaryImageOfPage":{"@id":"https:\/\/www.neel-trimarans.com\/fr\/pourquoi-un-trimaran-neel\/construction\/#primaryimage"},"image":{"@id":"https:\/\/www.neel-trimarans.com\/fr\/pourquoi-un-trimaran-neel\/construction\/#primaryimage"},"thumbnailUrl":"https:\/\/www.neel-trimarans.com\/wp-content\/uploads\/2020\/02\/construction.jpg","datePublished":"2016-01-21T15:37:34+00:00","dateModified":"2020-02-16T20:50:58+00:00","description":"Concepts worked out with high-performance design offices to achieve an efficient and optimised construction.","breadcrumb":{"@id":"https:\/\/www.neel-trimarans.com\/fr\/pourquoi-un-trimaran-neel\/construction\/#breadcrumb"},"inLanguage":"fr-FR","potentialAction":[{"@type":"ReadAction","target":["https:\/\/www.neel-trimarans.com\/fr\/pourquoi-un-trimaran-neel\/construction\/"]}]},{"@type":"ImageObject","inLanguage":"fr-FR","@id":"https:\/\/www.neel-trimarans.com\/fr\/pourquoi-un-trimaran-neel\/construction\/#primaryimage","url":"https:\/\/www.neel-trimarans.com\/wp-content\/uploads\/2020\/02\/construction.jpg","contentUrl":"https:\/\/www.neel-trimarans.com\/wp-content\/uploads\/2020\/02\/construction.jpg","width":1200,"height":799,"caption":"Construire un trimaran"},{"@type":"BreadcrumbList","@id":"https:\/\/www.neel-trimarans.com\/fr\/pourquoi-un-trimaran-neel\/construction\/#breadcrumb","itemListElement":[{"@type":"ListItem","position":1,"name":"Home","item":"https:\/\/www.neel-trimarans.com\/fr\/"},{"@type":"ListItem","position":2,"name":"Pourquoi un trimaran NEEL","item":"https:\/\/www.neel-trimarans.com\/fr\/pourquoi-un-trimaran-neel\/"},{"@type":"ListItem","position":3,"name":"Construction"}]},{"@type":"WebSite","@id":"https:\/\/www.neel-trimarans.com\/#website","url":"https:\/\/www.neel-trimarans.com\/","name":"NEEL-TRIMARANS","description":"Just makes sense","publisher":{"@id":"https:\/\/www.neel-trimarans.com\/#organization"},"potentialAction":[{"@type":"SearchAction","target":{"@type":"EntryPoint","urlTemplate":"https:\/\/www.neel-trimarans.com\/?s={search_term_string}"},"query-input":{"@type":"PropertyValueSpecification","valueRequired":true,"valueName":"search_term_string"}}],"inLanguage":"fr-FR"},{"@type":"Organization","@id":"https:\/\/www.neel-trimarans.com\/#organization","name":"NEEL-TRIMARANS","url":"https:\/\/www.neel-trimarans.com\/","logo":{"@type":"ImageObject","inLanguage":"fr-FR","@id":"https:\/\/www.neel-trimarans.com\/#\/schema\/logo\/image\/","url":"","contentUrl":"","caption":"NEEL-TRIMARANS"},"image":{"@id":"https:\/\/www.neel-trimarans.com\/#\/schema\/logo\/image\/"},"sameAs":["https:\/\/www.facebook.com\/neeltrimarans\/","https:\/\/x.com\/neeltrimarans","https:\/\/www.instagram.com\/neeltrimarans_official\/","https:\/\/www.youtube.com\/channel\/UCAFnRZZiNuug-k9TNDH_sEw"]}]}},"_links":{"self":[{"href":"https:\/\/www.neel-trimarans.com\/fr\/wp-json\/wp\/v2\/pages\/8255","targetHints":{"allow":["GET"]}}],"collection":[{"href":"https:\/\/www.neel-trimarans.com\/fr\/wp-json\/wp\/v2\/pages"}],"about":[{"href":"https:\/\/www.neel-trimarans.com\/fr\/wp-json\/wp\/v2\/types\/page"}],"author":[{"embeddable":true,"href":"https:\/\/www.neel-trimarans.com\/fr\/wp-json\/wp\/v2\/users\/1"}],"replies":[{"embeddable":true,"href":"https:\/\/www.neel-trimarans.com\/fr\/wp-json\/wp\/v2\/comments?post=8255"}],"version-history":[{"count":5,"href":"https:\/\/www.neel-trimarans.com\/fr\/wp-json\/wp\/v2\/pages\/8255\/revisions"}],"predecessor-version":[{"id":11756,"href":"https:\/\/www.neel-trimarans.com\/fr\/wp-json\/wp\/v2\/pages\/8255\/revisions\/11756"}],"up":[{"embeddable":true,"href":"https:\/\/www.neel-trimarans.com\/fr\/wp-json\/wp\/v2\/pages\/8236"}],"wp:featuredmedia":[{"embeddable":true,"href":"https:\/\/www.neel-trimarans.com\/fr\/wp-json\/wp\/v2\/media\/11752"}],"wp:attachment":[{"href":"https:\/\/www.neel-trimarans.com\/fr\/wp-json\/wp\/v2\/media?parent=8255"}],"curies":[{"name":"wp","href":"https:\/\/api.w.org\/{rel}","templated":true}]}}