{"id":8248,"date":"2016-01-21T16:36:47","date_gmt":"2016-01-21T15:36:45","guid":{"rendered":"https:\/\/www.neel-trimarans.com\/pourquoi-un-trimaran-neel\/performance\/"},"modified":"2020-02-16T21:48:30","modified_gmt":"2020-02-16T20:48:30","slug":"performance","status":"publish","type":"page","link":"https:\/\/www.neel-trimarans.com\/fr\/pourquoi-un-trimaran-neel\/performance\/","title":{"rendered":"Performance"},"content":{"rendered":"\t\t<div data-elementor-type=\"wp-page\" data-elementor-id=\"8248\" class=\"elementor elementor-8248\" data-elementor-post-type=\"page\">\n\t\t\t\t\t\t<section class=\"elementor-section elementor-top-section elementor-element elementor-element-7d78fec1 section_breadcrum_neel elementor-section-boxed elementor-section-height-default elementor-section-height-default\" data-id=\"7d78fec1\" data-element_type=\"section\" data-e-type=\"section\">\n\t\t\t\t\t\t<div class=\"elementor-container elementor-column-gap-default\">\n\t\t\t\t\t<div class=\"elementor-column elementor-col-100 elementor-top-column elementor-element elementor-element-21dbd789\" data-id=\"21dbd789\" data-element_type=\"column\" data-e-type=\"column\">\n\t\t\t<div class=\"elementor-widget-wrap elementor-element-populated\">\n\t\t\t\t\t\t<div class=\"elementor-element elementor-element-15f1af83 breadcrum_neel elementor-widget elementor-widget-wp-widget-bcn_widget\" data-id=\"15f1af83\" data-element_type=\"widget\" data-e-type=\"widget\" data-widget_type=\"wp-widget-bcn_widget.default\">\n\t\t\t\t<div class=\"elementor-widget-container\">\n\t\t\t\t\t<div class=\"breadcrumbs\" vocab=\"https:\/\/schema.org\/\" typeof=\"BreadcrumbList\"><span property=\"itemListElement\" typeof=\"ListItem\"><a property=\"item\" typeof=\"WebPage\" title=\"Aller \u00e0 NEEL-TRIMARANS.\" href=\"https:\/\/www.neel-trimarans.com\/fr\/\" class=\"home\" aria-current=\"page\"><span property=\"name\">NEEL-TRIMARANS<\/span><\/a><meta property=\"position\" content=\"1\"><\/span><\/div>\t\t\t\t<\/div>\n\t\t\t\t<\/div>\n\t\t\t\t\t<\/div>\n\t\t<\/div>\n\t\t\t\t\t<\/div>\n\t\t<\/section>\n\t\t\t\t<section class=\"elementor-section elementor-top-section elementor-element elementor-element-179cffe0 elementor-section-boxed elementor-section-height-default elementor-section-height-default\" data-id=\"179cffe0\" data-element_type=\"section\" data-e-type=\"section\">\n\t\t\t\t\t\t<div class=\"elementor-container elementor-column-gap-default\">\n\t\t\t\t\t<div class=\"elementor-column elementor-col-50 elementor-top-column elementor-element elementor-element-78ff46fc\" data-id=\"78ff46fc\" data-element_type=\"column\" data-e-type=\"column\">\n\t\t\t<div class=\"elementor-widget-wrap elementor-element-populated\">\n\t\t\t\t\t\t<div class=\"elementor-element elementor-element-136c961 elementor-widget elementor-widget-image\" data-id=\"136c961\" data-element_type=\"widget\" data-e-type=\"widget\" data-widget_type=\"image.default\">\n\t\t\t\t<div class=\"elementor-widget-container\">\n\t\t\t\t\t\t\t\t\t\t\t\t\t\t\t<img fetchpriority=\"high\" decoding=\"async\" width=\"800\" height=\"532\" src=\"https:\/\/www.neel-trimarans.com\/wp-content\/uploads\/2019\/05\/NEEL_HELICO_BD_002.jpg\" class=\"attachment-full size-full wp-image-8912\" alt=\"\" srcset=\"https:\/\/www.neel-trimarans.com\/wp-content\/uploads\/2019\/05\/NEEL_HELICO_BD_002.jpg 800w, https:\/\/www.neel-trimarans.com\/wp-content\/uploads\/2019\/05\/NEEL_HELICO_BD_002-300x200.jpg 300w\" sizes=\"(max-width: 800px) 100vw, 800px\" \/>\t\t\t\t\t\t\t\t\t\t\t\t\t\t\t<\/div>\n\t\t\t\t<\/div>\n\t\t\t\t\t<\/div>\n\t\t<\/div>\n\t\t\t\t<div class=\"elementor-column elementor-col-50 elementor-top-column elementor-element elementor-element-fb6e7aa\" data-id=\"fb6e7aa\" data-element_type=\"column\" data-e-type=\"column\">\n\t\t\t<div class=\"elementor-widget-wrap elementor-element-populated\">\n\t\t\t\t\t\t<div class=\"elementor-element elementor-element-6159965 elementor-widget elementor-widget-text-editor\" data-id=\"6159965\" data-element_type=\"widget\" data-e-type=\"widget\" data-widget_type=\"text-editor.default\">\n\t\t\t\t<div class=\"elementor-widget-container\">\n\t\t\t\t\t\t\t\t\t<h2>Le trimaran, plus rapide que le catamaran :<\/h2><p>Comme le d\u00e9montrent toutes les r\u00e9gates et les courses au large le trimaran est significativement plus rapide que le catamaran.\u00a0Ceci est \u00e9galement vrai pour les trimarans de croisi\u00e8re comme le montrent les r\u00e9sultats de l\u2019ARC (Atlantique Rally for Cruisers).\u00a0<br \/>Cette sup\u00e9riorit\u00e9 du trimaran est encore plus significative par navigation face au vent :<\/p><ul><li>Sur un catamaran, l\u2019\u00e9tai tire sur une poutre avant, le mat comprime une poutre centrale et les deux galhaubans tirent\u00a0sur les deux flotteurs qui supportent ces poutres d\u2019\u00e9tai et de mat: cette structure se d\u00e9formant dans de nombreuses\u00a0 directions,\u00a0Il est donc impossible d\u2019avoir un \u00e9tai rigide.<\/li><li>Sur un trimaran, l\u2019\u00e9tai, le mat et la tension de chute de Grand-voile sont m\u00e9caniquement li\u00e9s \u00e0 une seule poutre longitudinale : la coque centrale.<br \/>Cette configuration, identique \u00e0 celle d\u2019un monocoque, permet d\u2019avoir un \u00e9tai rigide donc de bonnes performances au pr\u00e8s.<\/li><\/ul><p><strong>Le centrage de poids joue \u00e9galement favorablement sur les performances compar\u00e9es.\u00a0La vitesse sup\u00e9rieure du trimaran est un facteur suppl\u00e9mentaire de s\u00e9curit\u00e9.<\/strong><\/p>\t\t\t\t\t\t\t\t<\/div>\n\t\t\t\t<\/div>\n\t\t\t\t\t<\/div>\n\t\t<\/div>\n\t\t\t\t\t<\/div>\n\t\t<\/section>\n\t\t\t\t<section class=\"elementor-section elementor-top-section elementor-element elementor-element-aba8fcc elementor-section-boxed elementor-section-height-default elementor-section-height-default\" data-id=\"aba8fcc\" data-element_type=\"section\" data-e-type=\"section\">\n\t\t\t\t\t\t<div class=\"elementor-container elementor-column-gap-default\">\n\t\t\t\t\t<div class=\"elementor-column elementor-col-100 elementor-top-column elementor-element elementor-element-f8d61fa\" data-id=\"f8d61fa\" data-element_type=\"column\" data-e-type=\"column\">\n\t\t\t<div class=\"elementor-widget-wrap elementor-element-populated\">\n\t\t\t\t\t\t<div class=\"elementor-element elementor-element-b47bc3c elementor-widget elementor-widget-html\" data-id=\"b47bc3c\" data-element_type=\"widget\" data-e-type=\"widget\" data-widget_type=\"html.default\">\n\t\t\t\t<div class=\"elementor-widget-container\">\n\t\t\t\t\t<div class=\"section__headline\"><\/div>\t\t\t\t<\/div>\n\t\t\t\t<\/div>\n\t\t\t\t\t<\/div>\n\t\t<\/div>\n\t\t\t\t\t<\/div>\n\t\t<\/section>\n\t\t\t\t<section class=\"elementor-section elementor-top-section elementor-element elementor-element-f7a37f8 section_flex_neel elementor-section-boxed elementor-section-height-default elementor-section-height-default\" data-id=\"f7a37f8\" data-element_type=\"section\" data-e-type=\"section\">\n\t\t\t\t\t\t<div class=\"elementor-container elementor-column-gap-default\">\n\t\t\t\t\t<div class=\"elementor-column elementor-col-50 elementor-top-column elementor-element elementor-element-a2b7a40 section_left_flex\" data-id=\"a2b7a40\" data-element_type=\"column\" data-e-type=\"column\">\n\t\t\t<div class=\"elementor-widget-wrap elementor-element-populated\">\n\t\t\t\t\t\t<div class=\"elementor-element elementor-element-a2d035e elementor-widget elementor-widget-text-editor\" data-id=\"a2d035e\" data-element_type=\"widget\" data-e-type=\"widget\" data-widget_type=\"text-editor.default\">\n\t\t\t\t<div class=\"elementor-widget-container\">\n\t\t\t\t\t\t\t\t\t<h2>Finesse de barre<\/h2><p>La\u00a0<strong>finesse du touch\u00e9 de barre<\/strong>\u00a0des NEEL-TRIMARANS est tr\u00e8s appr\u00e9ci\u00e9e des propri\u00e9taires, notamment ceux qui ont navigu\u00e9 pr\u00e9c\u00e9demment sur des monocoques performants.<br \/>Cette sensation \u00e0 la barre est la combinaison de plusieurs facteurs :<\/p><ul><li>Une seule barre \u00e0 roue connect\u00e9e \u00e0 un seul safran par des drosses en spectra.<\/li><li>Le trajet des drosses le plus direct possible pour optimiser les sensations \u00e0 la barre.<\/li><li>La m\u00e8che de safran sur paliers auto-alignants<\/li><li>Un safran profond situ\u00e9 sous la coque centrale participe au plan anti-d\u00e9rive et permet un virement de bord efficace.<\/li><\/ul>\t\t\t\t\t\t\t\t<\/div>\n\t\t\t\t<\/div>\n\t\t\t\t\t<\/div>\n\t\t<\/div>\n\t\t\t\t<div class=\"elementor-column elementor-col-50 elementor-top-column elementor-element elementor-element-e0dac3c section_right_flex\" data-id=\"e0dac3c\" data-element_type=\"column\" data-e-type=\"column\">\n\t\t\t<div class=\"elementor-widget-wrap elementor-element-populated\">\n\t\t\t\t\t\t<div class=\"elementor-element elementor-element-accbecf elementor-widget elementor-widget-image\" data-id=\"accbecf\" data-element_type=\"widget\" data-e-type=\"widget\" data-widget_type=\"image.default\">\n\t\t\t\t<div class=\"elementor-widget-container\">\n\t\t\t\t\t\t\t\t\t\t\t\t\t\t\t<img decoding=\"async\" width=\"1300\" height=\"867\" src=\"https:\/\/www.neel-trimarans.com\/wp-content\/uploads\/2019\/06\/190617_BII_NEEL47_066_bd.jpg\" class=\"attachment-full size-full wp-image-4806\" alt=\"\" srcset=\"https:\/\/www.neel-trimarans.com\/wp-content\/uploads\/2019\/06\/190617_BII_NEEL47_066_bd.jpg 1300w, https:\/\/www.neel-trimarans.com\/wp-content\/uploads\/2019\/06\/190617_BII_NEEL47_066_bd-300x200.jpg 300w, https:\/\/www.neel-trimarans.com\/wp-content\/uploads\/2019\/06\/190617_BII_NEEL47_066_bd-1024x683.jpg 1024w\" sizes=\"(max-width: 1300px) 100vw, 1300px\" \/>\t\t\t\t\t\t\t\t\t\t\t\t\t\t\t<\/div>\n\t\t\t\t<\/div>\n\t\t\t\t\t<\/div>\n\t\t<\/div>\n\t\t\t\t\t<\/div>\n\t\t<\/section>\n\t\t\t\t<section class=\"elementor-section elementor-top-section elementor-element elementor-element-358efa3 elementor-section-boxed elementor-section-height-default elementor-section-height-default\" data-id=\"358efa3\" data-element_type=\"section\" data-e-type=\"section\">\n\t\t\t\t\t\t<div class=\"elementor-container elementor-column-gap-default\">\n\t\t\t\t\t<div class=\"elementor-column elementor-col-100 elementor-top-column elementor-element elementor-element-583ae5b\" data-id=\"583ae5b\" data-element_type=\"column\" data-e-type=\"column\">\n\t\t\t<div class=\"elementor-widget-wrap elementor-element-populated\">\n\t\t\t\t\t\t<div class=\"elementor-element elementor-element-80602bd elementor-widget elementor-widget-html\" data-id=\"80602bd\" data-element_type=\"widget\" data-e-type=\"widget\" data-widget_type=\"html.default\">\n\t\t\t\t<div class=\"elementor-widget-container\">\n\t\t\t\t\t<div class=\"section__headline\"><\/div>\t\t\t\t<\/div>\n\t\t\t\t<\/div>\n\t\t\t\t\t<\/div>\n\t\t<\/div>\n\t\t\t\t\t<\/div>\n\t\t<\/section>\n\t\t\t\t<section class=\"elementor-section elementor-top-section elementor-element elementor-element-03f0479 elementor-section-boxed elementor-section-height-default elementor-section-height-default\" data-id=\"03f0479\" data-element_type=\"section\" data-e-type=\"section\">\n\t\t\t\t\t\t<div class=\"elementor-container elementor-column-gap-default\">\n\t\t\t\t\t<div class=\"elementor-column elementor-col-50 elementor-top-column elementor-element elementor-element-b51e84d\" data-id=\"b51e84d\" data-element_type=\"column\" data-e-type=\"column\">\n\t\t\t<div class=\"elementor-widget-wrap elementor-element-populated\">\n\t\t\t\t\t\t<div class=\"elementor-element elementor-element-69a35da elementor-widget elementor-widget-image\" data-id=\"69a35da\" data-element_type=\"widget\" data-e-type=\"widget\" data-widget_type=\"image.default\">\n\t\t\t\t<div class=\"elementor-widget-container\">\n\t\t\t\t\t\t\t\t\t\t\t\t\t\t\t<img decoding=\"async\" width=\"800\" height=\"532\" src=\"https:\/\/www.neel-trimarans.com\/wp-content\/uploads\/2019\/05\/NEEL_HELICO_BD_037.jpg\" class=\"attachment-full size-full wp-image-8908\" alt=\"\" srcset=\"https:\/\/www.neel-trimarans.com\/wp-content\/uploads\/2019\/05\/NEEL_HELICO_BD_037.jpg 800w, https:\/\/www.neel-trimarans.com\/wp-content\/uploads\/2019\/05\/NEEL_HELICO_BD_037-300x200.jpg 300w\" sizes=\"(max-width: 800px) 100vw, 800px\" \/>\t\t\t\t\t\t\t\t\t\t\t\t\t\t\t<\/div>\n\t\t\t\t<\/div>\n\t\t\t\t\t<\/div>\n\t\t<\/div>\n\t\t\t\t<div class=\"elementor-column elementor-col-50 elementor-top-column elementor-element elementor-element-264977c\" data-id=\"264977c\" data-element_type=\"column\" data-e-type=\"column\">\n\t\t\t<div class=\"elementor-widget-wrap elementor-element-populated\">\n\t\t\t\t\t\t<div class=\"elementor-element elementor-element-30eed8c elementor-widget elementor-widget-text-editor\" data-id=\"30eed8c\" data-element_type=\"widget\" data-e-type=\"widget\" data-widget_type=\"text-editor.default\">\n\t\t\t\t<div class=\"elementor-widget-container\">\n\t\t\t\t\t\t\t\t\t<h2>Les trimarans NEEL, r\u00e9solument tourn\u00e9s vers la croisi\u00e8re rapide<\/h2><p>La navigation se d\u00e9roule r\u00e9guli\u00e8rement \u00e0 environ<strong> 10 n\u0153uds de moyenne,<\/strong> permettant de couvrir plus de <strong>200 miles par 24 heures.<\/strong> Les vitesses de 15 \u00e0 18 n\u0153uds sont souvent atteintes d\u00e8s que le vent fraichit.<\/p><p>Le centrage des poids est soign\u00e9 pour <strong>limiter le tangage<\/strong>. La coque centrale est \u00ab rock\u00e9e \u00bb pour<strong> faciliter les virements de bord.<\/strong> Les formes des flotteurs sont tendues afin de privil\u00e9gier la <strong>stabilit\u00e9 de route<\/strong> et l\u2019avancement du centre de car\u00e8ne en fonction du chargement v\u00e9lique. Le gr\u00e9ement est directement issu des trimarans de course, permettant ainsi d\u2019obtenir des <strong>vitesses<\/strong> de croisi\u00e8re \u00e0 toutes les allures <strong>deux fois sup\u00e9rieures aux bateaux de croisi\u00e8re classiques.<\/strong><br \/>La surface de voile est g\u00e9n\u00e9reuse avec environ <strong>17 m\u00b2 \u00e0 la tonne.<\/strong><\/p><p>Enfin, la configuration du trimaran facilite \u00e9galement une <strong>vitesse soutenue au moteur.<\/strong> En effet, le faible coefficient prismatique de la coque centrale offre une tr\u00e8s faible r\u00e9sistance \u00e0 l\u2019avancement. Les flotteurs lat\u00e9raux ne touchent alors que tr\u00e8s l\u00e9g\u00e8rement la surface de l\u2019eau.<\/p>\t\t\t\t\t\t\t\t<\/div>\n\t\t\t\t<\/div>\n\t\t\t\t\t<\/div>\n\t\t<\/div>\n\t\t\t\t\t<\/div>\n\t\t<\/section>\n\t\t\t\t<\/div>\n\t\t","protected":false},"excerpt":{"rendered":"<p>Le trimaran, plus rapide que le catamaran : Comme le d\u00e9montrent toutes les r\u00e9gates et les courses au large le trimaran est significativement plus rapide que le catamaran.\u00a0Ceci est \u00e9galement vrai pour les trimarans de croisi\u00e8re comme le montrent les r\u00e9sultats de l\u2019ARC (Atlantique Rally for Cruisers). Cette sup\u00e9riorit\u00e9 du trimaran est encore plus significative [&hellip;]<\/p>\n","protected":false},"author":1,"featured_media":11749,"parent":8236,"menu_order":4,"comment_status":"closed","ping_status":"closed","template":"page_content_neel.php","meta":{"_acf_changed":false,"inline_featured_image":false,"footnotes":""},"class_list":["post-8248","page","type-page","status-publish","has-post-thumbnail","hentry"],"acf":[],"yoast_head":"<!-- This site is optimized with the Yoast SEO plugin v27.4 - https:\/\/yoast.com\/product\/yoast-seo-wordpress\/ -->\n<title>Performance | NEEL-TRIMARANS<\/title>\n<meta name=\"description\" content=\"By covering more than 200 miles per 24 hours and winning prestigious regattas, NEEL trimarans ensure a real performance.\u00a0\" \/>\n<meta name=\"robots\" content=\"index, follow, max-snippet:-1, max-image-preview:large, max-video-preview:-1\" \/>\n<link rel=\"canonical\" href=\"https:\/\/www.neel-trimarans.com\/fr\/pourquoi-un-trimaran-neel\/performance\/\" \/>\n<meta property=\"og:locale\" content=\"fr_FR\" \/>\n<meta property=\"og:type\" content=\"article\" \/>\n<meta property=\"og:title\" content=\"Performance | NEEL-TRIMARANS\" \/>\n<meta property=\"og:description\" content=\"By covering more than 200 miles per 24 hours and winning prestigious regattas, NEEL trimarans ensure a real performance.\u00a0\" \/>\n<meta property=\"og:url\" content=\"https:\/\/www.neel-trimarans.com\/fr\/pourquoi-un-trimaran-neel\/performance\/\" \/>\n<meta property=\"og:site_name\" content=\"NEEL-TRIMARANS\" \/>\n<meta property=\"article:publisher\" content=\"https:\/\/www.facebook.com\/neeltrimarans\/\" \/>\n<meta property=\"article:modified_time\" content=\"2020-02-16T20:48:30+00:00\" \/>\n<meta property=\"og:image\" content=\"https:\/\/www.neel-trimarans.com\/wp-content\/uploads\/2020\/02\/performance-22.jpg\" \/>\n\t<meta property=\"og:image:width\" content=\"1200\" \/>\n\t<meta property=\"og:image:height\" content=\"800\" \/>\n\t<meta property=\"og:image:type\" content=\"image\/jpeg\" \/>\n<meta name=\"twitter:card\" content=\"summary_large_image\" \/>\n<meta name=\"twitter:site\" content=\"@neeltrimarans\" \/>\n<meta name=\"twitter:label1\" content=\"Dur\u00e9e de lecture estim\u00e9e\" \/>\n\t<meta name=\"twitter:data1\" content=\"2 minutes\" \/>\n<script type=\"application\/ld+json\" class=\"yoast-schema-graph\">{\"@context\":\"https:\\\/\\\/schema.org\",\"@graph\":[{\"@type\":\"WebPage\",\"@id\":\"https:\\\/\\\/www.neel-trimarans.com\\\/fr\\\/pourquoi-un-trimaran-neel\\\/performance\\\/\",\"url\":\"https:\\\/\\\/www.neel-trimarans.com\\\/fr\\\/pourquoi-un-trimaran-neel\\\/performance\\\/\",\"name\":\"Performance | NEEL-TRIMARANS\",\"isPartOf\":{\"@id\":\"https:\\\/\\\/www.neel-trimarans.com\\\/#website\"},\"primaryImageOfPage\":{\"@id\":\"https:\\\/\\\/www.neel-trimarans.com\\\/fr\\\/pourquoi-un-trimaran-neel\\\/performance\\\/#primaryimage\"},\"image\":{\"@id\":\"https:\\\/\\\/www.neel-trimarans.com\\\/fr\\\/pourquoi-un-trimaran-neel\\\/performance\\\/#primaryimage\"},\"thumbnailUrl\":\"https:\\\/\\\/www.neel-trimarans.com\\\/wp-content\\\/uploads\\\/2020\\\/02\\\/performance-22.jpg\",\"datePublished\":\"2016-01-21T15:36:45+00:00\",\"dateModified\":\"2020-02-16T20:48:30+00:00\",\"description\":\"By covering more than 200 miles per 24 hours and winning prestigious regattas, NEEL trimarans ensure a real performance.\u00a0\",\"breadcrumb\":{\"@id\":\"https:\\\/\\\/www.neel-trimarans.com\\\/fr\\\/pourquoi-un-trimaran-neel\\\/performance\\\/#breadcrumb\"},\"inLanguage\":\"fr-FR\",\"potentialAction\":[{\"@type\":\"ReadAction\",\"target\":[\"https:\\\/\\\/www.neel-trimarans.com\\\/fr\\\/pourquoi-un-trimaran-neel\\\/performance\\\/\"]}]},{\"@type\":\"ImageObject\",\"inLanguage\":\"fr-FR\",\"@id\":\"https:\\\/\\\/www.neel-trimarans.com\\\/fr\\\/pourquoi-un-trimaran-neel\\\/performance\\\/#primaryimage\",\"url\":\"https:\\\/\\\/www.neel-trimarans.com\\\/wp-content\\\/uploads\\\/2020\\\/02\\\/performance-22.jpg\",\"contentUrl\":\"https:\\\/\\\/www.neel-trimarans.com\\\/wp-content\\\/uploads\\\/2020\\\/02\\\/performance-22.jpg\",\"width\":1200,\"height\":800,\"caption\":\"NEEL 47 en navigation\"},{\"@type\":\"BreadcrumbList\",\"@id\":\"https:\\\/\\\/www.neel-trimarans.com\\\/fr\\\/pourquoi-un-trimaran-neel\\\/performance\\\/#breadcrumb\",\"itemListElement\":[{\"@type\":\"ListItem\",\"position\":1,\"name\":\"Home\",\"item\":\"https:\\\/\\\/www.neel-trimarans.com\\\/fr\\\/\"},{\"@type\":\"ListItem\",\"position\":2,\"name\":\"Pourquoi un trimaran NEEL\",\"item\":\"https:\\\/\\\/www.neel-trimarans.com\\\/fr\\\/pourquoi-un-trimaran-neel\\\/\"},{\"@type\":\"ListItem\",\"position\":3,\"name\":\"Performance\"}]},{\"@type\":\"WebSite\",\"@id\":\"https:\\\/\\\/www.neel-trimarans.com\\\/#website\",\"url\":\"https:\\\/\\\/www.neel-trimarans.com\\\/\",\"name\":\"NEEL-TRIMARANS\",\"description\":\"Just makes sense\",\"publisher\":{\"@id\":\"https:\\\/\\\/www.neel-trimarans.com\\\/#organization\"},\"potentialAction\":[{\"@type\":\"SearchAction\",\"target\":{\"@type\":\"EntryPoint\",\"urlTemplate\":\"https:\\\/\\\/www.neel-trimarans.com\\\/?s={search_term_string}\"},\"query-input\":{\"@type\":\"PropertyValueSpecification\",\"valueRequired\":true,\"valueName\":\"search_term_string\"}}],\"inLanguage\":\"fr-FR\"},{\"@type\":\"Organization\",\"@id\":\"https:\\\/\\\/www.neel-trimarans.com\\\/#organization\",\"name\":\"NEEL-TRIMARANS\",\"url\":\"https:\\\/\\\/www.neel-trimarans.com\\\/\",\"logo\":{\"@type\":\"ImageObject\",\"inLanguage\":\"fr-FR\",\"@id\":\"https:\\\/\\\/www.neel-trimarans.com\\\/#\\\/schema\\\/logo\\\/image\\\/\",\"url\":\"\",\"contentUrl\":\"\",\"caption\":\"NEEL-TRIMARANS\"},\"image\":{\"@id\":\"https:\\\/\\\/www.neel-trimarans.com\\\/#\\\/schema\\\/logo\\\/image\\\/\"},\"sameAs\":[\"https:\\\/\\\/www.facebook.com\\\/neeltrimarans\\\/\",\"https:\\\/\\\/x.com\\\/neeltrimarans\",\"https:\\\/\\\/www.instagram.com\\\/neeltrimarans_official\\\/\",\"https:\\\/\\\/www.youtube.com\\\/channel\\\/UCAFnRZZiNuug-k9TNDH_sEw\"]}]}<\/script>\n<!-- \/ Yoast SEO plugin. -->","yoast_head_json":{"title":"Performance | NEEL-TRIMARANS","description":"By covering more than 200 miles per 24 hours and winning prestigious regattas, NEEL trimarans ensure a real performance.\u00a0","robots":{"index":"index","follow":"follow","max-snippet":"max-snippet:-1","max-image-preview":"max-image-preview:large","max-video-preview":"max-video-preview:-1"},"canonical":"https:\/\/www.neel-trimarans.com\/fr\/pourquoi-un-trimaran-neel\/performance\/","og_locale":"fr_FR","og_type":"article","og_title":"Performance | NEEL-TRIMARANS","og_description":"By covering more than 200 miles per 24 hours and winning prestigious regattas, NEEL trimarans ensure a real performance.\u00a0","og_url":"https:\/\/www.neel-trimarans.com\/fr\/pourquoi-un-trimaran-neel\/performance\/","og_site_name":"NEEL-TRIMARANS","article_publisher":"https:\/\/www.facebook.com\/neeltrimarans\/","article_modified_time":"2020-02-16T20:48:30+00:00","og_image":[{"width":1200,"height":800,"url":"https:\/\/www.neel-trimarans.com\/wp-content\/uploads\/2020\/02\/performance-22.jpg","type":"image\/jpeg"}],"twitter_card":"summary_large_image","twitter_site":"@neeltrimarans","twitter_misc":{"Dur\u00e9e de lecture estim\u00e9e":"2 minutes"},"schema":{"@context":"https:\/\/schema.org","@graph":[{"@type":"WebPage","@id":"https:\/\/www.neel-trimarans.com\/fr\/pourquoi-un-trimaran-neel\/performance\/","url":"https:\/\/www.neel-trimarans.com\/fr\/pourquoi-un-trimaran-neel\/performance\/","name":"Performance | NEEL-TRIMARANS","isPartOf":{"@id":"https:\/\/www.neel-trimarans.com\/#website"},"primaryImageOfPage":{"@id":"https:\/\/www.neel-trimarans.com\/fr\/pourquoi-un-trimaran-neel\/performance\/#primaryimage"},"image":{"@id":"https:\/\/www.neel-trimarans.com\/fr\/pourquoi-un-trimaran-neel\/performance\/#primaryimage"},"thumbnailUrl":"https:\/\/www.neel-trimarans.com\/wp-content\/uploads\/2020\/02\/performance-22.jpg","datePublished":"2016-01-21T15:36:45+00:00","dateModified":"2020-02-16T20:48:30+00:00","description":"By covering more than 200 miles per 24 hours and winning prestigious regattas, NEEL trimarans ensure a real performance.\u00a0","breadcrumb":{"@id":"https:\/\/www.neel-trimarans.com\/fr\/pourquoi-un-trimaran-neel\/performance\/#breadcrumb"},"inLanguage":"fr-FR","potentialAction":[{"@type":"ReadAction","target":["https:\/\/www.neel-trimarans.com\/fr\/pourquoi-un-trimaran-neel\/performance\/"]}]},{"@type":"ImageObject","inLanguage":"fr-FR","@id":"https:\/\/www.neel-trimarans.com\/fr\/pourquoi-un-trimaran-neel\/performance\/#primaryimage","url":"https:\/\/www.neel-trimarans.com\/wp-content\/uploads\/2020\/02\/performance-22.jpg","contentUrl":"https:\/\/www.neel-trimarans.com\/wp-content\/uploads\/2020\/02\/performance-22.jpg","width":1200,"height":800,"caption":"NEEL 47 en navigation"},{"@type":"BreadcrumbList","@id":"https:\/\/www.neel-trimarans.com\/fr\/pourquoi-un-trimaran-neel\/performance\/#breadcrumb","itemListElement":[{"@type":"ListItem","position":1,"name":"Home","item":"https:\/\/www.neel-trimarans.com\/fr\/"},{"@type":"ListItem","position":2,"name":"Pourquoi un trimaran NEEL","item":"https:\/\/www.neel-trimarans.com\/fr\/pourquoi-un-trimaran-neel\/"},{"@type":"ListItem","position":3,"name":"Performance"}]},{"@type":"WebSite","@id":"https:\/\/www.neel-trimarans.com\/#website","url":"https:\/\/www.neel-trimarans.com\/","name":"NEEL-TRIMARANS","description":"Just makes sense","publisher":{"@id":"https:\/\/www.neel-trimarans.com\/#organization"},"potentialAction":[{"@type":"SearchAction","target":{"@type":"EntryPoint","urlTemplate":"https:\/\/www.neel-trimarans.com\/?s={search_term_string}"},"query-input":{"@type":"PropertyValueSpecification","valueRequired":true,"valueName":"search_term_string"}}],"inLanguage":"fr-FR"},{"@type":"Organization","@id":"https:\/\/www.neel-trimarans.com\/#organization","name":"NEEL-TRIMARANS","url":"https:\/\/www.neel-trimarans.com\/","logo":{"@type":"ImageObject","inLanguage":"fr-FR","@id":"https:\/\/www.neel-trimarans.com\/#\/schema\/logo\/image\/","url":"","contentUrl":"","caption":"NEEL-TRIMARANS"},"image":{"@id":"https:\/\/www.neel-trimarans.com\/#\/schema\/logo\/image\/"},"sameAs":["https:\/\/www.facebook.com\/neeltrimarans\/","https:\/\/x.com\/neeltrimarans","https:\/\/www.instagram.com\/neeltrimarans_official\/","https:\/\/www.youtube.com\/channel\/UCAFnRZZiNuug-k9TNDH_sEw"]}]}},"_links":{"self":[{"href":"https:\/\/www.neel-trimarans.com\/fr\/wp-json\/wp\/v2\/pages\/8248","targetHints":{"allow":["GET"]}}],"collection":[{"href":"https:\/\/www.neel-trimarans.com\/fr\/wp-json\/wp\/v2\/pages"}],"about":[{"href":"https:\/\/www.neel-trimarans.com\/fr\/wp-json\/wp\/v2\/types\/page"}],"author":[{"embeddable":true,"href":"https:\/\/www.neel-trimarans.com\/fr\/wp-json\/wp\/v2\/users\/1"}],"replies":[{"embeddable":true,"href":"https:\/\/www.neel-trimarans.com\/fr\/wp-json\/wp\/v2\/comments?post=8248"}],"version-history":[{"count":13,"href":"https:\/\/www.neel-trimarans.com\/fr\/wp-json\/wp\/v2\/pages\/8248\/revisions"}],"predecessor-version":[{"id":11751,"href":"https:\/\/www.neel-trimarans.com\/fr\/wp-json\/wp\/v2\/pages\/8248\/revisions\/11751"}],"up":[{"embeddable":true,"href":"https:\/\/www.neel-trimarans.com\/fr\/wp-json\/wp\/v2\/pages\/8236"}],"wp:featuredmedia":[{"embeddable":true,"href":"https:\/\/www.neel-trimarans.com\/fr\/wp-json\/wp\/v2\/media\/11749"}],"wp:attachment":[{"href":"https:\/\/www.neel-trimarans.com\/fr\/wp-json\/wp\/v2\/media?parent=8248"}],"curies":[{"name":"wp","href":"https:\/\/api.w.org\/{rel}","templated":true}]}}