{"id":8245,"date":"2016-01-21T16:35:47","date_gmt":"2016-01-21T15:35:47","guid":{"rendered":"https:\/\/www.neel-trimarans.com\/pourquoi-un-trimaran-neel\/innovation\/"},"modified":"2023-03-29T07:37:00","modified_gmt":"2023-03-29T06:37:00","slug":"innovation","status":"publish","type":"page","link":"https:\/\/www.neel-trimarans.com\/fr\/pourquoi-un-trimaran-neel\/innovation\/","title":{"rendered":"Innovation"},"content":{"rendered":"\t\t<div data-elementor-type=\"wp-page\" data-elementor-id=\"8245\" class=\"elementor elementor-8245\" data-elementor-post-type=\"page\">\n\t\t\t\t\t\t<section class=\"elementor-section elementor-top-section elementor-element elementor-element-455c2caa section_breadcrum_neel elementor-section-boxed elementor-section-height-default elementor-section-height-default\" data-id=\"455c2caa\" data-element_type=\"section\" data-e-type=\"section\">\n\t\t\t\t\t\t<div class=\"elementor-container elementor-column-gap-default\">\n\t\t\t\t\t<div class=\"elementor-column elementor-col-100 elementor-top-column elementor-element elementor-element-721e6b39\" data-id=\"721e6b39\" data-element_type=\"column\" data-e-type=\"column\">\n\t\t\t<div class=\"elementor-widget-wrap elementor-element-populated\">\n\t\t\t\t\t\t<div class=\"elementor-element elementor-element-2c593505 breadcrum_neel elementor-widget elementor-widget-wp-widget-bcn_widget\" data-id=\"2c593505\" data-element_type=\"widget\" data-e-type=\"widget\" data-widget_type=\"wp-widget-bcn_widget.default\">\n\t\t\t\t<div class=\"elementor-widget-container\">\n\t\t\t\t\t<div class=\"breadcrumbs\" vocab=\"https:\/\/schema.org\/\" typeof=\"BreadcrumbList\"><span property=\"itemListElement\" typeof=\"ListItem\"><a property=\"item\" typeof=\"WebPage\" title=\"Aller \u00e0 NEEL-TRIMARANS.\" href=\"https:\/\/www.neel-trimarans.com\/fr\/\" class=\"home\" aria-current=\"page\"><span property=\"name\">NEEL-TRIMARANS<\/span><\/a><meta property=\"position\" content=\"1\"><\/span><\/div>\t\t\t\t<\/div>\n\t\t\t\t<\/div>\n\t\t\t\t\t<\/div>\n\t\t<\/div>\n\t\t\t\t\t<\/div>\n\t\t<\/section>\n\t\t\t\t<section class=\"elementor-section elementor-top-section elementor-element elementor-element-5b4b7362 elementor-section-boxed elementor-section-height-default elementor-section-height-default\" data-id=\"5b4b7362\" data-element_type=\"section\" data-e-type=\"section\">\n\t\t\t\t\t\t<div class=\"elementor-container elementor-column-gap-default\">\n\t\t\t\t\t<div class=\"elementor-column elementor-col-50 elementor-top-column elementor-element elementor-element-69e905cb\" data-id=\"69e905cb\" data-element_type=\"column\" data-e-type=\"column\">\n\t\t\t<div class=\"elementor-widget-wrap elementor-element-populated\">\n\t\t\t\t\t\t<div class=\"elementor-element elementor-element-9800979 elementor-widget elementor-widget-image\" data-id=\"9800979\" data-element_type=\"widget\" data-e-type=\"widget\" data-widget_type=\"image.default\">\n\t\t\t\t<div class=\"elementor-widget-container\">\n\t\t\t\t\t\t\t\t\t\t\t\t\t\t\t<img fetchpriority=\"high\" decoding=\"async\" width=\"1300\" height=\"867\" src=\"https:\/\/www.neel-trimarans.com\/wp-content\/uploads\/2023\/03\/innovation-4.jpg\" class=\"attachment-full size-full wp-image-298999\" alt=\"Innovation 10\" srcset=\"https:\/\/www.neel-trimarans.com\/wp-content\/uploads\/2023\/03\/innovation-4.jpg 1300w, https:\/\/www.neel-trimarans.com\/wp-content\/uploads\/2023\/03\/innovation-4-300x200.jpg 300w, https:\/\/www.neel-trimarans.com\/wp-content\/uploads\/2023\/03\/innovation-4-1024x683.jpg 1024w, https:\/\/www.neel-trimarans.com\/wp-content\/uploads\/2023\/03\/innovation-4-150x100.jpg 150w\" sizes=\"(max-width: 1300px) 100vw, 1300px\" \/>\t\t\t\t\t\t\t\t\t\t\t\t\t\t\t<\/div>\n\t\t\t\t<\/div>\n\t\t\t\t\t<\/div>\n\t\t<\/div>\n\t\t\t\t<div class=\"elementor-column elementor-col-50 elementor-top-column elementor-element elementor-element-4097ed9\" data-id=\"4097ed9\" data-element_type=\"column\" data-e-type=\"column\">\n\t\t\t<div class=\"elementor-widget-wrap elementor-element-populated\">\n\t\t\t\t\t\t<div class=\"elementor-element elementor-element-164b8f9 elementor-widget elementor-widget-text-editor\" data-id=\"164b8f9\" data-element_type=\"widget\" data-e-type=\"widget\" data-widget_type=\"text-editor.default\">\n\t\t\t\t<div class=\"elementor-widget-container\">\n\t\t\t\t\t\t\t\t\t<h2>Une nouvelle esth\u00e9tique d\u2019architecture navale<\/h2><div class=\"wpb_text_column wpb_content_element \"><div class=\"wpb_wrapper\"><p>Les\u00a0<strong>trimarans NEEL<\/strong>\u00a0s\u2019affranchissent totalement du mode d\u2019am\u00e9nagement des trimarans de croisi\u00e8re existants. NEEL-TRIMARANS cr\u00e9e une\u00a0<strong>nouvelle esth\u00e9tique d\u2019architecture navale<\/strong>.<br \/>NEEL-TRIMARANS innove en reliant les deux ailes par une plateforme de vie de plain pied avec le cockpit. Nous vivons ainsi \u00e0 bord\u00a0<strong>comme dans un loft<\/strong>\u00a0avec une\u00a0<strong>cuisine centrale<\/strong>, un carr\u00e9 \u00e0\u00a0<strong>vue panoramique<\/strong>,\u00a0et des cabines\u00a0de plain pied avec le salon.\u00a0Les proportions du trimaran permettent de proposer un roof g\u00e9n\u00e9reux, gage de volume int\u00e9rieur.<\/p><\/div><\/div><div class=\"wpb_text_column wpb_content_element \"><div class=\"wpb_wrapper\"><p>Tout le volume de la coque centrale est consacr\u00e9 aux \u00e9quipements, au moteur, aux c\u00e2blages \u00e9lectroniques et \u00e9lectriques, \u00e0 la plomberie, aux r\u00e9servoirs de gasoil et d\u2019eau ainsi qu\u2019au stockage longue dur\u00e9e des vivres. L\u2019espace important disponible dans cette \u00ab cambuse \u00bb et sa hauteur sous barreau facilitent \u00e9galement l\u2019acc\u00e8s pour l\u2019entretien de tous les \u00e9quipements et pour l\u2019installation optionnelle de groupe \u00e9lectrog\u00e8ne, dessalinisateur ou climatisation.<\/p><\/div><\/div><div class=\"wpb_text_column wpb_content_element \"><div class=\"wpb_wrapper\"><p>Le mobilier est propos\u00e9 dans un choix de plusieurs\u00a0<strong>mat\u00e9riaux contemporains<\/strong>. Les sols sont recouverts d\u2019un<strong>\u00a0tressage polyester ultra r\u00e9sistant<\/strong>\u00a0et high-tech dans des coloris au choix.<\/p><\/div><\/div>\t\t\t\t\t\t\t\t<\/div>\n\t\t\t\t<\/div>\n\t\t\t\t\t<\/div>\n\t\t<\/div>\n\t\t\t\t\t<\/div>\n\t\t<\/section>\n\t\t\t\t<section class=\"elementor-section elementor-top-section elementor-element elementor-element-418dafd elementor-section-boxed elementor-section-height-default elementor-section-height-default\" data-id=\"418dafd\" data-element_type=\"section\" data-e-type=\"section\">\n\t\t\t\t\t\t<div class=\"elementor-container elementor-column-gap-default\">\n\t\t\t\t\t<div class=\"elementor-column elementor-col-100 elementor-top-column elementor-element elementor-element-53e89de\" data-id=\"53e89de\" data-element_type=\"column\" data-e-type=\"column\">\n\t\t\t<div class=\"elementor-widget-wrap elementor-element-populated\">\n\t\t\t\t\t\t<div class=\"elementor-element elementor-element-da557f7 elementor-widget elementor-widget-html\" data-id=\"da557f7\" data-element_type=\"widget\" data-e-type=\"widget\" data-widget_type=\"html.default\">\n\t\t\t\t<div class=\"elementor-widget-container\">\n\t\t\t\t\t<div class=\"section__headline\"><\/div>\t\t\t\t<\/div>\n\t\t\t\t<\/div>\n\t\t\t\t\t<\/div>\n\t\t<\/div>\n\t\t\t\t\t<\/div>\n\t\t<\/section>\n\t\t\t\t<section class=\"elementor-section elementor-top-section elementor-element elementor-element-c64e1c9 section_flex_neel elementor-section-boxed elementor-section-height-default elementor-section-height-default\" data-id=\"c64e1c9\" data-element_type=\"section\" data-e-type=\"section\">\n\t\t\t\t\t\t<div class=\"elementor-container elementor-column-gap-default\">\n\t\t\t\t\t<div class=\"elementor-column elementor-col-50 elementor-top-column elementor-element elementor-element-1a1509f section_left_flex\" data-id=\"1a1509f\" data-element_type=\"column\" data-e-type=\"column\">\n\t\t\t<div class=\"elementor-widget-wrap elementor-element-populated\">\n\t\t\t\t\t\t<div class=\"elementor-element elementor-element-11e2399 elementor-widget elementor-widget-text-editor\" data-id=\"11e2399\" data-element_type=\"widget\" data-e-type=\"widget\" data-widget_type=\"text-editor.default\">\n\t\t\t\t<div class=\"elementor-widget-container\">\n\t\t\t\t\t\t\t\t\t<h2>Salle des machines et capacit\u00e9s de stockage<\/h2><p><strong>Les \u00e9quipements techniques majeurs<\/strong>\u00a0(moteur, batteries, groupe \u00e9lectrog\u00e8ne, etc\u2026)\u00a0<strong>sont particuli\u00e8rement bien prot\u00e9g\u00e9s et \u00e0 l\u2019abri du sel. Pour autant ils restent tr\u00e8s accessibles pour la maintenance et l\u2019entretien.\u00a0<\/strong>De<strong> nombreux et volumineux coffres int\u00e9rieurs <\/strong>et <strong>ext\u00e9rieurs <\/strong>sont<strong> d\u00e9di\u00e9s au stockage et aux rangements.<\/strong><\/p>\t\t\t\t\t\t\t\t<\/div>\n\t\t\t\t<\/div>\n\t\t\t\t\t<\/div>\n\t\t<\/div>\n\t\t\t\t<div class=\"elementor-column elementor-col-50 elementor-top-column elementor-element elementor-element-776862f section_right_flex\" data-id=\"776862f\" data-element_type=\"column\" data-e-type=\"column\">\n\t\t\t<div class=\"elementor-widget-wrap elementor-element-populated\">\n\t\t\t\t\t\t<div class=\"elementor-element elementor-element-833ea05 elementor-widget elementor-widget-image\" data-id=\"833ea05\" data-element_type=\"widget\" data-e-type=\"widget\" data-widget_type=\"image.default\">\n\t\t\t\t<div class=\"elementor-widget-container\">\n\t\t\t\t\t\t\t\t\t\t\t\t\t\t\t<img decoding=\"async\" width=\"1024\" height=\"683\" src=\"https:\/\/www.neel-trimarans.com\/wp-content\/uploads\/2020\/01\/innovation-2.jpg\" class=\"attachment-full size-full wp-image-8107\" alt=\"Innovation 2\" srcset=\"https:\/\/www.neel-trimarans.com\/wp-content\/uploads\/2020\/01\/innovation-2.jpg 1024w, https:\/\/www.neel-trimarans.com\/wp-content\/uploads\/2020\/01\/innovation-2-300x200.jpg 300w\" sizes=\"(max-width: 1024px) 100vw, 1024px\" \/>\t\t\t\t\t\t\t\t\t\t\t\t\t\t\t<\/div>\n\t\t\t\t<\/div>\n\t\t\t\t\t<\/div>\n\t\t<\/div>\n\t\t\t\t\t<\/div>\n\t\t<\/section>\n\t\t\t\t<\/div>\n\t\t","protected":false},"excerpt":{"rendered":"<p>Une nouvelle esth\u00e9tique d\u2019architecture navale Les\u00a0trimarans NEEL\u00a0s\u2019affranchissent totalement du mode d\u2019am\u00e9nagement des trimarans de croisi\u00e8re existants. NEEL-TRIMARANS cr\u00e9e une\u00a0nouvelle esth\u00e9tique d\u2019architecture navale.NEEL-TRIMARANS innove en reliant les deux ailes par une plateforme de vie de plain pied avec le cockpit. Nous vivons ainsi \u00e0 bord\u00a0comme dans un loft\u00a0avec une\u00a0cuisine centrale, un carr\u00e9 \u00e0\u00a0vue panoramique,\u00a0et des cabines\u00a0de [&hellip;]<\/p>\n","protected":false},"author":1,"featured_media":278433,"parent":8236,"menu_order":3,"comment_status":"closed","ping_status":"closed","template":"page_content_neel.php","meta":{"_acf_changed":false,"inline_featured_image":false,"footnotes":""},"class_list":["post-8245","page","type-page","status-publish","has-post-thumbnail","hentry"],"acf":[],"yoast_head":"<!-- This site is optimized with the Yoast SEO plugin v27.4 - https:\/\/yoast.com\/product\/yoast-seo-wordpress\/ -->\n<title>Innovation | NEEL-TRIMARANS<\/title>\n<meta name=\"description\" content=\"NEEL trimarans are an innovative and new concept: a new aesthetic in naval architecture.\" \/>\n<meta name=\"robots\" content=\"index, follow, max-snippet:-1, max-image-preview:large, max-video-preview:-1\" \/>\n<link rel=\"canonical\" href=\"https:\/\/www.neel-trimarans.com\/why-a-trimaran-neel\/innovation\/\" \/>\n<meta property=\"og:locale\" content=\"fr_FR\" \/>\n<meta property=\"og:type\" content=\"article\" \/>\n<meta property=\"og:title\" content=\"Innovation | NEEL-TRIMARANS\" \/>\n<meta property=\"og:description\" content=\"NEEL trimarans are an innovative and new concept: a new aesthetic in naval architecture.\" \/>\n<meta property=\"og:url\" content=\"https:\/\/www.neel-trimarans.com\/why-a-trimaran-neel\/innovation\/\" \/>\n<meta property=\"og:site_name\" content=\"NEEL-TRIMARANS\" \/>\n<meta property=\"article:publisher\" content=\"https:\/\/www.facebook.com\/neeltrimarans\/\" \/>\n<meta property=\"article:modified_time\" content=\"2023-03-29T06:37:00+00:00\" \/>\n<meta property=\"og:image\" content=\"https:\/\/www.neel-trimarans.com\/wp-content\/uploads\/2022\/03\/innovation-3.jpg\" \/>\n\t<meta property=\"og:image:width\" content=\"1920\" \/>\n\t<meta property=\"og:image:height\" content=\"750\" \/>\n\t<meta property=\"og:image:type\" content=\"image\/jpeg\" \/>\n<meta name=\"twitter:card\" content=\"summary_large_image\" \/>\n<meta name=\"twitter:site\" content=\"@neeltrimarans\" \/>\n<meta name=\"twitter:label1\" content=\"Dur\u00e9e de lecture estim\u00e9e\" \/>\n\t<meta name=\"twitter:data1\" content=\"2 minutes\" \/>\n<script type=\"application\/ld+json\" class=\"yoast-schema-graph\">{\"@context\":\"https:\\\/\\\/schema.org\",\"@graph\":[{\"@type\":\"WebPage\",\"@id\":\"https:\\\/\\\/www.neel-trimarans.com\\\/why-a-trimaran-neel\\\/innovation\\\/\",\"url\":\"https:\\\/\\\/www.neel-trimarans.com\\\/why-a-trimaran-neel\\\/innovation\\\/\",\"name\":\"Innovation | NEEL-TRIMARANS\",\"isPartOf\":{\"@id\":\"https:\\\/\\\/www.neel-trimarans.com\\\/#website\"},\"primaryImageOfPage\":{\"@id\":\"https:\\\/\\\/www.neel-trimarans.com\\\/why-a-trimaran-neel\\\/innovation\\\/#primaryimage\"},\"image\":{\"@id\":\"https:\\\/\\\/www.neel-trimarans.com\\\/why-a-trimaran-neel\\\/innovation\\\/#primaryimage\"},\"thumbnailUrl\":\"https:\\\/\\\/www.neel-trimarans.com\\\/wp-content\\\/uploads\\\/2022\\\/03\\\/innovation-3.jpg\",\"datePublished\":\"2016-01-21T15:35:47+00:00\",\"dateModified\":\"2023-03-29T06:37:00+00:00\",\"description\":\"NEEL trimarans are an innovative and new concept: a new aesthetic in naval architecture.\",\"breadcrumb\":{\"@id\":\"https:\\\/\\\/www.neel-trimarans.com\\\/why-a-trimaran-neel\\\/innovation\\\/#breadcrumb\"},\"inLanguage\":\"fr-FR\",\"potentialAction\":[{\"@type\":\"ReadAction\",\"target\":[\"https:\\\/\\\/www.neel-trimarans.com\\\/why-a-trimaran-neel\\\/innovation\\\/\"]}]},{\"@type\":\"ImageObject\",\"inLanguage\":\"fr-FR\",\"@id\":\"https:\\\/\\\/www.neel-trimarans.com\\\/why-a-trimaran-neel\\\/innovation\\\/#primaryimage\",\"url\":\"https:\\\/\\\/www.neel-trimarans.com\\\/wp-content\\\/uploads\\\/2022\\\/03\\\/innovation-3.jpg\",\"contentUrl\":\"https:\\\/\\\/www.neel-trimarans.com\\\/wp-content\\\/uploads\\\/2022\\\/03\\\/innovation-3.jpg\",\"width\":1920,\"height\":750,\"caption\":\"Innovation 5\"},{\"@type\":\"BreadcrumbList\",\"@id\":\"https:\\\/\\\/www.neel-trimarans.com\\\/why-a-trimaran-neel\\\/innovation\\\/#breadcrumb\",\"itemListElement\":[{\"@type\":\"ListItem\",\"position\":1,\"name\":\"Home\",\"item\":\"https:\\\/\\\/www.neel-trimarans.com\\\/fr\\\/\"},{\"@type\":\"ListItem\",\"position\":2,\"name\":\"Pourquoi un trimaran NEEL\",\"item\":\"https:\\\/\\\/www.neel-trimarans.com\\\/fr\\\/pourquoi-un-trimaran-neel\\\/\"},{\"@type\":\"ListItem\",\"position\":3,\"name\":\"Innovation\"}]},{\"@type\":\"WebSite\",\"@id\":\"https:\\\/\\\/www.neel-trimarans.com\\\/#website\",\"url\":\"https:\\\/\\\/www.neel-trimarans.com\\\/\",\"name\":\"NEEL-TRIMARANS\",\"description\":\"Just makes sense\",\"publisher\":{\"@id\":\"https:\\\/\\\/www.neel-trimarans.com\\\/#organization\"},\"potentialAction\":[{\"@type\":\"SearchAction\",\"target\":{\"@type\":\"EntryPoint\",\"urlTemplate\":\"https:\\\/\\\/www.neel-trimarans.com\\\/?s={search_term_string}\"},\"query-input\":{\"@type\":\"PropertyValueSpecification\",\"valueRequired\":true,\"valueName\":\"search_term_string\"}}],\"inLanguage\":\"fr-FR\"},{\"@type\":\"Organization\",\"@id\":\"https:\\\/\\\/www.neel-trimarans.com\\\/#organization\",\"name\":\"NEEL-TRIMARANS\",\"url\":\"https:\\\/\\\/www.neel-trimarans.com\\\/\",\"logo\":{\"@type\":\"ImageObject\",\"inLanguage\":\"fr-FR\",\"@id\":\"https:\\\/\\\/www.neel-trimarans.com\\\/#\\\/schema\\\/logo\\\/image\\\/\",\"url\":\"\",\"contentUrl\":\"\",\"caption\":\"NEEL-TRIMARANS\"},\"image\":{\"@id\":\"https:\\\/\\\/www.neel-trimarans.com\\\/#\\\/schema\\\/logo\\\/image\\\/\"},\"sameAs\":[\"https:\\\/\\\/www.facebook.com\\\/neeltrimarans\\\/\",\"https:\\\/\\\/x.com\\\/neeltrimarans\",\"https:\\\/\\\/www.instagram.com\\\/neeltrimarans_official\\\/\",\"https:\\\/\\\/www.youtube.com\\\/channel\\\/UCAFnRZZiNuug-k9TNDH_sEw\"]}]}<\/script>\n<!-- \/ Yoast SEO plugin. -->","yoast_head_json":{"title":"Innovation | NEEL-TRIMARANS","description":"NEEL trimarans are an innovative and new concept: a new aesthetic in naval architecture.","robots":{"index":"index","follow":"follow","max-snippet":"max-snippet:-1","max-image-preview":"max-image-preview:large","max-video-preview":"max-video-preview:-1"},"canonical":"https:\/\/www.neel-trimarans.com\/why-a-trimaran-neel\/innovation\/","og_locale":"fr_FR","og_type":"article","og_title":"Innovation | NEEL-TRIMARANS","og_description":"NEEL trimarans are an innovative and new concept: a new aesthetic in naval architecture.","og_url":"https:\/\/www.neel-trimarans.com\/why-a-trimaran-neel\/innovation\/","og_site_name":"NEEL-TRIMARANS","article_publisher":"https:\/\/www.facebook.com\/neeltrimarans\/","article_modified_time":"2023-03-29T06:37:00+00:00","og_image":[{"width":1920,"height":750,"url":"https:\/\/www.neel-trimarans.com\/wp-content\/uploads\/2022\/03\/innovation-3.jpg","type":"image\/jpeg"}],"twitter_card":"summary_large_image","twitter_site":"@neeltrimarans","twitter_misc":{"Dur\u00e9e de lecture estim\u00e9e":"2 minutes"},"schema":{"@context":"https:\/\/schema.org","@graph":[{"@type":"WebPage","@id":"https:\/\/www.neel-trimarans.com\/why-a-trimaran-neel\/innovation\/","url":"https:\/\/www.neel-trimarans.com\/why-a-trimaran-neel\/innovation\/","name":"Innovation | NEEL-TRIMARANS","isPartOf":{"@id":"https:\/\/www.neel-trimarans.com\/#website"},"primaryImageOfPage":{"@id":"https:\/\/www.neel-trimarans.com\/why-a-trimaran-neel\/innovation\/#primaryimage"},"image":{"@id":"https:\/\/www.neel-trimarans.com\/why-a-trimaran-neel\/innovation\/#primaryimage"},"thumbnailUrl":"https:\/\/www.neel-trimarans.com\/wp-content\/uploads\/2022\/03\/innovation-3.jpg","datePublished":"2016-01-21T15:35:47+00:00","dateModified":"2023-03-29T06:37:00+00:00","description":"NEEL trimarans are an innovative and new concept: a new aesthetic in naval architecture.","breadcrumb":{"@id":"https:\/\/www.neel-trimarans.com\/why-a-trimaran-neel\/innovation\/#breadcrumb"},"inLanguage":"fr-FR","potentialAction":[{"@type":"ReadAction","target":["https:\/\/www.neel-trimarans.com\/why-a-trimaran-neel\/innovation\/"]}]},{"@type":"ImageObject","inLanguage":"fr-FR","@id":"https:\/\/www.neel-trimarans.com\/why-a-trimaran-neel\/innovation\/#primaryimage","url":"https:\/\/www.neel-trimarans.com\/wp-content\/uploads\/2022\/03\/innovation-3.jpg","contentUrl":"https:\/\/www.neel-trimarans.com\/wp-content\/uploads\/2022\/03\/innovation-3.jpg","width":1920,"height":750,"caption":"Innovation 5"},{"@type":"BreadcrumbList","@id":"https:\/\/www.neel-trimarans.com\/why-a-trimaran-neel\/innovation\/#breadcrumb","itemListElement":[{"@type":"ListItem","position":1,"name":"Home","item":"https:\/\/www.neel-trimarans.com\/fr\/"},{"@type":"ListItem","position":2,"name":"Pourquoi un trimaran NEEL","item":"https:\/\/www.neel-trimarans.com\/fr\/pourquoi-un-trimaran-neel\/"},{"@type":"ListItem","position":3,"name":"Innovation"}]},{"@type":"WebSite","@id":"https:\/\/www.neel-trimarans.com\/#website","url":"https:\/\/www.neel-trimarans.com\/","name":"NEEL-TRIMARANS","description":"Just makes sense","publisher":{"@id":"https:\/\/www.neel-trimarans.com\/#organization"},"potentialAction":[{"@type":"SearchAction","target":{"@type":"EntryPoint","urlTemplate":"https:\/\/www.neel-trimarans.com\/?s={search_term_string}"},"query-input":{"@type":"PropertyValueSpecification","valueRequired":true,"valueName":"search_term_string"}}],"inLanguage":"fr-FR"},{"@type":"Organization","@id":"https:\/\/www.neel-trimarans.com\/#organization","name":"NEEL-TRIMARANS","url":"https:\/\/www.neel-trimarans.com\/","logo":{"@type":"ImageObject","inLanguage":"fr-FR","@id":"https:\/\/www.neel-trimarans.com\/#\/schema\/logo\/image\/","url":"","contentUrl":"","caption":"NEEL-TRIMARANS"},"image":{"@id":"https:\/\/www.neel-trimarans.com\/#\/schema\/logo\/image\/"},"sameAs":["https:\/\/www.facebook.com\/neeltrimarans\/","https:\/\/x.com\/neeltrimarans","https:\/\/www.instagram.com\/neeltrimarans_official\/","https:\/\/www.youtube.com\/channel\/UCAFnRZZiNuug-k9TNDH_sEw"]}]}},"_links":{"self":[{"href":"https:\/\/www.neel-trimarans.com\/fr\/wp-json\/wp\/v2\/pages\/8245","targetHints":{"allow":["GET"]}}],"collection":[{"href":"https:\/\/www.neel-trimarans.com\/fr\/wp-json\/wp\/v2\/pages"}],"about":[{"href":"https:\/\/www.neel-trimarans.com\/fr\/wp-json\/wp\/v2\/types\/page"}],"author":[{"embeddable":true,"href":"https:\/\/www.neel-trimarans.com\/fr\/wp-json\/wp\/v2\/users\/1"}],"replies":[{"embeddable":true,"href":"https:\/\/www.neel-trimarans.com\/fr\/wp-json\/wp\/v2\/comments?post=8245"}],"version-history":[{"count":14,"href":"https:\/\/www.neel-trimarans.com\/fr\/wp-json\/wp\/v2\/pages\/8245\/revisions"}],"predecessor-version":[{"id":299003,"href":"https:\/\/www.neel-trimarans.com\/fr\/wp-json\/wp\/v2\/pages\/8245\/revisions\/299003"}],"up":[{"embeddable":true,"href":"https:\/\/www.neel-trimarans.com\/fr\/wp-json\/wp\/v2\/pages\/8236"}],"wp:featuredmedia":[{"embeddable":true,"href":"https:\/\/www.neel-trimarans.com\/fr\/wp-json\/wp\/v2\/media\/278433"}],"wp:attachment":[{"href":"https:\/\/www.neel-trimarans.com\/fr\/wp-json\/wp\/v2\/media?parent=8245"}],"curies":[{"name":"wp","href":"https:\/\/api.w.org\/{rel}","templated":true}]}}