{"id":8238,"date":"2017-08-21T13:38:47","date_gmt":"2017-08-21T12:38:47","guid":{"rendered":"https:\/\/www.neel-trimarans.com\/pourquoi-un-trimaran-neel\/quality\/"},"modified":"2020-06-24T16:23:30","modified_gmt":"2020-06-24T15:23:30","slug":"qualite","status":"publish","type":"page","link":"https:\/\/www.neel-trimarans.com\/fr\/pourquoi-un-trimaran-neel\/qualite\/","title":{"rendered":"Qualit\u00e9"},"content":{"rendered":"\t\t<div data-elementor-type=\"wp-page\" data-elementor-id=\"8238\" class=\"elementor elementor-8238\" data-elementor-post-type=\"page\">\n\t\t\t\t\t\t<section class=\"elementor-section elementor-top-section elementor-element elementor-element-4a869e54 section_breadcrum_neel elementor-section-boxed elementor-section-height-default elementor-section-height-default\" data-id=\"4a869e54\" data-element_type=\"section\" data-e-type=\"section\">\n\t\t\t\t\t\t<div class=\"elementor-container elementor-column-gap-default\">\n\t\t\t\t\t<div class=\"elementor-column elementor-col-100 elementor-top-column elementor-element elementor-element-3defd023\" data-id=\"3defd023\" data-element_type=\"column\" data-e-type=\"column\">\n\t\t\t<div class=\"elementor-widget-wrap elementor-element-populated\">\n\t\t\t\t\t\t<div class=\"elementor-element elementor-element-1f37157c breadcrum_neel elementor-widget elementor-widget-wp-widget-bcn_widget\" data-id=\"1f37157c\" data-element_type=\"widget\" data-e-type=\"widget\" data-widget_type=\"wp-widget-bcn_widget.default\">\n\t\t\t\t<div class=\"elementor-widget-container\">\n\t\t\t\t\t<div class=\"breadcrumbs\" vocab=\"https:\/\/schema.org\/\" typeof=\"BreadcrumbList\"><span property=\"itemListElement\" typeof=\"ListItem\"><a property=\"item\" typeof=\"WebPage\" title=\"Aller \u00e0 NEEL-TRIMARANS.\" href=\"https:\/\/www.neel-trimarans.com\/fr\/\" class=\"home\" aria-current=\"page\"><span property=\"name\">NEEL-TRIMARANS<\/span><\/a><meta property=\"position\" content=\"1\"><\/span><\/div>\t\t\t\t<\/div>\n\t\t\t\t<\/div>\n\t\t\t\t\t<\/div>\n\t\t<\/div>\n\t\t\t\t\t<\/div>\n\t\t<\/section>\n\t\t\t\t<section class=\"elementor-section elementor-top-section elementor-element elementor-element-56541610 elementor-section-boxed elementor-section-height-default elementor-section-height-default\" data-id=\"56541610\" data-element_type=\"section\" data-e-type=\"section\">\n\t\t\t\t\t\t<div class=\"elementor-container elementor-column-gap-default\">\n\t\t\t\t\t<div class=\"elementor-column elementor-col-100 elementor-top-column elementor-element elementor-element-36e8c9ec\" data-id=\"36e8c9ec\" data-element_type=\"column\" data-e-type=\"column\">\n\t\t\t<div class=\"elementor-widget-wrap elementor-element-populated\">\n\t\t\t\t\t\t<div class=\"elementor-element elementor-element-71629a3 video_neel_secondaire elementor-widget elementor-widget-rubenz-widget-lightbox-video\" data-id=\"71629a3\" data-element_type=\"widget\" data-e-type=\"widget\" data-widget_type=\"rubenz-widget-lightbox-video.default\">\n\t\t\t\t<div class=\"elementor-widget-container\">\n\t\t\t\t\t\n\t\t<div class=\"section-video section_pt section_pb bg-black-0 color-white\">\n\t\t\t<a class=\"container section-video__link mfp-iframe js-video\" href=\"https:\/\/www.youtube.com\/watch?v=8rlSQ85zrmc\">\n\t\t\t\t\t\t\t\t\t<h2 >La qualit\u00e9 NEEL-TRIMARANS<\/h2>\n\t\t\t\t\t\t\t\t<div class=\"section-video__icon material-icons\">play_arrow<\/div>\n\t\t\t<\/a>\n\t\t\t\t\t\t\t<div class=\"lazy-bg art-parallax__bg\" data-src=\"https:\/\/www.neel-trimarans.com\/wp-content\/uploads\/2020\/06\/qualite-5.jpg\">\n\t\t\t\t\t<div class=\"overlay overlay_dark section-video__overlay\"><\/div>\n\t\t\t\t<\/div>\n\t\t\t\t\t<\/div>\n\n\t\t\t\t\t\t<\/div>\n\t\t\t\t<\/div>\n\t\t\t\t<div class=\"elementor-element elementor-element-6fe45a6 video_neel_secondaire elementor-widget elementor-widget-rubenz-widget-lightbox-video\" data-id=\"6fe45a6\" data-element_type=\"widget\" data-e-type=\"widget\" data-widget_type=\"rubenz-widget-lightbox-video.default\">\n\t\t\t\t<div class=\"elementor-widget-container\">\n\t\t\t\t\t\n\t\t<div class=\"section-video section_pt section_pb bg-black-0 color-white\">\n\t\t\t<a class=\"container section-video__link mfp-iframe js-video\" href=\"https:\/\/www.youtube.com\/watch?v=retZcrzCZMA\">\n\t\t\t\t\t\t\t\t\t<h2 >Le contr\u00f4le qualit\u00e9 sur nos bateaux<\/h2>\n\t\t\t\t\t\t\t\t<div class=\"section-video__icon material-icons\">play_arrow<\/div>\n\t\t\t<\/a>\n\t\t\t\t\t\t\t<div class=\"lazy-bg art-parallax__bg\" data-src=\"https:\/\/www.neel-trimarans.com\/wp-content\/uploads\/2020\/06\/qualite-7.png\">\n\t\t\t\t\t<div class=\"overlay overlay_dark section-video__overlay\"><\/div>\n\t\t\t\t<\/div>\n\t\t\t\t\t<\/div>\n\n\t\t\t\t\t\t<\/div>\n\t\t\t\t<\/div>\n\t\t\t\t<div class=\"elementor-element elementor-element-5cfd6c7 video_neel_secondaire elementor-widget elementor-widget-rubenz-widget-lightbox-video\" data-id=\"5cfd6c7\" data-element_type=\"widget\" data-e-type=\"widget\" data-widget_type=\"rubenz-widget-lightbox-video.default\">\n\t\t\t\t<div class=\"elementor-widget-container\">\n\t\t\t\t\t\n\t\t<div class=\"section-video section_pt section_pb bg-black-0 color-white\">\n\t\t\t<a class=\"container section-video__link mfp-iframe js-video\" href=\"https:\/\/www.youtube.com\/watch?v=qgbvgI6YYAc\">\n\t\t\t\t\t\t\t\t\t<h2 >Des infusions de qualit\u00e9<\/h2>\n\t\t\t\t\t\t\t\t<div class=\"section-video__icon material-icons\">play_arrow<\/div>\n\t\t\t<\/a>\n\t\t\t\t\t\t\t<div class=\"lazy-bg art-parallax__bg\" data-src=\"https:\/\/www.neel-trimarans.com\/wp-content\/uploads\/2020\/06\/qualite-6.jpg\">\n\t\t\t\t\t<div class=\"overlay overlay_dark section-video__overlay\"><\/div>\n\t\t\t\t<\/div>\n\t\t\t\t\t<\/div>\n\n\t\t\t\t\t\t<\/div>\n\t\t\t\t<\/div>\n\t\t\t\t<div class=\"elementor-element elementor-element-5a416a6 video_neel_secondaire elementor-widget elementor-widget-rubenz-widget-lightbox-video\" data-id=\"5a416a6\" data-element_type=\"widget\" data-e-type=\"widget\" data-widget_type=\"rubenz-widget-lightbox-video.default\">\n\t\t\t\t<div class=\"elementor-widget-container\">\n\t\t\t\t\t\n\t\t<div class=\"section-video section_pt section_pb bg-black-0 color-white\">\n\t\t\t<a class=\"container section-video__link mfp-iframe js-video\" href=\"https:\/\/vimeo.com\/202182267\">\n\t\t\t\t\t\t\t\t\t<h2 >NEEL Trimarans - Quality spirit<\/h2>\n\t\t\t\t\t\t\t\t<div class=\"section-video__icon material-icons\">play_arrow<\/div>\n\t\t\t<\/a>\n\t\t\t\t\t\t\t<div class=\"lazy-bg art-parallax__bg\" data-src=\"https:\/\/www.neel-trimarans.com\/wp-content\/uploads\/2019\/05\/NEEL-65-EVOLUTION_EXTERIOR-10.jpg\">\n\t\t\t\t\t<div class=\"overlay overlay_dark section-video__overlay\"><\/div>\n\t\t\t\t<\/div>\n\t\t\t\t\t<\/div>\n\n\t\t\t\t\t\t<\/div>\n\t\t\t\t<\/div>\n\t\t\t\t\t<\/div>\n\t\t<\/div>\n\t\t\t\t\t<\/div>\n\t\t<\/section>\n\t\t\t\t<\/div>\n\t\t","protected":false},"excerpt":{"rendered":"<p>La qualit\u00e9 NEEL-TRIMARANS play_arrow Le contr\u00f4le qualit\u00e9 sur nos bateaux play_arrow Des infusions de qualit\u00e9 play_arrow NEEL Trimarans &#8211; Quality spirit play_arrow<\/p>\n","protected":false},"author":1,"featured_media":11737,"parent":8236,"menu_order":2,"comment_status":"closed","ping_status":"closed","template":"page_content_neel.php","meta":{"_acf_changed":false,"inline_featured_image":false,"footnotes":""},"class_list":["post-8238","page","type-page","status-publish","has-post-thumbnail","hentry"],"acf":[],"yoast_head":"<!-- This site is optimized with the Yoast SEO plugin v27.4 - https:\/\/yoast.com\/product\/yoast-seo-wordpress\/ -->\n<title>Qualit\u00e9 | NEEL-TRIMARANS<\/title>\n<meta name=\"description\" content=\"La qualit\u00e9 est un crit\u00e8re primordial dans la construction des trimarans NEEL. D\u00e9couvrez le process en int\u00e9gralit\u00e9 en vid\u00e9o.\" \/>\n<meta name=\"robots\" content=\"index, follow, max-snippet:-1, max-image-preview:large, max-video-preview:-1\" \/>\n<link rel=\"canonical\" href=\"https:\/\/www.neel-trimarans.com\/fr\/pourquoi-un-trimaran-neel\/qualite\/\" \/>\n<meta property=\"og:locale\" content=\"fr_FR\" \/>\n<meta property=\"og:type\" content=\"article\" \/>\n<meta property=\"og:title\" content=\"Qualit\u00e9 | NEEL-TRIMARANS\" \/>\n<meta property=\"og:description\" content=\"La qualit\u00e9 est un crit\u00e8re primordial dans la construction des trimarans NEEL. D\u00e9couvrez le process en int\u00e9gralit\u00e9 en vid\u00e9o.\" \/>\n<meta property=\"og:url\" content=\"https:\/\/www.neel-trimarans.com\/fr\/pourquoi-un-trimaran-neel\/qualite\/\" \/>\n<meta property=\"og:site_name\" content=\"NEEL-TRIMARANS\" \/>\n<meta property=\"article:publisher\" content=\"https:\/\/www.facebook.com\/neeltrimarans\/\" \/>\n<meta property=\"article:modified_time\" content=\"2020-06-24T15:23:30+00:00\" \/>\n<meta property=\"og:image\" content=\"https:\/\/www.neel-trimarans.com\/wp-content\/uploads\/2020\/02\/qualite-3.jpg\" \/>\n\t<meta property=\"og:image:width\" content=\"1200\" \/>\n\t<meta property=\"og:image:height\" content=\"800\" \/>\n\t<meta property=\"og:image:type\" content=\"image\/jpeg\" \/>\n<meta name=\"twitter:card\" content=\"summary_large_image\" \/>\n<meta name=\"twitter:site\" content=\"@neeltrimarans\" \/>\n<script type=\"application\/ld+json\" class=\"yoast-schema-graph\">{\"@context\":\"https:\\\/\\\/schema.org\",\"@graph\":[{\"@type\":\"WebPage\",\"@id\":\"https:\\\/\\\/www.neel-trimarans.com\\\/fr\\\/pourquoi-un-trimaran-neel\\\/qualite\\\/\",\"url\":\"https:\\\/\\\/www.neel-trimarans.com\\\/fr\\\/pourquoi-un-trimaran-neel\\\/qualite\\\/\",\"name\":\"Qualit\u00e9 | NEEL-TRIMARANS\",\"isPartOf\":{\"@id\":\"https:\\\/\\\/www.neel-trimarans.com\\\/#website\"},\"primaryImageOfPage\":{\"@id\":\"https:\\\/\\\/www.neel-trimarans.com\\\/fr\\\/pourquoi-un-trimaran-neel\\\/qualite\\\/#primaryimage\"},\"image\":{\"@id\":\"https:\\\/\\\/www.neel-trimarans.com\\\/fr\\\/pourquoi-un-trimaran-neel\\\/qualite\\\/#primaryimage\"},\"thumbnailUrl\":\"https:\\\/\\\/www.neel-trimarans.com\\\/wp-content\\\/uploads\\\/2020\\\/02\\\/qualite-3.jpg\",\"datePublished\":\"2017-08-21T12:38:47+00:00\",\"dateModified\":\"2020-06-24T15:23:30+00:00\",\"description\":\"La qualit\u00e9 est un crit\u00e8re primordial dans la construction des trimarans NEEL. D\u00e9couvrez le process en int\u00e9gralit\u00e9 en vid\u00e9o.\",\"breadcrumb\":{\"@id\":\"https:\\\/\\\/www.neel-trimarans.com\\\/fr\\\/pourquoi-un-trimaran-neel\\\/qualite\\\/#breadcrumb\"},\"inLanguage\":\"fr-FR\",\"potentialAction\":[{\"@type\":\"ReadAction\",\"target\":[\"https:\\\/\\\/www.neel-trimarans.com\\\/fr\\\/pourquoi-un-trimaran-neel\\\/qualite\\\/\"]}]},{\"@type\":\"ImageObject\",\"inLanguage\":\"fr-FR\",\"@id\":\"https:\\\/\\\/www.neel-trimarans.com\\\/fr\\\/pourquoi-un-trimaran-neel\\\/qualite\\\/#primaryimage\",\"url\":\"https:\\\/\\\/www.neel-trimarans.com\\\/wp-content\\\/uploads\\\/2020\\\/02\\\/qualite-3.jpg\",\"contentUrl\":\"https:\\\/\\\/www.neel-trimarans.com\\\/wp-content\\\/uploads\\\/2020\\\/02\\\/qualite-3.jpg\",\"width\":1200,\"height\":800,\"caption\":\"Qualit\u00e9 int\u00e9rieure NEEL 51\"},{\"@type\":\"BreadcrumbList\",\"@id\":\"https:\\\/\\\/www.neel-trimarans.com\\\/fr\\\/pourquoi-un-trimaran-neel\\\/qualite\\\/#breadcrumb\",\"itemListElement\":[{\"@type\":\"ListItem\",\"position\":1,\"name\":\"Home\",\"item\":\"https:\\\/\\\/www.neel-trimarans.com\\\/fr\\\/\"},{\"@type\":\"ListItem\",\"position\":2,\"name\":\"Pourquoi un trimaran NEEL\",\"item\":\"https:\\\/\\\/www.neel-trimarans.com\\\/fr\\\/pourquoi-un-trimaran-neel\\\/\"},{\"@type\":\"ListItem\",\"position\":3,\"name\":\"Qualit\u00e9\"}]},{\"@type\":\"WebSite\",\"@id\":\"https:\\\/\\\/www.neel-trimarans.com\\\/#website\",\"url\":\"https:\\\/\\\/www.neel-trimarans.com\\\/\",\"name\":\"NEEL-TRIMARANS\",\"description\":\"Just makes sense\",\"publisher\":{\"@id\":\"https:\\\/\\\/www.neel-trimarans.com\\\/#organization\"},\"potentialAction\":[{\"@type\":\"SearchAction\",\"target\":{\"@type\":\"EntryPoint\",\"urlTemplate\":\"https:\\\/\\\/www.neel-trimarans.com\\\/?s={search_term_string}\"},\"query-input\":{\"@type\":\"PropertyValueSpecification\",\"valueRequired\":true,\"valueName\":\"search_term_string\"}}],\"inLanguage\":\"fr-FR\"},{\"@type\":\"Organization\",\"@id\":\"https:\\\/\\\/www.neel-trimarans.com\\\/#organization\",\"name\":\"NEEL-TRIMARANS\",\"url\":\"https:\\\/\\\/www.neel-trimarans.com\\\/\",\"logo\":{\"@type\":\"ImageObject\",\"inLanguage\":\"fr-FR\",\"@id\":\"https:\\\/\\\/www.neel-trimarans.com\\\/#\\\/schema\\\/logo\\\/image\\\/\",\"url\":\"\",\"contentUrl\":\"\",\"caption\":\"NEEL-TRIMARANS\"},\"image\":{\"@id\":\"https:\\\/\\\/www.neel-trimarans.com\\\/#\\\/schema\\\/logo\\\/image\\\/\"},\"sameAs\":[\"https:\\\/\\\/www.facebook.com\\\/neeltrimarans\\\/\",\"https:\\\/\\\/x.com\\\/neeltrimarans\",\"https:\\\/\\\/www.instagram.com\\\/neeltrimarans_official\\\/\",\"https:\\\/\\\/www.youtube.com\\\/channel\\\/UCAFnRZZiNuug-k9TNDH_sEw\"]}]}<\/script>\n<!-- \/ Yoast SEO plugin. -->","yoast_head_json":{"title":"Qualit\u00e9 | NEEL-TRIMARANS","description":"La qualit\u00e9 est un crit\u00e8re primordial dans la construction des trimarans NEEL. D\u00e9couvrez le process en int\u00e9gralit\u00e9 en vid\u00e9o.","robots":{"index":"index","follow":"follow","max-snippet":"max-snippet:-1","max-image-preview":"max-image-preview:large","max-video-preview":"max-video-preview:-1"},"canonical":"https:\/\/www.neel-trimarans.com\/fr\/pourquoi-un-trimaran-neel\/qualite\/","og_locale":"fr_FR","og_type":"article","og_title":"Qualit\u00e9 | NEEL-TRIMARANS","og_description":"La qualit\u00e9 est un crit\u00e8re primordial dans la construction des trimarans NEEL. D\u00e9couvrez le process en int\u00e9gralit\u00e9 en vid\u00e9o.","og_url":"https:\/\/www.neel-trimarans.com\/fr\/pourquoi-un-trimaran-neel\/qualite\/","og_site_name":"NEEL-TRIMARANS","article_publisher":"https:\/\/www.facebook.com\/neeltrimarans\/","article_modified_time":"2020-06-24T15:23:30+00:00","og_image":[{"width":1200,"height":800,"url":"https:\/\/www.neel-trimarans.com\/wp-content\/uploads\/2020\/02\/qualite-3.jpg","type":"image\/jpeg"}],"twitter_card":"summary_large_image","twitter_site":"@neeltrimarans","schema":{"@context":"https:\/\/schema.org","@graph":[{"@type":"WebPage","@id":"https:\/\/www.neel-trimarans.com\/fr\/pourquoi-un-trimaran-neel\/qualite\/","url":"https:\/\/www.neel-trimarans.com\/fr\/pourquoi-un-trimaran-neel\/qualite\/","name":"Qualit\u00e9 | NEEL-TRIMARANS","isPartOf":{"@id":"https:\/\/www.neel-trimarans.com\/#website"},"primaryImageOfPage":{"@id":"https:\/\/www.neel-trimarans.com\/fr\/pourquoi-un-trimaran-neel\/qualite\/#primaryimage"},"image":{"@id":"https:\/\/www.neel-trimarans.com\/fr\/pourquoi-un-trimaran-neel\/qualite\/#primaryimage"},"thumbnailUrl":"https:\/\/www.neel-trimarans.com\/wp-content\/uploads\/2020\/02\/qualite-3.jpg","datePublished":"2017-08-21T12:38:47+00:00","dateModified":"2020-06-24T15:23:30+00:00","description":"La qualit\u00e9 est un crit\u00e8re primordial dans la construction des trimarans NEEL. D\u00e9couvrez le process en int\u00e9gralit\u00e9 en vid\u00e9o.","breadcrumb":{"@id":"https:\/\/www.neel-trimarans.com\/fr\/pourquoi-un-trimaran-neel\/qualite\/#breadcrumb"},"inLanguage":"fr-FR","potentialAction":[{"@type":"ReadAction","target":["https:\/\/www.neel-trimarans.com\/fr\/pourquoi-un-trimaran-neel\/qualite\/"]}]},{"@type":"ImageObject","inLanguage":"fr-FR","@id":"https:\/\/www.neel-trimarans.com\/fr\/pourquoi-un-trimaran-neel\/qualite\/#primaryimage","url":"https:\/\/www.neel-trimarans.com\/wp-content\/uploads\/2020\/02\/qualite-3.jpg","contentUrl":"https:\/\/www.neel-trimarans.com\/wp-content\/uploads\/2020\/02\/qualite-3.jpg","width":1200,"height":800,"caption":"Qualit\u00e9 int\u00e9rieure NEEL 51"},{"@type":"BreadcrumbList","@id":"https:\/\/www.neel-trimarans.com\/fr\/pourquoi-un-trimaran-neel\/qualite\/#breadcrumb","itemListElement":[{"@type":"ListItem","position":1,"name":"Home","item":"https:\/\/www.neel-trimarans.com\/fr\/"},{"@type":"ListItem","position":2,"name":"Pourquoi un trimaran NEEL","item":"https:\/\/www.neel-trimarans.com\/fr\/pourquoi-un-trimaran-neel\/"},{"@type":"ListItem","position":3,"name":"Qualit\u00e9"}]},{"@type":"WebSite","@id":"https:\/\/www.neel-trimarans.com\/#website","url":"https:\/\/www.neel-trimarans.com\/","name":"NEEL-TRIMARANS","description":"Just makes sense","publisher":{"@id":"https:\/\/www.neel-trimarans.com\/#organization"},"potentialAction":[{"@type":"SearchAction","target":{"@type":"EntryPoint","urlTemplate":"https:\/\/www.neel-trimarans.com\/?s={search_term_string}"},"query-input":{"@type":"PropertyValueSpecification","valueRequired":true,"valueName":"search_term_string"}}],"inLanguage":"fr-FR"},{"@type":"Organization","@id":"https:\/\/www.neel-trimarans.com\/#organization","name":"NEEL-TRIMARANS","url":"https:\/\/www.neel-trimarans.com\/","logo":{"@type":"ImageObject","inLanguage":"fr-FR","@id":"https:\/\/www.neel-trimarans.com\/#\/schema\/logo\/image\/","url":"","contentUrl":"","caption":"NEEL-TRIMARANS"},"image":{"@id":"https:\/\/www.neel-trimarans.com\/#\/schema\/logo\/image\/"},"sameAs":["https:\/\/www.facebook.com\/neeltrimarans\/","https:\/\/x.com\/neeltrimarans","https:\/\/www.instagram.com\/neeltrimarans_official\/","https:\/\/www.youtube.com\/channel\/UCAFnRZZiNuug-k9TNDH_sEw"]}]}},"_links":{"self":[{"href":"https:\/\/www.neel-trimarans.com\/fr\/wp-json\/wp\/v2\/pages\/8238","targetHints":{"allow":["GET"]}}],"collection":[{"href":"https:\/\/www.neel-trimarans.com\/fr\/wp-json\/wp\/v2\/pages"}],"about":[{"href":"https:\/\/www.neel-trimarans.com\/fr\/wp-json\/wp\/v2\/types\/page"}],"author":[{"embeddable":true,"href":"https:\/\/www.neel-trimarans.com\/fr\/wp-json\/wp\/v2\/users\/1"}],"replies":[{"embeddable":true,"href":"https:\/\/www.neel-trimarans.com\/fr\/wp-json\/wp\/v2\/comments?post=8238"}],"version-history":[{"count":9,"href":"https:\/\/www.neel-trimarans.com\/fr\/wp-json\/wp\/v2\/pages\/8238\/revisions"}],"predecessor-version":[{"id":14240,"href":"https:\/\/www.neel-trimarans.com\/fr\/wp-json\/wp\/v2\/pages\/8238\/revisions\/14240"}],"up":[{"embeddable":true,"href":"https:\/\/www.neel-trimarans.com\/fr\/wp-json\/wp\/v2\/pages\/8236"}],"wp:featuredmedia":[{"embeddable":true,"href":"https:\/\/www.neel-trimarans.com\/fr\/wp-json\/wp\/v2\/media\/11737"}],"wp:attachment":[{"href":"https:\/\/www.neel-trimarans.com\/fr\/wp-json\/wp\/v2\/media?parent=8238"}],"curies":[{"name":"wp","href":"https:\/\/api.w.org\/{rel}","templated":true}]}}